{"id":9160,"date":"2017-06-26T15:20:26","date_gmt":"2017-06-26T14:20:26","guid":{"rendered":"http:\/\/wordpress.educom.pt\/TIC-Portugal-17\/?page_id=9160"},"modified":"2017-06-26T15:21:01","modified_gmt":"2017-06-26T14:21:01","slug":"ebooks","status":"publish","type":"page","link":"https:\/\/wordpress.educom.pt\/TIC-Portugal-17\/ebooks\/","title":{"rendered":""},"content":{"rendered":"<p style=\"text-align: center;\"><strong>eBooks interativos: Edi\u00e7\u00e3o e publica\u00e7\u00e3o<\/strong><\/p>\n<p style=\"text-align: center;\">Lu\u00eds Valente<\/p>\n<p style=\"text-align: center;\">valente@ie.uminho.pt<\/p>\n<p style=\"text-align: center;\">CCTIC-IE U. Minho<\/p>\n<p><strong>\u00a0<\/strong><\/p>\n<p style=\"text-align: justify;\">A utiliza\u00e7\u00e3o de livros digitais ou eletr\u00f3nicos, ou eBooks, \u00e9 ainda praticamente uma miragem no quotidiano escolar. Contudo, estes recursos apresentam enormes mais-valias para a educa\u00e7\u00e3o, aprendizagem, ensino e forma\u00e7\u00e3o, que podem ser facilmente aproveitadas. A integra\u00e7\u00e3o de elementos multim\u00e9dia n\u00e3o \u00e9 novidade, ainda que seja reduzida, mas o horizonte do futuro pr\u00f3ximo abre portas a muitas outras possibilidades de intera\u00e7\u00e3o. \u00c9 esse aspeto desafiador e rico que iremos abordar neste workshop, procurando fugir das amarras que o Portable Document Format (PDF) tem atado, principalmente a quem n\u00e3o se atreve a utilizar editores nativos. A possibilidade que os formatos mais recentes de publica\u00e7\u00e3o eletr\u00f3nica, nomeadamente o ePUB, nos colocam \u00e0 disposi\u00e7\u00e3o, est\u00e3o j\u00e1 a ser exploradas por novas plataformas editoriais, poderosas e amig\u00e1veis.<\/p>\n<p><strong>\u00a0<\/strong><\/p>\n<p>Objetivos gerais:<\/p>\n<p>&#8211; Reconhecer a import\u00e2ncia e potencialidades dos ebooks;<\/p>\n<p>&#8211; Criar um ebook interativo b\u00e1sico com ferramentas gratuitas ou acess\u00edveis;<\/p>\n<p>&#8211; Distribuir um ebook: formatos e plataformas<\/p>\n<p>&nbsp;<\/p>\n<p style=\"text-align: justify;\">Materiais: Computador com capacidade para processar v\u00eddeo, imagem e \u00e1udio (preferencialmente Laptop ou Tablet avan\u00e7ado (Windows ou Mac), disco flash (USB, SD ou similar)<\/p>\n<p>Destinat\u00e1rios: Docentes de todos os n\u00edveis de ensino<\/p>\n","protected":false},"excerpt":{"rendered":"<p>eBooks interativos: Edi\u00e7\u00e3o e publica\u00e7\u00e3o Lu\u00eds Valente valente@ie.uminho.pt CCTIC-IE U. Minho \u00a0 A utiliza\u00e7\u00e3o de livros digitais ou eletr\u00f3nicos, ou eBooks, \u00e9 ainda praticamente uma miragem no quotidiano escolar. Contudo, estes recursos apresentam enormes mais-valias para a educa\u00e7\u00e3o, aprendizagem, ensino e forma\u00e7\u00e3o, que podem ser facilmente aproveitadas. A integra\u00e7\u00e3o de elementos multim\u00e9dia n\u00e3o \u00e9 novidade, &hellip; <a href=\"https:\/\/wordpress.educom.pt\/TIC-Portugal-17\/ebooks\/\" class=\"more-link\">Continuar a ler <span class=\"screen-reader-text\"><\/span> <span class=\"meta-nav\">&rarr;<\/span><\/a><\/p>\n","protected":false},"author":9,"featured_media":0,"parent":0,"menu_order":0,"comment_status":"closed","ping_status":"closed","template":"","meta":[],"_links":{"self":[{"href":"https:\/\/wordpress.educom.pt\/TIC-Portugal-17\/wp-json\/wp\/v2\/pages\/9160"}],"collection":[{"href":"https:\/\/wordpress.educom.pt\/TIC-Portugal-17\/wp-json\/wp\/v2\/pages"}],"about":[{"href":"https:\/\/wordpress.educom.pt\/TIC-Portugal-17\/wp-json\/wp\/v2\/types\/page"}],"author":[{"embeddable":true,"href":"https:\/\/wordpress.educom.pt\/TIC-Portugal-17\/wp-json\/wp\/v2\/users\/9"}],"replies":[{"embeddable":true,"href":"https:\/\/wordpress.educom.pt\/TIC-Portugal-17\/wp-json\/wp\/v2\/comments?post=9160"}],"version-history":[{"count":2,"href":"https:\/\/wordpress.educom.pt\/TIC-Portugal-17\/wp-json\/wp\/v2\/pages\/9160\/revisions"}],"predecessor-version":[{"id":9163,"href":"https:\/\/wordpress.educom.pt\/TIC-Portugal-17\/wp-json\/wp\/v2\/pages\/9160\/revisions\/9163"}],"wp:attachment":[{"href":"https:\/\/wordpress.educom.pt\/TIC-Portugal-17\/wp-json\/wp\/v2\/media?parent=9160"}],"curies":[{"name":"wp","href":"https:\/\/api.w.org\/{rel}","templated":true}]}}