{"id":9175,"date":"2017-06-28T10:07:18","date_gmt":"2017-06-28T09:07:18","guid":{"rendered":"http:\/\/wordpress.educom.pt\/TIC-Portugal-17\/?page_id=9175"},"modified":"2017-06-28T10:07:25","modified_gmt":"2017-06-28T09:07:25","slug":"robotica","status":"publish","type":"page","link":"https:\/\/wordpress.educom.pt\/TIC-Portugal-17\/robotica\/","title":{"rendered":""},"content":{"rendered":"<p style=\"text-align: center;\"><strong>Rob\u00f3tica na sala de aula<\/strong><\/p>\n<p style=\"text-align: center;\">Paulo Torcato<\/p>\n<p style=\"text-align: center;\"><a href=\"mailto:paulo.torcato@gmail.com\">paulo.torcato@gmail.com<\/a><\/p>\n<p style=\"text-align: center;\">Raul Silv\u00e9rio Coutinho<\/p>\n<p style=\"text-align: center;\">Agrupamento de Escolas de Portela e Moscavide<\/p>\n<p>&nbsp;<\/p>\n<p style=\"text-align: justify;\">A utiliza\u00e7\u00e3o de rob\u00f4s, como material pedag\u00f3gico, tem como objetivo aproveitar a curiosidade dos alunos dirigindo-a para a descoberta e apreens\u00e3o de conceitos nas \u00e1reas da F\u00edsica, Matem\u00e1tica e Inform\u00e1tica. A programa\u00e7\u00e3o e apresenta\u00e7\u00e3o de atividades experimentais, por alunos e para alunos, estimula os intervenientes e promove o gosto pela Ci\u00eancia e a autoaprendizagem.<\/p>\n<p style=\"text-align: justify;\">Recorrendo a Rob\u00f4s (neste caso, Lego EV3) pretende-se construir e programar prot\u00f3tipos para problemas tipo.<\/p>\n<p>&nbsp;<\/p>\n<p><strong>N\u00famero m\u00e1ximo de participantes<\/strong>: 12<\/p>\n<p><strong>Informa\u00e7\u00e3o aos formandos<\/strong>: computador pessoal com software\u00a0<span style=\"text-decoration: underline;\"><a href=\"http:\/\/www.lego.com\/en-us\/mindstorms\/downloads\/software\/ddsoftwaredownload\/download-software\/\">Lego<\/a> <\/span>instalado.<\/p>\n","protected":false},"excerpt":{"rendered":"<p>Rob\u00f3tica na sala de aula Paulo Torcato paulo.torcato@gmail.com Raul Silv\u00e9rio Coutinho Agrupamento de Escolas de Portela e Moscavide &nbsp; A utiliza\u00e7\u00e3o de rob\u00f4s, como material pedag\u00f3gico, tem como objetivo aproveitar a curiosidade dos alunos dirigindo-a para a descoberta e apreens\u00e3o de conceitos nas \u00e1reas da F\u00edsica, Matem\u00e1tica e Inform\u00e1tica. A programa\u00e7\u00e3o e apresenta\u00e7\u00e3o de atividades &hellip; <a href=\"https:\/\/wordpress.educom.pt\/TIC-Portugal-17\/robotica\/\" class=\"more-link\">Continuar a ler <span class=\"screen-reader-text\"><\/span> <span class=\"meta-nav\">&rarr;<\/span><\/a><\/p>\n","protected":false},"author":9,"featured_media":0,"parent":0,"menu_order":0,"comment_status":"closed","ping_status":"closed","template":"","meta":[],"_links":{"self":[{"href":"https:\/\/wordpress.educom.pt\/TIC-Portugal-17\/wp-json\/wp\/v2\/pages\/9175"}],"collection":[{"href":"https:\/\/wordpress.educom.pt\/TIC-Portugal-17\/wp-json\/wp\/v2\/pages"}],"about":[{"href":"https:\/\/wordpress.educom.pt\/TIC-Portugal-17\/wp-json\/wp\/v2\/types\/page"}],"author":[{"embeddable":true,"href":"https:\/\/wordpress.educom.pt\/TIC-Portugal-17\/wp-json\/wp\/v2\/users\/9"}],"replies":[{"embeddable":true,"href":"https:\/\/wordpress.educom.pt\/TIC-Portugal-17\/wp-json\/wp\/v2\/comments?post=9175"}],"version-history":[{"count":2,"href":"https:\/\/wordpress.educom.pt\/TIC-Portugal-17\/wp-json\/wp\/v2\/pages\/9175\/revisions"}],"predecessor-version":[{"id":9177,"href":"https:\/\/wordpress.educom.pt\/TIC-Portugal-17\/wp-json\/wp\/v2\/pages\/9175\/revisions\/9177"}],"wp:attachment":[{"href":"https:\/\/wordpress.educom.pt\/TIC-Portugal-17\/wp-json\/wp\/v2\/media?parent=9175"}],"curies":[{"name":"wp","href":"https:\/\/api.w.org\/{rel}","templated":true}]}}