{"id":9186,"date":"2017-06-28T10:59:39","date_gmt":"2017-06-28T09:59:39","guid":{"rendered":"http:\/\/wordpress.educom.pt\/TIC-Portugal-17\/?page_id=9186"},"modified":"2017-06-28T10:59:58","modified_gmt":"2017-06-28T09:59:58","slug":"vamos-explorar","status":"publish","type":"page","link":"https:\/\/wordpress.educom.pt\/TIC-Portugal-17\/vamos-explorar\/","title":{"rendered":""},"content":{"rendered":"<p style=\"text-align: center;\"><strong>Vamos explorar um ecossistema perto de n\u00f3s: \u201cA NOSSA ZONA RIBEIRINHA\u2026\u201d<\/strong><\/p>\n<p style=\"text-align: center;\">Helena Coimbra (Pr\u00e9-escolar), J\u00falia Alves (1\u00baCiclo) e Ana Antunes (2\u00baCiclo)<\/p>\n<p style=\"text-align: center;\">mhcoimbra@aepsi.pt; jcalves@aepsi.pt; asantunes@aepsi.pt<\/p>\n<p style=\"text-align: center;\">Agrupamento de Escolas da P\u00f3voa de Santa Iria<\/p>\n<p style=\"text-align: center;\">(Escola EB1\/JI P\u00f3voa de Santa Iria Norte e Escola B\u00e1sica Aristides de Sousa Mendes)<\/p>\n<p>&nbsp;<\/p>\n<p>Para \u201cO Encontro de Professores e de Educadores TIC@Portugal\u201917\u201d pretendemos divulgar alguns dos aspetos positivos da implementa\u00e7\u00e3o do projeto no nosso Agrupamento:<\/p>\n<ul>\n<li>Exemplos de atividades;<\/li>\n<li>Interdisciplinaridade;<\/li>\n<li>Articula\u00e7\u00e3o entre ciclos \u2013 trabalho colaborativo;<\/li>\n<li>Utiliza\u00e7\u00e3o das TIC;<\/li>\n<li>Divulga\u00e7\u00e3o \u00e0 comunidade educativa.<\/li>\n<\/ul>\n<p>A apresenta\u00e7\u00e3o ser\u00e1 feita atrav\u00e9s de um Powerpoint que foca os aspetos anteriormente mencionados e 2 v\u00eddeos ( 1 trailer e 1 com a autoavalia\u00e7\u00e3o dos alunos).<\/p>\n<p>&nbsp;<\/p>\n","protected":false},"excerpt":{"rendered":"<p>Vamos explorar um ecossistema perto de n\u00f3s: \u201cA NOSSA ZONA RIBEIRINHA\u2026\u201d Helena Coimbra (Pr\u00e9-escolar), J\u00falia Alves (1\u00baCiclo) e Ana Antunes (2\u00baCiclo) mhcoimbra@aepsi.pt; jcalves@aepsi.pt; asantunes@aepsi.pt Agrupamento de Escolas da P\u00f3voa de Santa Iria (Escola EB1\/JI P\u00f3voa de Santa Iria Norte e Escola B\u00e1sica Aristides de Sousa Mendes) &nbsp; Para \u201cO Encontro de Professores e de Educadores &hellip; <a href=\"https:\/\/wordpress.educom.pt\/TIC-Portugal-17\/vamos-explorar\/\" class=\"more-link\">Continuar a ler <span class=\"screen-reader-text\"><\/span> <span class=\"meta-nav\">&rarr;<\/span><\/a><\/p>\n","protected":false},"author":9,"featured_media":0,"parent":0,"menu_order":0,"comment_status":"closed","ping_status":"closed","template":"","meta":[],"_links":{"self":[{"href":"https:\/\/wordpress.educom.pt\/TIC-Portugal-17\/wp-json\/wp\/v2\/pages\/9186"}],"collection":[{"href":"https:\/\/wordpress.educom.pt\/TIC-Portugal-17\/wp-json\/wp\/v2\/pages"}],"about":[{"href":"https:\/\/wordpress.educom.pt\/TIC-Portugal-17\/wp-json\/wp\/v2\/types\/page"}],"author":[{"embeddable":true,"href":"https:\/\/wordpress.educom.pt\/TIC-Portugal-17\/wp-json\/wp\/v2\/users\/9"}],"replies":[{"embeddable":true,"href":"https:\/\/wordpress.educom.pt\/TIC-Portugal-17\/wp-json\/wp\/v2\/comments?post=9186"}],"version-history":[{"count":2,"href":"https:\/\/wordpress.educom.pt\/TIC-Portugal-17\/wp-json\/wp\/v2\/pages\/9186\/revisions"}],"predecessor-version":[{"id":9188,"href":"https:\/\/wordpress.educom.pt\/TIC-Portugal-17\/wp-json\/wp\/v2\/pages\/9186\/revisions\/9188"}],"wp:attachment":[{"href":"https:\/\/wordpress.educom.pt\/TIC-Portugal-17\/wp-json\/wp\/v2\/media?parent=9186"}],"curies":[{"name":"wp","href":"https:\/\/api.w.org\/{rel}","templated":true}]}}