{"id":9202,"date":"2017-06-28T11:26:09","date_gmt":"2017-06-28T10:26:09","guid":{"rendered":"http:\/\/wordpress.educom.pt\/TIC-Portugal-17\/?page_id=9202"},"modified":"2017-06-28T11:29:48","modified_gmt":"2017-06-28T10:29:48","slug":"a-distancia-de-um-charco","status":"publish","type":"page","link":"https:\/\/wordpress.educom.pt\/TIC-Portugal-17\/a-distancia-de-um-charco\/","title":{"rendered":""},"content":{"rendered":"<p style=\"text-align: center;\"><strong>\u00c0 dist\u00e2ncia de um charco<\/strong><\/p>\n<p style=\"text-align: center;\"><strong>\u00a0<\/strong><\/p>\n<p style=\"text-align: center;\">F\u00e1tima Patr\u00edcio, Hor\u00e1cio Neri, Alexandra Belchior e Ana Martins<\/p>\n<p style=\"text-align: center;\">mfcpatricio@gmail.com; horacioneri@gmail.com;<br \/>\nalexandra.mm.belchior@gmail.com; anacuba@hotmail.com<\/p>\n<p style=\"text-align: center;\">Agrupamento de Escolas Carlos Gargat\u00e9<\/p>\n<p>&nbsp;<\/p>\n<p style=\"text-align: justify;\">No \u00e2mbito do Projeto Teachers try Science, com o objetivo de estudar um ecossistema, trabalh\u00e1mos em equipa e em articula\u00e7\u00e3o vertical.<\/p>\n<p style=\"text-align: justify;\">O ecossistema trabalhado foi o charco existente na parte exterior do recinto escolar da Escola B\u00e1sica Louro Artur, a qual faz parte do Agrupamento de Escolas Carlos Gargat\u00e9.<\/p>\n<p style=\"text-align: justify;\">Para o seu estudo foram atribu\u00eddas tarefas aos diferentes intervenientes no projeto:<\/p>\n<p style=\"text-align: justify;\">\u00a0\u00a0\u00a0\u00a0\u00a0\u00a0\u00a0\u00a0\u00a0\u00a0\u00a0 Pr\u00e9-escolar e o 1.\u00ba Ciclo \u2013 recolha de materiais e levantamento fotogr\u00e1fico \u2013 visitas ao local; levantamento de quest\u00f5es sobre o observado e recolhido no local;<\/p>\n<p style=\"text-align: justify;\">\u00a0\u00a0\u00a0\u00a0\u00a0\u00a0\u00a0\u00a0\u00a0\u00a0\u00a0 2.\u00ba Ciclo &#8211; resposta \u00e0s quest\u00f5es (realiza\u00e7\u00e3o de pesquisas, ppt e apresenta\u00e7\u00e3o dos trabalhos ao Pr\u00e9-escolar e ao 1.\u00ba Ciclo).<\/p>\n<p style=\"text-align: justify;\">O recurso \u00e0s tecnologias foi uma constante, desde a recolha de materiais \u00e0 partilha dos trabalhos finais.<\/p>\n","protected":false},"excerpt":{"rendered":"<p>\u00c0 dist\u00e2ncia de um charco \u00a0 F\u00e1tima Patr\u00edcio, Hor\u00e1cio Neri, Alexandra Belchior e Ana Martins mfcpatricio@gmail.com; horacioneri@gmail.com; alexandra.mm.belchior@gmail.com; anacuba@hotmail.com Agrupamento de Escolas Carlos Gargat\u00e9 &nbsp; No \u00e2mbito do Projeto Teachers try Science, com o objetivo de estudar um ecossistema, trabalh\u00e1mos em equipa e em articula\u00e7\u00e3o vertical. O ecossistema trabalhado foi o charco existente na parte &hellip; <a href=\"https:\/\/wordpress.educom.pt\/TIC-Portugal-17\/a-distancia-de-um-charco\/\" class=\"more-link\">Continuar a ler <span class=\"screen-reader-text\"><\/span> <span class=\"meta-nav\">&rarr;<\/span><\/a><\/p>\n","protected":false},"author":9,"featured_media":0,"parent":0,"menu_order":0,"comment_status":"closed","ping_status":"closed","template":"","meta":[],"_links":{"self":[{"href":"https:\/\/wordpress.educom.pt\/TIC-Portugal-17\/wp-json\/wp\/v2\/pages\/9202"}],"collection":[{"href":"https:\/\/wordpress.educom.pt\/TIC-Portugal-17\/wp-json\/wp\/v2\/pages"}],"about":[{"href":"https:\/\/wordpress.educom.pt\/TIC-Portugal-17\/wp-json\/wp\/v2\/types\/page"}],"author":[{"embeddable":true,"href":"https:\/\/wordpress.educom.pt\/TIC-Portugal-17\/wp-json\/wp\/v2\/users\/9"}],"replies":[{"embeddable":true,"href":"https:\/\/wordpress.educom.pt\/TIC-Portugal-17\/wp-json\/wp\/v2\/comments?post=9202"}],"version-history":[{"count":4,"href":"https:\/\/wordpress.educom.pt\/TIC-Portugal-17\/wp-json\/wp\/v2\/pages\/9202\/revisions"}],"predecessor-version":[{"id":9206,"href":"https:\/\/wordpress.educom.pt\/TIC-Portugal-17\/wp-json\/wp\/v2\/pages\/9202\/revisions\/9206"}],"wp:attachment":[{"href":"https:\/\/wordpress.educom.pt\/TIC-Portugal-17\/wp-json\/wp\/v2\/media?parent=9202"}],"curies":[{"name":"wp","href":"https:\/\/api.w.org\/{rel}","templated":true}]}}