{"id":9229,"date":"2017-06-29T15:52:25","date_gmt":"2017-06-29T14:52:25","guid":{"rendered":"http:\/\/wordpress.educom.pt\/TIC-Portugal-17\/?page_id=9229"},"modified":"2017-06-29T15:52:31","modified_gmt":"2017-06-29T14:52:31","slug":"etwinning-treasure-hunt","status":"publish","type":"page","link":"https:\/\/wordpress.educom.pt\/TIC-Portugal-17\/etwinning-treasure-hunt\/","title":{"rendered":""},"content":{"rendered":"<p style=\"text-align: center;\"><strong>eTwinning: \u201cTreasure Hunt! Discover the Math and Geometry that are hidden in the corners of your city!\u201d<\/strong><\/p>\n<p style=\"text-align: center;\">Lina Campos<\/p>\n<p style=\"text-align: center;\">licampos@es-loule.edu.pt<\/p>\n<p style=\"text-align: center;\">Escola Secund\u00e1ria de Loul\u00e9<\/p>\n<p>&nbsp;<\/p>\n<p style=\"text-align: justify;\">Com esta comunica\u00e7\u00e3o pretendo dar a conhecer a experi\u00eancia e as atividades desenvolvidas no \u00e2mbito da participa\u00e7\u00e3o num Projeto eTwinning: \u201cTreasure Hunt! Discover the Math and Geometry that are hidden in the corners of your city!\u201d, com a turma de 10\u00ba ano do Curso Profissional de Design Gr\u00e1fico, da Escola Secund\u00e1ria de Loul\u00e9. Este foi um projeto interdisciplinar coordenado por mim, professora de Matem\u00e1tica da turma.<\/p>\n<p style=\"text-align: justify;\">No desenvolvimento do projeto recriaram-se padr\u00f5es geom\u00e9tricos usando software de geometria e desenho: CorelDraw e Geogebra e realizaram-se muitas outras atividades relacionando a Matem\u00e1tica, a Geometria, a Arte e a Hist\u00f3ria com recurso a ferramentas web 2.0, tais como: Nearpod, Kahoot!, Thinkling, Padlet, Zeemaps, Google Docs, Google Forms, Tricider.<\/p>\n<p style=\"text-align: justify;\">Os alunos das escolas parceiras (Portugal, Gr\u00e9cia e It\u00e1lia) comunicaram atrav\u00e9s do Twinspace e atrav\u00e9s de videoconfer\u00eancias usando as plataformas Adobe Connect e Team Viewer, todos os materiais produzidos e os produtos finais podem ser consultados na p\u00e1gina do Twinspace do Projeto.<\/p>\n<p>&nbsp;<\/p>\n","protected":false},"excerpt":{"rendered":"<p>eTwinning: \u201cTreasure Hunt! Discover the Math and Geometry that are hidden in the corners of your city!\u201d Lina Campos licampos@es-loule.edu.pt Escola Secund\u00e1ria de Loul\u00e9 &nbsp; Com esta comunica\u00e7\u00e3o pretendo dar a conhecer a experi\u00eancia e as atividades desenvolvidas no \u00e2mbito da participa\u00e7\u00e3o num Projeto eTwinning: \u201cTreasure Hunt! Discover the Math and Geometry that are hidden &hellip; <a href=\"https:\/\/wordpress.educom.pt\/TIC-Portugal-17\/etwinning-treasure-hunt\/\" class=\"more-link\">Continuar a ler <span class=\"screen-reader-text\"><\/span> <span class=\"meta-nav\">&rarr;<\/span><\/a><\/p>\n","protected":false},"author":9,"featured_media":0,"parent":0,"menu_order":0,"comment_status":"closed","ping_status":"closed","template":"","meta":[],"_links":{"self":[{"href":"https:\/\/wordpress.educom.pt\/TIC-Portugal-17\/wp-json\/wp\/v2\/pages\/9229"}],"collection":[{"href":"https:\/\/wordpress.educom.pt\/TIC-Portugal-17\/wp-json\/wp\/v2\/pages"}],"about":[{"href":"https:\/\/wordpress.educom.pt\/TIC-Portugal-17\/wp-json\/wp\/v2\/types\/page"}],"author":[{"embeddable":true,"href":"https:\/\/wordpress.educom.pt\/TIC-Portugal-17\/wp-json\/wp\/v2\/users\/9"}],"replies":[{"embeddable":true,"href":"https:\/\/wordpress.educom.pt\/TIC-Portugal-17\/wp-json\/wp\/v2\/comments?post=9229"}],"version-history":[{"count":2,"href":"https:\/\/wordpress.educom.pt\/TIC-Portugal-17\/wp-json\/wp\/v2\/pages\/9229\/revisions"}],"predecessor-version":[{"id":9231,"href":"https:\/\/wordpress.educom.pt\/TIC-Portugal-17\/wp-json\/wp\/v2\/pages\/9229\/revisions\/9231"}],"wp:attachment":[{"href":"https:\/\/wordpress.educom.pt\/TIC-Portugal-17\/wp-json\/wp\/v2\/media?parent=9229"}],"curies":[{"name":"wp","href":"https:\/\/api.w.org\/{rel}","templated":true}]}}