{"id":9276,"date":"2017-06-30T13:20:55","date_gmt":"2017-06-30T12:20:55","guid":{"rendered":"http:\/\/wordpress.educom.pt\/TIC-Portugal-17\/?page_id=9276"},"modified":"2017-06-30T13:21:50","modified_gmt":"2017-06-30T12:21:50","slug":"9276-2","status":"publish","type":"page","link":"https:\/\/wordpress.educom.pt\/TIC-Portugal-17\/9276-2\/","title":{"rendered":""},"content":{"rendered":"<p style=\"text-align: center;\"><strong>Uso de drones no ensino<\/strong><\/p>\n<p style=\"text-align: center;\">Cl\u00e1udia Sofia Barata<\/p>\n<p style=\"text-align: center;\">cscbarata@sapo.pt<\/p>\n<p style=\"text-align: center;\">Agrupamento de Escolas Eduardo Gageiro<\/p>\n<p>&nbsp;<\/p>\n<p style=\"text-align: justify;\">Podemos entender a palavra drone como todo e qualquer tipo de\u00a0aeronave, n\u00e3o tripulada, mas comandada \u00e0 dist\u00e2ncia.<\/p>\n<p style=\"text-align: justify;\">S\u00e3o perfeitamente adequados para apoiar projetos e trabalhos de investiga\u00e7\u00e3o, usando materiais modernos, podem descolar e pousar em \u00e1reas altamente sens\u00edveis, sem danificar o ambiente e operar com sucesso em condi\u00e7\u00f5es de teste, como chuva, neve ou temperaturas extremas.<\/p>\n<p style=\"text-align: justify;\">Este workshop foca-se num dos tipos de drones, os pequenos drones program\u00e1veis que podem ser comandados pelos alunos por interm\u00e9dio de algoritmos desenvolvidos numa sala de aula, de qualquer n\u00edvel de ensino. Num novo e importante passo para a introdu\u00e7\u00e3o de tecnologia no ensino, criam a oportunidade de usar ferramentas simples e acess\u00edveis, n\u00e3o apenas como geradores de entusiasmo, mas tamb\u00e9m para a aprendizagem de conte\u00fados, em atividades de matem\u00e1tica, qu\u00edmica, ingl\u00eas, geografia, geologia, entre outras.<\/p>\n<p style=\"text-align: justify;\">Permitem aprender os conte\u00fados da disciplina de programa\u00e7\u00e3o, com interesse e satisfa\u00e7\u00e3o, estimulando o seu esp\u00edrito cr\u00edtico, esfor\u00e7o e perseveran\u00e7a.<\/p>\n<p style=\"text-align: justify;\"><strong>N\u00famero m\u00e1ximo de participantes<\/strong>: 12<\/p>\n<p><strong>Informa\u00e7\u00e3o aos formandos<\/strong>: Para a realiza\u00e7\u00e3o destes workshops \u00e9 necess\u00e1rio um tablet com a aplica\u00e7\u00e3o Tynker instalada.<\/p>\n","protected":false},"excerpt":{"rendered":"<p>Uso de drones no ensino Cl\u00e1udia Sofia Barata cscbarata@sapo.pt Agrupamento de Escolas Eduardo Gageiro &nbsp; Podemos entender a palavra drone como todo e qualquer tipo de\u00a0aeronave, n\u00e3o tripulada, mas comandada \u00e0 dist\u00e2ncia. S\u00e3o perfeitamente adequados para apoiar projetos e trabalhos de investiga\u00e7\u00e3o, usando materiais modernos, podem descolar e pousar em \u00e1reas altamente sens\u00edveis, sem danificar &hellip; <a href=\"https:\/\/wordpress.educom.pt\/TIC-Portugal-17\/9276-2\/\" class=\"more-link\">Continuar a ler <span class=\"screen-reader-text\"><\/span> <span class=\"meta-nav\">&rarr;<\/span><\/a><\/p>\n","protected":false},"author":9,"featured_media":0,"parent":0,"menu_order":0,"comment_status":"closed","ping_status":"closed","template":"","meta":[],"_links":{"self":[{"href":"https:\/\/wordpress.educom.pt\/TIC-Portugal-17\/wp-json\/wp\/v2\/pages\/9276"}],"collection":[{"href":"https:\/\/wordpress.educom.pt\/TIC-Portugal-17\/wp-json\/wp\/v2\/pages"}],"about":[{"href":"https:\/\/wordpress.educom.pt\/TIC-Portugal-17\/wp-json\/wp\/v2\/types\/page"}],"author":[{"embeddable":true,"href":"https:\/\/wordpress.educom.pt\/TIC-Portugal-17\/wp-json\/wp\/v2\/users\/9"}],"replies":[{"embeddable":true,"href":"https:\/\/wordpress.educom.pt\/TIC-Portugal-17\/wp-json\/wp\/v2\/comments?post=9276"}],"version-history":[{"count":4,"href":"https:\/\/wordpress.educom.pt\/TIC-Portugal-17\/wp-json\/wp\/v2\/pages\/9276\/revisions"}],"predecessor-version":[{"id":9281,"href":"https:\/\/wordpress.educom.pt\/TIC-Portugal-17\/wp-json\/wp\/v2\/pages\/9276\/revisions\/9281"}],"wp:attachment":[{"href":"https:\/\/wordpress.educom.pt\/TIC-Portugal-17\/wp-json\/wp\/v2\/media?parent=9276"}],"curies":[{"name":"wp","href":"https:\/\/api.w.org\/{rel}","templated":true}]}}