{"id":9284,"date":"2017-07-01T08:37:29","date_gmt":"2017-07-01T07:37:29","guid":{"rendered":"http:\/\/wordpress.educom.pt\/TIC-Portugal-17\/?page_id=9284"},"modified":"2017-07-01T08:37:38","modified_gmt":"2017-07-01T07:37:38","slug":"apps-que-mudam-o-mundo","status":"publish","type":"page","link":"https:\/\/wordpress.educom.pt\/TIC-Portugal-17\/apps-que-mudam-o-mundo\/","title":{"rendered":""},"content":{"rendered":"<p style=\"text-align: center;\"><strong>Apps for Good \u2013 Apps que mudam o Mundo <\/strong><\/p>\n<p style=\"text-align: center;\">Equipa de alunos Cook Wizard<\/p>\n<p style=\"text-align: center;\">Equipa de alunos FarmShare<\/p>\n<p style=\"text-align: center;\">Coordenador: Professor Bruno Cardina (bruno.cardina@aenelas.edu.pt )<\/p>\n<p style=\"text-align: center;\">Matilde Buisel \u2013 Gestora do Projeto Apps for Good Portugal (matildebuisel@cdi.org.pt)<\/p>\n<p style=\"text-align: center;\">CDI Portugal<\/p>\n<p><strong>\u00a0<\/strong><\/p>\n<p><strong>Apps que mudam o Mundo<\/strong><\/p>\n<p style=\"text-align: justify;\">O Apps for Good consiste num programa educativo cujo principal objetivo \u00e9 fazer emergir uma nova gera\u00e7\u00e3o de empreendedores que consigam criar solu\u00e7\u00f5es tecnol\u00f3gicas inovadoras para resolver problemas sociais.<\/p>\n<p style=\"text-align: justify;\">O Agrupamento de Escolas de Nelas participou no Apps for Good ao longo destas duas \u00faltimas edi\u00e7\u00f5es, onde duas das suas equipas foram premiadas na categoria \u201cPr\u00e9mio do P\u00fablico\u201d na competi\u00e7\u00e3o regional (16\/17) e nacional (15\/16) Apps for Good. Os alunos, por via online, far\u00e3o uma breve apresenta\u00e7\u00e3o da sua experi\u00eancia ao longo da jornada Apps for Good, falando sobre os objetivos e principais funcionalidades da app que desenvolveram.<\/p>\n<p style=\"text-align: justify;\">Evento Final Pr\u00e9mio do P\u00fablico 2015\/16 \u2013 Cook Wizard<\/p>\n<p style=\"text-align: justify;\">Uma aplica\u00e7\u00e3o que tem como principal objetivo ajudar as pessoas que n\u00e3o sabem o que cozinhar com aquilo que t\u00eam em casa, mais concretamente na dispensa. Um livro de receitas integrado e um leitor de c\u00f3digo de barras para integrar as compras na dispensa virtual, s\u00e3o dois dos \u201cingredientes\u201d chave da app.<\/p>\n<p style=\"text-align: justify;\">Encontro Regional Norte Pr\u00e9mio do P\u00fablico 2016\/17 \u2013 FarmShare<\/p>\n<p style=\"text-align: justify;\">A Farmshare pretende dar resposta aos desperd\u00edcios gerados pelas produ\u00e7\u00f5es agr\u00edcolas. Esta app surge para fazer a ponte de liga\u00e7\u00e3o entre produtor\/ consumidor potenciando o fluxo de compra dos excedentes agr\u00edcolas e a economia local.<\/p>\n","protected":false},"excerpt":{"rendered":"<p>Apps for Good \u2013 Apps que mudam o Mundo Equipa de alunos Cook Wizard Equipa de alunos FarmShare Coordenador: Professor Bruno Cardina (bruno.cardina@aenelas.edu.pt ) Matilde Buisel \u2013 Gestora do Projeto Apps for Good Portugal (matildebuisel@cdi.org.pt) CDI Portugal \u00a0 Apps que mudam o Mundo O Apps for Good consiste num programa educativo cujo principal objetivo \u00e9 &hellip; <a href=\"https:\/\/wordpress.educom.pt\/TIC-Portugal-17\/apps-que-mudam-o-mundo\/\" class=\"more-link\">Continuar a ler <span class=\"screen-reader-text\"><\/span> <span class=\"meta-nav\">&rarr;<\/span><\/a><\/p>\n","protected":false},"author":9,"featured_media":0,"parent":0,"menu_order":0,"comment_status":"closed","ping_status":"closed","template":"","meta":[],"_links":{"self":[{"href":"https:\/\/wordpress.educom.pt\/TIC-Portugal-17\/wp-json\/wp\/v2\/pages\/9284"}],"collection":[{"href":"https:\/\/wordpress.educom.pt\/TIC-Portugal-17\/wp-json\/wp\/v2\/pages"}],"about":[{"href":"https:\/\/wordpress.educom.pt\/TIC-Portugal-17\/wp-json\/wp\/v2\/types\/page"}],"author":[{"embeddable":true,"href":"https:\/\/wordpress.educom.pt\/TIC-Portugal-17\/wp-json\/wp\/v2\/users\/9"}],"replies":[{"embeddable":true,"href":"https:\/\/wordpress.educom.pt\/TIC-Portugal-17\/wp-json\/wp\/v2\/comments?post=9284"}],"version-history":[{"count":2,"href":"https:\/\/wordpress.educom.pt\/TIC-Portugal-17\/wp-json\/wp\/v2\/pages\/9284\/revisions"}],"predecessor-version":[{"id":9286,"href":"https:\/\/wordpress.educom.pt\/TIC-Portugal-17\/wp-json\/wp\/v2\/pages\/9284\/revisions\/9286"}],"wp:attachment":[{"href":"https:\/\/wordpress.educom.pt\/TIC-Portugal-17\/wp-json\/wp\/v2\/media?parent=9284"}],"curies":[{"name":"wp","href":"https:\/\/api.w.org\/{rel}","templated":true}]}}