{"id":10177,"date":"2019-03-22T11:27:51","date_gmt":"2019-03-22T10:27:51","guid":{"rendered":"http:\/\/wordpress.educom.pt\/TIC-Portugal-19\/?page_id=10177"},"modified":"2019-06-27T15:21:27","modified_gmt":"2019-06-27T14:21:27","slug":"apresentacao","status":"publish","type":"page","link":"https:\/\/wordpress.educom.pt\/TIC-Portugal-19\/apresentacao\/","title":{"rendered":"Apresenta\u00e7\u00e3o"},"content":{"rendered":"<p>Ir\u00e1 realizar-se no dia <strong>5 de julho de 2019<\/strong>, numa iniciativa da Associa\u00e7\u00e3o EDUCOM \u2013 APTE (Associa\u00e7\u00e3o Portuguesa de Telem\u00e1tica Educativa), atrav\u00e9s do seu Centro de Compet\u00eancia TIC e do seu Centro de Forma\u00e7\u00e3o de Professores, a edi\u00e7\u00e3o 2019 do Encontro TIC@Portugal &#8211; 7.\u00aa edi\u00e7\u00e3o.<\/p>\n<p>Este evento tem como objetivo refletir sobre as pr\u00e1ticas do uso das TIC na Educa\u00e7\u00e3o. Pretende ouvir os\u00a0<strong>educadores e professores<\/strong>\u00a0que no terreno usam as TIC, atrav\u00e9s da apresenta\u00e7\u00e3o do seu trabalho, e convida\u00a0<strong>especialistas<\/strong>\u00a0a contribu\u00edrem com o que de mais recente se sabe neste dom\u00ednio. \u00c9 uma oportunidade para se divulgar e debater a<strong>\u00a0utiliza\u00e7\u00e3o das TIC nos processos de ensino e de aprendizagem.<\/strong><\/p>\n<p>A exemplo de anos anteriores, tem um car\u00e1cter <strong>nacional e descentralizado<\/strong>, a levar a cabo em colabora\u00e7\u00e3o com diversos <strong><em><a href=\"http:\/\/erte.dge.mec.pt\/centros-de-competencia-tic\" target=\"_blank\" rel=\"noopener noreferrer\">Centros de Compet\u00eancia TIC da ERTE\/Dire\u00e7\u00e3o-Geral da Educa\u00e7\u00e3o do Minist\u00e9rio da Educa\u00e7\u00e3o<\/a> <\/em><\/strong>que integram e complementam, com sess\u00f5es locais e por videoconfer\u00eancia, esta iniciativa da EDUCOM.<\/p>\n<p>Neste contexto, o TIC@Portugal\u201919 possui tanto sess\u00f5es pr\u00f3prias em cada local de realiza\u00e7\u00e3o, como sess\u00f5es partilhadas por videoconfer\u00eancia, em que todos os participantes estar\u00e3o reunidos num vasto \u201caudit\u00f3rio virtual\u201d, na reflex\u00e3o em torno das pr\u00e1ticas com as TIC nas escolas. \u00a0Este ano, intitulado: <b>Ambientes Digitais Potenciadores das Aprendizagens.<\/b><\/p>\n<p>Convidam-se pois todos os professores e educadores a apresentarem publicamente o trabalho que desenvolvem com as TIC nas suas escolas, com especial \u00eanfase para o que envolva situa\u00e7\u00f5es de utiliza\u00e7\u00e3o das tecnologias em contextos de ensino e aprendizagem. Ser\u00e3o tamb\u00e9m acolhidas com muito interesse todas as apresenta\u00e7\u00f5es que relatem investiga\u00e7\u00f5es do uso das TIC em educa\u00e7\u00e3o.<\/p>\n<p>Not\u00edcias no Facebook em<strong>\u00a0<a href=\"https:\/\/www.facebook.com\/educom.apte\" target=\"_blank\" rel=\"noopener noreferrer\"><em>facebook.com\/educom.apte<\/em><\/a><\/strong>\u00a0e no\u00a0Twitter em <em><a href=\"https:\/\/twitter.com\/EDUCOMAPTE\" target=\"_blank\" rel=\"noopener noreferrer\"><strong>twitter.com\/EDUCOMAPTE<\/strong><\/a><\/em><\/p>\n<p>Quaisquer d\u00favidas poder\u00e3o ser esclarecidas atrav\u00e9s de email ou de telefone:<\/p>\n<p><strong>Email:<\/strong>\u00a0<em><a href=\"mailto:tic.portugal@educom.pt\">tic.portugal@educom.pt<\/a><\/em><\/p>\n<p><strong>Tlm:<\/strong> 96 73 01 886 (David Costa); 96 50 28 719 (V\u00edtor Godinho Lopes)<\/p>\n<p>&nbsp;<\/p>\n<p><strong>Forma\u00e7\u00e3o Creditada de Curta Dura\u00e7\u00e3o<\/strong><\/p>\n<p style=\"padding-left: 30px;\">O TIC@Portugal\u201919 est\u00e1 acreditado na modalidade a\u00e7\u00e3o de curta dura\u00e7\u00e3o (ACD) num total de 6h, para Monte de Caparica e Faro, com emiss\u00e3o de certificado pelo Centro de Forma\u00e7\u00e3o Educom.<\/p>\n","protected":false},"excerpt":{"rendered":"<p>Ir\u00e1 realizar-se no dia 5 de julho de 2019, numa iniciativa da Associa\u00e7\u00e3o EDUCOM \u2013 APTE (Associa\u00e7\u00e3o Portuguesa de Telem\u00e1tica Educativa), atrav\u00e9s do seu Centro&hellip;<\/p>\n","protected":false},"author":9,"featured_media":0,"parent":0,"menu_order":0,"comment_status":"closed","ping_status":"closed","template":"","meta":[],"_links":{"self":[{"href":"https:\/\/wordpress.educom.pt\/TIC-Portugal-19\/wp-json\/wp\/v2\/pages\/10177"}],"collection":[{"href":"https:\/\/wordpress.educom.pt\/TIC-Portugal-19\/wp-json\/wp\/v2\/pages"}],"about":[{"href":"https:\/\/wordpress.educom.pt\/TIC-Portugal-19\/wp-json\/wp\/v2\/types\/page"}],"author":[{"embeddable":true,"href":"https:\/\/wordpress.educom.pt\/TIC-Portugal-19\/wp-json\/wp\/v2\/users\/9"}],"replies":[{"embeddable":true,"href":"https:\/\/wordpress.educom.pt\/TIC-Portugal-19\/wp-json\/wp\/v2\/comments?post=10177"}],"version-history":[{"count":8,"href":"https:\/\/wordpress.educom.pt\/TIC-Portugal-19\/wp-json\/wp\/v2\/pages\/10177\/revisions"}],"predecessor-version":[{"id":10772,"href":"https:\/\/wordpress.educom.pt\/TIC-Portugal-19\/wp-json\/wp\/v2\/pages\/10177\/revisions\/10772"}],"wp:attachment":[{"href":"https:\/\/wordpress.educom.pt\/TIC-Portugal-19\/wp-json\/wp\/v2\/media?parent=10177"}],"curies":[{"name":"wp","href":"https:\/\/api.w.org\/{rel}","templated":true}]}}