{"id":10187,"date":"2019-03-22T13:51:33","date_gmt":"2019-03-22T12:51:33","guid":{"rendered":"http:\/\/wordpress.educom.pt\/TIC-Portugal-19\/?page_id=10187"},"modified":"2019-06-26T09:51:05","modified_gmt":"2019-06-26T08:51:05","slug":"submeter-uma-comunicacao","status":"publish","type":"page","link":"https:\/\/wordpress.educom.pt\/TIC-Portugal-19\/submeter-uma-comunicacao\/","title":{"rendered":"Submeter uma comunica\u00e7\u00e3o"},"content":{"rendered":"<p>Desde a primeira edi\u00e7\u00e3o, a identidade do encontro tem sido centrada na apresenta\u00e7\u00e3o e reflex\u00e3o em torno de <strong>Pr\u00e1ticas com as TIC em Educa\u00e7\u00e3o<\/strong>.<\/p>\n<p>Para apresentar uma Boa Pr\u00e1tica dever\u00e1 apresentar um resumo com um <strong>m\u00e1ximo de 1500 caracteres<\/strong>\u00a0no formul\u00e1rio abaixo.<\/p>\n<p>A proposta de apresenta\u00e7\u00e3o de uma boa pr\u00e1tica dever\u00e1 conter uma descri\u00e7\u00e3o do <strong>processo desenvolvido<\/strong> e, caso existam, dos <strong>produtos obtidos<\/strong>.<\/p>\n<p>A apresenta\u00e7\u00e3o da comunica\u00e7\u00e3o ter\u00e1 uma <strong>dura\u00e7\u00e3o m\u00e1xima de 20 minutos<\/strong> e poder\u00e1 ser acompanhada de proje\u00e7\u00e3o de diapositivos ou mostra de produtos resultantes do trabalho desenvolvido. Poder\u00e1 utilizar o modelo do evento dispon\u00edvel para download: <u><a href=\"https:\/\/wordpress.educom.pt\/TIC-Portugal-19\/wp-content\/uploads\/2019\/06\/modelo-de-diapositivos_TIC@PT19.pptx\" target=\"_blank\" rel=\"noopener noreferrer\"><strong>modelo-de-diapositivos<\/strong><\/a><\/u><\/p>\n<p>As submiss\u00f5es ser\u00e3o apreciadas pela organiza\u00e7\u00e3o quanto \u00e0 pertin\u00eancia da boa pr\u00e1tica considerada e a conformidade com o modelo solicitado, n\u00e3o se realizando avalia\u00e7\u00e3o cient\u00edfica das mesmas. Cada comiss\u00e3o de organiza\u00e7\u00e3o local \u00e9 aut\u00f3noma na defini\u00e7\u00e3o de crit\u00e9rios e na escolha das propostas submetidas.<\/p>\n<p>O desenvolvimento de uma sess\u00e3o pr\u00e1tica, com a dura\u00e7\u00e3o de 2 horas, carece igualmente de apresenta\u00e7\u00e3o de resumo neste mesmo formul\u00e1rio<\/p>\n<p>A data limite para submiss\u00e3o de <strong>comunica\u00e7\u00f5es<\/strong> ou <strong>sess\u00f5es pr\u00e1ticas<\/strong> \u00e9 a <strong>22 de junho de 2019<\/strong>.<\/p>\n<p>Para apresentar uma comunica\u00e7\u00e3o ou sess\u00e3o pr\u00e1tica dever\u00e1 inscrever-se antecipadamente no TIC@PT&#8217;19 (<a href=\"https:\/\/wordpress.educom.pt\/TIC-Portugal-19\/inscricao\/\" target=\"_blank\" rel=\"noopener noreferrer\"><em><strong>aqui<\/strong><\/em><\/a>).<\/p>\n<p>A comiss\u00e3o organizadora, de acordo com o local de participa\u00e7\u00e3o, informar\u00e1 sobre a aceita\u00e7\u00e3o da comunica\u00e7\u00e3o at\u00e9 no dia 23 de junho de 2019.<\/p>\n<p>Selecione abaixo o local para o qual pretende submeter resumo de comunica\u00e7\u00e3o ou sess\u00e3o pr\u00e1tica.<\/p>\n<p>Clique <u><a href=\"https:\/\/wordpress.educom.pt\/TIC-Portugal-19\/wp-content\/uploads\/2019\/05\/modelo_comunicacao_boas_praticas_TIC@Portugal19.docx\" target=\"_blank\" rel=\"noopener noreferrer\"><strong>aqui<\/strong><\/a><\/u> para descarregar modelo se optar enviar por email.<\/p>\n<p><u><a href=\"https:\/\/wordpress.educom.pt\/TIC-Portugal-19\/resumos-educom\/\" target=\"_blank\" rel=\"noopener noreferrer\"><strong>CCTIC Educom \u2013 Monte de Caparica e Faro<\/strong><\/a><\/u><\/p>\n<p>CCTIC Univ. Minho \u2013 Braga (n\u00e3o aceita comunica\u00e7\u00f5es)<\/p>\n<p><a href=\"https:\/\/forms.gle\/Kqckyeu69XYi5oh17\" target=\"_blank\" rel=\"noopener noreferrer\"><u><strong>CCTIC ESE\/IP de Bragan\u00e7a \u2013 Bragan\u00e7a<\/strong><\/u><\/a><\/p>\n<p><strong><u><a href=\"https:\/\/docs.google.com\/forms\/d\/e\/1FAIpQLSfusdCFuF7L18ZHRvOVXy-HUJHTZvVvZmMysMZX97tLtIqe2g\/viewform\" target=\"_blank\" rel=\"noopener noreferrer\">CCTIC Softci\u00eancias \u2013 Coimbra<\/a><\/u><\/strong><\/p>\n<p><u><a href=\"https:\/\/wordpress.educom.pt\/TIC-Portugal-19\/resumos-educom\/\" target=\"_blank\" rel=\"noopener noreferrer\"><strong>CCTIC Univ. Aveiro \u2013 Vale de Cambra<\/strong><\/a><\/u><\/p>\n<p>CCTIC ESE\/IP de Santar\u00e9m (<u><a href=\"http:\/\/cctic.ese.ipsantarem.pt\/ticportugal\/\" target=\"_blank\" rel=\"noopener noreferrer\"><strong>CCTIC<\/strong><\/a><\/u>)<\/p>\n<p>CCTIC ESE\/IP de Set\u00fabal \u2013 Set\u00fabal (n\u00e3o aceita comunica\u00e7\u00f5es)<\/p>\n<p>CCTIC Univ. de \u00c9vora (<u><a href=\"https:\/\/ccticue.wixsite.com\/ticportugal-evora\" target=\"_blank\" rel=\"noopener noreferrer\"><strong>CCTIC<\/strong><\/a><\/u>)<\/p>\n<p>&nbsp;<\/p>\n<p><strong>Contacto<\/strong><\/p>\n<p><strong>Email:<\/strong>\u00a0<a href=\"mailto:tic.portugal@educom.pt\">tic.portugal@educom.pt<\/a><\/p>\n<p><strong>Tlm:<\/strong><\/p>\n<p>96 73 01 886 (David Costa)<br \/>\n96 50 28 719 (V\u00edtor Godinho Lopes)<\/p>\n","protected":false},"excerpt":{"rendered":"<p>Desde a primeira edi\u00e7\u00e3o, a identidade do encontro tem sido centrada na apresenta\u00e7\u00e3o e reflex\u00e3o em torno de Pr\u00e1ticas com as TIC em Educa\u00e7\u00e3o. Para&hellip;<\/p>\n","protected":false},"author":9,"featured_media":0,"parent":0,"menu_order":0,"comment_status":"closed","ping_status":"closed","template":"","meta":[],"_links":{"self":[{"href":"https:\/\/wordpress.educom.pt\/TIC-Portugal-19\/wp-json\/wp\/v2\/pages\/10187"}],"collection":[{"href":"https:\/\/wordpress.educom.pt\/TIC-Portugal-19\/wp-json\/wp\/v2\/pages"}],"about":[{"href":"https:\/\/wordpress.educom.pt\/TIC-Portugal-19\/wp-json\/wp\/v2\/types\/page"}],"author":[{"embeddable":true,"href":"https:\/\/wordpress.educom.pt\/TIC-Portugal-19\/wp-json\/wp\/v2\/users\/9"}],"replies":[{"embeddable":true,"href":"https:\/\/wordpress.educom.pt\/TIC-Portugal-19\/wp-json\/wp\/v2\/comments?post=10187"}],"version-history":[{"count":25,"href":"https:\/\/wordpress.educom.pt\/TIC-Portugal-19\/wp-json\/wp\/v2\/pages\/10187\/revisions"}],"predecessor-version":[{"id":10622,"href":"https:\/\/wordpress.educom.pt\/TIC-Portugal-19\/wp-json\/wp\/v2\/pages\/10187\/revisions\/10622"}],"wp:attachment":[{"href":"https:\/\/wordpress.educom.pt\/TIC-Portugal-19\/wp-json\/wp\/v2\/media?parent=10187"}],"curies":[{"name":"wp","href":"https:\/\/api.w.org\/{rel}","templated":true}]}}