{"id":10322,"date":"2019-05-28T16:11:30","date_gmt":"2019-05-28T15:11:30","guid":{"rendered":"http:\/\/wordpress.educom.pt\/TIC-Portugal-19\/?page_id=10322"},"modified":"2019-06-03T15:46:56","modified_gmt":"2019-06-03T14:46:56","slug":"informacoes-uteis-em-faro","status":"publish","type":"page","link":"https:\/\/wordpress.educom.pt\/TIC-Portugal-19\/informacoes\/informacoes-uteis-em-faro\/","title":{"rendered":"Informa\u00e7\u00f5es \u00fateis em Faro"},"content":{"rendered":"<p>Em\u00a0<strong>Faro,<\/strong> a organiza\u00e7\u00e3o do TIC@Portugal\u201919 \u00e9 da responsabilidade do <u><a href=\"http:\/\/www.educom.pt\" target=\"_blank\" rel=\"noopener noreferrer\"><strong>CCTIC Educom<\/strong><\/a><\/u>:<\/p>\n<p><strong>N\u00facleo Regional do Algarve:<\/strong><br \/>\nEducom- APTE<br \/>\nEscola Sec. Tom\u00e1s Cabreira<br \/>\nRua Manuel e Arriaga<br \/>\n8000-334 Faro<br \/>\n<strong>Telm.:<\/strong> 967301886 (david costa)<br \/>\n<strong>e-mail:<\/strong>\u00a0<strong><a href=\"mailto:dc@educom.pt\">dc@educom.pt<\/a><\/strong><\/p>\n<p>&nbsp;<\/p>\n<p>O Encontro decorrer\u00e1 na <strong><u><a href=\"https:\/\/aejdfaro.pt\/\" target=\"_blank\" rel=\"noopener noreferrer\">Escola Secund\u00e1ria Jo\u00e3o de Deus<\/a><\/u><\/strong> (Liceu)<\/p>\n<p><iframe loading=\"lazy\" style=\"border: 0;\" src=\"https:\/\/www.google.com\/maps\/embed?pb=!1m18!1m12!1m3!1d3185.6153522180693!2d-7.9237603846663065!3d37.01897176305376!2m3!1f0!2f0!3f0!3m2!1i1024!2i768!4f13.1!3m3!1m2!1s0xd0552db36294a21%3A0x901ed5d64cae3e15!2sEscola+Secund%C3%A1ria+Jo%C3%A3o+de+Deus!5e0!3m2!1spt-PT!2spt!4v1559056152561!5m2!1spt-PT!2spt\" width=\"400\" height=\"300\" frameborder=\"0\" allowfullscreen=\"allowfullscreen\"><\/iframe><\/p>\n","protected":false},"excerpt":{"rendered":"<p>Em\u00a0Faro, a organiza\u00e7\u00e3o do TIC@Portugal\u201919 \u00e9 da responsabilidade do CCTIC Educom: N\u00facleo Regional do Algarve: Educom- APTE Escola Sec. Tom\u00e1s Cabreira Rua Manuel e Arriaga&hellip;<\/p>\n","protected":false},"author":9,"featured_media":0,"parent":19,"menu_order":0,"comment_status":"closed","ping_status":"closed","template":"","meta":[],"_links":{"self":[{"href":"https:\/\/wordpress.educom.pt\/TIC-Portugal-19\/wp-json\/wp\/v2\/pages\/10322"}],"collection":[{"href":"https:\/\/wordpress.educom.pt\/TIC-Portugal-19\/wp-json\/wp\/v2\/pages"}],"about":[{"href":"https:\/\/wordpress.educom.pt\/TIC-Portugal-19\/wp-json\/wp\/v2\/types\/page"}],"author":[{"embeddable":true,"href":"https:\/\/wordpress.educom.pt\/TIC-Portugal-19\/wp-json\/wp\/v2\/users\/9"}],"replies":[{"embeddable":true,"href":"https:\/\/wordpress.educom.pt\/TIC-Portugal-19\/wp-json\/wp\/v2\/comments?post=10322"}],"version-history":[{"count":2,"href":"https:\/\/wordpress.educom.pt\/TIC-Portugal-19\/wp-json\/wp\/v2\/pages\/10322\/revisions"}],"predecessor-version":[{"id":10373,"href":"https:\/\/wordpress.educom.pt\/TIC-Portugal-19\/wp-json\/wp\/v2\/pages\/10322\/revisions\/10373"}],"up":[{"embeddable":true,"href":"https:\/\/wordpress.educom.pt\/TIC-Portugal-19\/wp-json\/wp\/v2\/pages\/19"}],"wp:attachment":[{"href":"https:\/\/wordpress.educom.pt\/TIC-Portugal-19\/wp-json\/wp\/v2\/media?parent=10322"}],"curies":[{"name":"wp","href":"https:\/\/api.w.org\/{rel}","templated":true}]}}