{"id":10349,"date":"2019-06-03T08:54:55","date_gmt":"2019-06-03T07:54:55","guid":{"rendered":"http:\/\/wordpress.educom.pt\/TIC-Portugal-19\/?page_id=10349"},"modified":"2019-06-05T17:32:39","modified_gmt":"2019-06-05T16:32:39","slug":"informacoes-uteis-em-santarem","status":"publish","type":"page","link":"https:\/\/wordpress.educom.pt\/TIC-Portugal-19\/informacoes\/informacoes-uteis-em-santarem\/","title":{"rendered":"Informa\u00e7\u00f5es \u00fateis em Santar\u00e9m"},"content":{"rendered":"<p>Em <strong>Santar\u00e9m<\/strong>, a organiza\u00e7\u00e3o do TIC@Portugal&#8217;19 \u00e9 da responsabilidade do <strong><u><a href=\"http:\/\/cctic.ese.ipsantarem.pt\/cctic\/\" target=\"_blank\" rel=\"noopener noreferrer\">CCTIC da Escola Superior de Educa\u00e7\u00e3o de Santar\u00e9m\/IPS<\/a><\/u><\/strong>.<\/p>\n<p>Informa\u00e7\u00f5es \u00fateis em Santar\u00e9m: <a href=\"http:\/\/cctic.ese.ipsantarem.pt\/ticportugal\/\" target=\"_blank\" rel=\"noopener noreferrer\"><strong><u>clique aqui<\/u><\/strong><\/a><\/p>\n<p><strong>Endere\u00e7o:\u00a0<\/strong>Escola Superior de Educa\u00e7\u00e3o de Santar\u00e9m<br \/>\nComplexo Andaluz, Apartado 131<br \/>\n2001-902 SANTAR\u00c9M<br \/>\n<strong>Tel:<\/strong>\u00a0+351 243 309 180 |\u00a0<strong>Fax:<\/strong>\u00a0+351 243 309 187<\/p>\n<div id=\"c1z94inlineContent\" class=\"s14inlineContent\" data-reactid=\".0.$SITE_ROOT.$desktop_siteRoot.$PAGES_CONTAINER.1.1.$SITE_PAGES.$c1z94_DESKTOP.1\">\n<div id=\"WRchTxt32\" class=\"s4\" data-reactid=\".0.$SITE_ROOT.$desktop_siteRoot.$PAGES_CONTAINER.1.1.$SITE_PAGES.$c1z94_DESKTOP.1.$WRchTxt32\">\n<p class=\"font_8\"><strong>Email:<\/strong>\u00a0<a href=\"mailto:cctic@ese.ipsantarem.pt?subject=Pedido%20de%20Informa%C3%A7%C3%B5es%20-%20AplicaTIC\" target=\"_blank\" rel=\"noopener noreferrer\" data-type=\"mail\" data-content=\"cctic@ese.ipsantarem.pt\"><strong>cctic@ese.ipsantarem.pt<\/strong><\/a><\/p>\n<p><iframe loading=\"lazy\" style=\"border: 0;\" src=\"https:\/\/www.google.com\/maps\/embed?pb=!1m14!1m8!1m3!1d12363.618090786915!2d-8.6881562!3d39.2223341!3m2!1i1024!2i768!4f13.1!3m3!1m2!1s0x0%3A0x3442ba700f8215b2!2sEscola+Superior+de+Educacao+de+Santarem!5e0!3m2!1spt-PT!2spt!4v1559548427081!5m2!1spt-PT!2spt\" width=\"400\" height=\"350\" frameborder=\"0\" allowfullscreen=\"allowfullscreen\"><\/iframe><\/p>\n<\/div>\n<\/div>\n","protected":false},"excerpt":{"rendered":"<p>Em Santar\u00e9m, a organiza\u00e7\u00e3o do TIC@Portugal&#8217;19 \u00e9 da responsabilidade do CCTIC da Escola Superior de Educa\u00e7\u00e3o de Santar\u00e9m\/IPS. Informa\u00e7\u00f5es \u00fateis em Santar\u00e9m: clique aqui Endere\u00e7o:\u00a0Escola&hellip;<\/p>\n","protected":false},"author":9,"featured_media":0,"parent":19,"menu_order":0,"comment_status":"closed","ping_status":"closed","template":"","meta":[],"_links":{"self":[{"href":"https:\/\/wordpress.educom.pt\/TIC-Portugal-19\/wp-json\/wp\/v2\/pages\/10349"}],"collection":[{"href":"https:\/\/wordpress.educom.pt\/TIC-Portugal-19\/wp-json\/wp\/v2\/pages"}],"about":[{"href":"https:\/\/wordpress.educom.pt\/TIC-Portugal-19\/wp-json\/wp\/v2\/types\/page"}],"author":[{"embeddable":true,"href":"https:\/\/wordpress.educom.pt\/TIC-Portugal-19\/wp-json\/wp\/v2\/users\/9"}],"replies":[{"embeddable":true,"href":"https:\/\/wordpress.educom.pt\/TIC-Portugal-19\/wp-json\/wp\/v2\/comments?post=10349"}],"version-history":[{"count":8,"href":"https:\/\/wordpress.educom.pt\/TIC-Portugal-19\/wp-json\/wp\/v2\/pages\/10349\/revisions"}],"predecessor-version":[{"id":10391,"href":"https:\/\/wordpress.educom.pt\/TIC-Portugal-19\/wp-json\/wp\/v2\/pages\/10349\/revisions\/10391"}],"up":[{"embeddable":true,"href":"https:\/\/wordpress.educom.pt\/TIC-Portugal-19\/wp-json\/wp\/v2\/pages\/19"}],"wp:attachment":[{"href":"https:\/\/wordpress.educom.pt\/TIC-Portugal-19\/wp-json\/wp\/v2\/media?parent=10349"}],"curies":[{"name":"wp","href":"https:\/\/api.w.org\/{rel}","templated":true}]}}