{"id":10402,"date":"2019-06-05T18:08:23","date_gmt":"2019-06-05T17:08:23","guid":{"rendered":"http:\/\/wordpress.educom.pt\/TIC-Portugal-19\/?page_id=10402"},"modified":"2020-01-20T16:02:55","modified_gmt":"2020-01-20T15:02:55","slug":"programa-monte-de-caparica","status":"publish","type":"page","link":"https:\/\/wordpress.educom.pt\/TIC-Portugal-19\/programa\/programa-monte-de-caparica\/","title":{"rendered":"Programa | Monte de Caparica"},"content":{"rendered":"<p>09h00 \u00e0s 09h30 | Rece\u00e7\u00e3o dos participantes<\/p>\n<p>09h30 \u00e0s 10h00 | Sess\u00e3o de Abertura (Videoconfer\u00eancia)<\/p>\n<p style=\"padding-left: 120px;\">Mesa Local:<br \/>\nJo\u00e3o Correia de Freitas, Presidente Educom<br \/>\nMaria Jo\u00e3o Horta, Subdiretora-geral, DGE<br \/>\nVirg\u00edlio Machado, Diretor da FCTUNL<\/p>\n<p>10h00 \u00e0s 10h30 | Confer\u00eancia Plen\u00e1ria (Videoconfer\u00eancia)<\/p>\n<p style=\"padding-left: 120px;\"><strong><u><a href=\"https:\/\/wordpress.educom.pt\/TIC-Portugal-19\/matematica-tecnologia-todos-os-dias\/\" target=\"_blank\" rel=\"noopener noreferrer\">Matem\u00e1tica &amp; Tecnologia, Todos Os Dias<\/a><\/u>!<\/strong>, por Jos\u00e9 Paulo Viana<\/p>\n<p>10h30 \u00e0s 11h00 | Intervalo<\/p>\n<p>11h00 \u00e0s 13h00 | Comunica\u00e7\u00f5es e Partilha de Boas Pr\u00e1ticas<\/p>\n<p style=\"padding-left: 120px;\"><strong>Sala 1, (!.11)<\/strong> &#8211; comunica\u00e7\u00f5es recomendadas para professores de todos os n\u00edveis de ensino<\/p>\n<p style=\"padding-left: 120px;\">Moderadora: Patr\u00edcia Fidalgo<\/p>\n<p style=\"padding-left: 120px;\">C14 &#8211;\u00a0<u><a href=\"https:\/\/wordpress.educom.pt\/TIC-Portugal-19\/programa\/programa-monte-de-caparica\/a-interdisciplinaridade-no-projeto-gen1os\/\" target=\"_blank\" rel=\"noopener noreferrer\"><strong>A interdisciplinaridade no projeto Gen10s<\/strong><\/a><\/u>, por Maria Isabel Manteigas da Costa, Maria Lu\u00edsa Valezim Batista, Maria Madalena Bai\u00e3o Cardoso &#8211;\u00a0Agrupamento de Escolas Professor Ruy Lu\u00eds Gomes, Almada<\/p>\n<p style=\"padding-left: 120px;\">C4 &#8211;\u00a0<u><a href=\"https:\/\/wordpress.educom.pt\/TIC-Portugal-19\/programa\/programa-monte-de-caparica\/programa-apps-for-good-tecnologia-em-prol-da-cidadania\/\" target=\"_blank\" rel=\"noopener noreferrer\"><strong>Programa Apps for Good: Tecnologia em prol da cidadania<\/strong><\/a><\/u>, por Matilde Buisel &#8211;\u00a0CDI Portugal\/Apps for Good<\/p>\n<p style=\"padding-left: 120px;\">C1 &#8211; <a href=\"https:\/\/wordpress.educom.pt\/TIC-Portugal-19\/programa\/programa-monte-de-caparica\/um-exemplo-de-utilizacao-das-tic-em-sala-de-aula-comunicacao\/\" target=\"_blank\" rel=\"noopener noreferrer\"><strong><u>Um exemplo de utiliza\u00e7\u00e3o das TIC em sala de aula<\/u><\/strong><\/a>, por S\u00e9rgio Leal &#8211; QiPP \u2013 Projetos Sustent\u00e1veis (<strong><u><a href=\"https:\/\/www.qipp.pt\/\" target=\"_blank\" rel=\"noopener noreferrer\">www.qipp.pt<\/a><\/u><\/strong>) &amp; Agrupamento de Escolas Amadora Oeste<\/p>\n<p style=\"padding-left: 120px;\">C3 &#8211; <u><a href=\"https:\/\/wordpress.educom.pt\/TIC-Portugal-19\/programa\/programa-monte-de-caparica\/steam-o-encontro-das-artes-com-a-tecnologia-na-criacao-de-projetos-interdisciplinares\/\" target=\"_blank\" rel=\"noopener noreferrer\"><strong>Steam: o encontro das artes com a tecnologia na cria\u00e7\u00e3o de projetos interdisciplinares<\/strong><\/a><\/u>, por Manuel Moreira &#8211; Externato Marqu\u00eas de Pombal, Agrupamento de Escolas de S\u00e3o Bruno, EPIC \u2013 Escola Profissional de comunica\u00e7\u00e3o e Imagem<\/p>\n<p style=\"padding-left: 120px;\">C5 &#8211; <u><a href=\"https:\/\/wordpress.educom.pt\/TIC-Portugal-19\/programa\/programa-monte-de-caparica\/aesa-colaborativa-um-cenario-de-aprendizagem\/\" target=\"_blank\" rel=\"noopener noreferrer\"><strong>AESA Colaborativa \u2013 um cen\u00e1rio de aprendizagem<\/strong><\/a><\/u>, por Anabela Pereira, Margarida Batista e Marina Gab\u00e3o &#8211; Agrupamento de Escolas de Santo Andr\u00e9<\/p>\n<p style=\"padding-left: 120px;\">C16 &#8211; <u><a href=\"https:\/\/wordpress.educom.pt\/TIC-Portugal-19\/horta-da-granja-construcao-de-um-ecossistema\/\" target=\"_blank\" rel=\"noopener noreferrer\"><strong>Horta da Granja \u2013 Constru\u00e7\u00e3o de um ecossistema<\/strong><\/a><\/u>, por Maria do Ros\u00e1rio F\u00e9lix; Susana Vieira; S\u00edlvia Monteiro e Maria Jos\u00e9 Esteves &#8211; Agrupamento de Escolas de Vialonga<\/p>\n<p>&nbsp;<\/p>\n<p style=\"padding-left: 120px;\"><strong>Sala 2 (1.12) <\/strong>&#8211; comunica\u00e7\u00f5es recomendadas para professores de todos os n\u00edveis de ensino<\/p>\n<p style=\"padding-left: 120px;\">Moderador: Ant\u00f3nio Maneira<\/p>\n<p style=\"padding-left: 120px;\">C2 &#8211; <strong><u><a href=\"https:\/\/wordpress.educom.pt\/TIC-Portugal-19\/programa\/programa-monte-de-caparica\/as-tic-nas-atividades-laboratoriais-de-fisica-de-10-o-ano\/\" target=\"_blank\" rel=\"noopener noreferrer\">As TIC nas atividades laboratoriais de f\u00edsica de 10.\u00ba ano<\/a><\/u><\/strong>, por C\u00e9lia Miranda &#8211; Agrupamento de Escolas Amadora Oeste<\/p>\n<p style=\"padding-left: 120px;\">C7 &#8211;\u00a0<u><a href=\"https:\/\/wordpress.educom.pt\/TIC-Portugal-19\/programa\/programa-monte-de-caparica\/utilizacao-do-moodle-em-situacoes-de-formacao-de-professores-a-distancia\/\" target=\"_blank\" rel=\"noopener noreferrer\"><strong>Utiliza\u00e7\u00e3o do Moodle em situa\u00e7\u00f5es de forma\u00e7\u00e3o de professores a dist\u00e2ncia<\/strong><\/a><\/u>, por Jo\u00e3o Mouro \u2013 FCT\/UNL \u2013 Lab eLearning<\/p>\n<p style=\"padding-left: 120px;\">C8 &#8211;\u00a0<u><a href=\"https:\/\/wordpress.educom.pt\/TIC-Portugal-19\/programa\/programa-monte-de-caparica\/plugin-moodle-offline-quis-partilha-e-reflexao-sobre-a-sua-implementacao-nas-olimpiadas-da-biologia-2019\/\" target=\"_blank\" rel=\"noopener noreferrer\"><strong>Plugin Moodle &#8220;Offline Quiz&#8221; &#8211; Partilha e reflex\u00e3o sobre a sua implementa\u00e7\u00e3o nas Olimp\u00edadas da Biologia 2019<\/strong><\/a><\/u>, por Jo\u00e3o Mouro \u2013 FCT\/UNL \u2013 Lab eLearning<\/p>\n<p style=\"padding-left: 120px;\">C6 &#8211; <a href=\"https:\/\/wordpress.educom.pt\/TIC-Portugal-19\/programa\/programa-monte-de-caparica\/aeen-uma-casa-com-muitos-destinos-comunicacao\/\" target=\"_blank\" rel=\"noopener noreferrer\"><u><strong>AEEN: Uma casa com muitos destinos<\/strong><\/u><\/a>, por Rui Baltazar &#8211; Agrupamento de Escolas Em\u00eddio Navarro &#8211; Almada<\/p>\n<p style=\"padding-left: 120px;\">C15 &#8211;\u00a0<u><a href=\"https:\/\/wordpress.educom.pt\/TIC-Portugal-19\/programa\/programa-monte-de-caparica\/teachers-try-science-biodiversidade-na-quinta-do-bonaparte\/\" target=\"_blank\" rel=\"noopener noreferrer\"><strong>Teachers Try Science, Biodiversidade na Quinta do Bonaparte<\/strong><\/a><\/u>, por Ana Leal; Concei\u00e7\u00e3o Grancho; Francisco Zuzarte; Rita Arantes; Rita Esperan\u00e7a e Susana Fernandes &#8211;\u00a0Agrupamento de Escolas da Trafaria<\/p>\n<p style=\"padding-left: 120px;\">C17 &#8211; <u><a href=\"https:\/\/wordpress.educom.pt\/TIC-Portugal-19\/as-tic-e-a-musica-na-promocao-da-cultura-e-lingua-portuguesas-na-diaspora\/\" target=\"_blank\" rel=\"noopener noreferrer\"><strong>As TIC e a M\u00fasica na Promo\u00e7\u00e3o da Cultura e L\u00edngua Portuguesas na Di\u00e1spora<\/strong><\/a><\/u>, por Dinis Lu\u00eds, Mestrado em Educa\u00e7\u00e3o FCT\/UNL.<\/p>\n<p>&nbsp;<\/p>\n<p style=\"padding-left: 120px;\"><strong>Sala 3 (1.13) <\/strong>&#8211; comunica\u00e7\u00f5es recomendadas para professores de todos os n\u00edveis de ensino<\/p>\n<p style=\"padding-left: 120px;\">Moderador: V\u00edtor Godinho Lopes<\/p>\n<p style=\"padding-left: 120px;\">C9 &#8211; <u><a href=\"https:\/\/wordpress.educom.pt\/TIC-Portugal-19\/programa\/programa-monte-de-caparica\/indice-sintetico-de-fecundidade-em-portugal\/\" target=\"_blank\" rel=\"noopener noreferrer\"><strong>\u00cdndice sint\u00e9tico de fecundidade em Portugal: estudo de caso<\/strong><\/a><\/u>, por Sandra Costa &#8211; Agrupamento de Escolas Professor Reynaldo dos Santos-Vila Franca de Xira<\/p>\n<p style=\"padding-left: 120px;\">C10 &#8211; <u><a href=\"https:\/\/wordpress.educom.pt\/TIC-Portugal-19\/programa\/programa-monte-de-caparica\/o-ensino-da-bioetica-e-as-tic-comunicacao\/\" target=\"_blank\" rel=\"noopener noreferrer\"><strong>O Ensino da Bio\u00e9tica e as TIC<\/strong><\/a><\/u>, por C\u00e9lia Fonseca &#8211; Escola E.B. 2, 3 El-Rei D. Manuel I &#8211; Alcochete<\/p>\n<p style=\"padding-left: 120px;\">C11 &#8211; <strong>TIC no curr\u00edculo da Hist\u00f3ria: construindo o museu digital com a comunidade piscat\u00f3ria<\/strong>, por Marta Torres &#8211; Agrupamento de Escolas da Caparica &#8211; <em>aguarda resumo<\/em><\/p>\n<p style=\"padding-left: 120px;\">C12 \u2013\u00a0<u><a href=\"https:\/\/wordpress.educom.pt\/TIC-Portugal-19\/programa\/programa-monte-de-caparica\/blockchain-tecnologia-para-transformar-o-mundo\/\" target=\"_blank\" rel=\"noopener noreferrer\"><strong>Tecnologias na escola para transformar o mundo: uma abordagem curricular \u00e0 Tecnologia Blockchain e \u00e0s Criptomoedas<\/strong><\/a><\/u>, por Luis Antunes \u2013 Instituto Superior Polit\u00e9cnico Lus\u00edada do Huambo \u2013 Angola<\/p>\n<p style=\"padding-left: 120px;\">C18 &#8211; <strong>Khan Academy em Portugal &#8211; uma experi\u00eancia de utiliza\u00e7\u00e3o<\/strong>, por Susana Cola\u00e7o &#8211; Funda\u00e7\u00e3o Altice<\/p>\n<p style=\"padding-left: 120px;\">C13 &#8211; <u><a href=\"https:\/\/wordpress.educom.pt\/TIC-Portugal-19\/programa\/programa-monte-de-caparica\/a-tecnologia-na-aula-de-matematica-com-a-khan-academy\/\" target=\"_blank\" rel=\"noopener noreferrer\"><strong>A tecnologia na aula de matem\u00e1tica com a Khan Academy<\/strong><\/a><\/u>, por Ana Santiago, Ant\u00f3nio Domingos e Paula Teixeira &#8211; ESEC do Instituto Polit\u00e9cnico de Coimbra &#8211; UIED\/FCT da Universidade Nova de Lisboa &#8211; UIED\/ AE Jo\u00e3o de Barros &#8211; UIED<\/p>\n<p>&nbsp;<\/p>\n<p style=\"padding-left: 120px;\"><strong>Sala 4 &#8211; (1.D)<\/strong> &#8211; comunica\u00e7\u00f5es a dist\u00e2ncia, para professores de todos os n\u00edveis de ensino<\/p>\n<p style=\"padding-left: 120px;\">Moderador: Jo\u00e3o Correia de Freitas<\/p>\n<p style=\"padding-left: 120px;\">Cd1 &#8211; <u><a href=\"https:\/\/wordpress.educom.pt\/TIC-Portugal-19\/programa\/programa-monte-de-caparica\/as-tic-nas-praticas-pedagogicas-dos-professores-do-1-o-e-2-o-ciclos-comunicacao\/\" target=\"_blank\" rel=\"noopener noreferrer\"><strong>As TIC nas Pr\u00e1ticas Pedag\u00f3gicas dos professores do 1.\u00ba e 2.\u00ba ciclos<\/strong><\/a><\/u>, por Marisa Lorena Rapp &#8211; FCT-UNL<\/p>\n<p style=\"padding-left: 120px;\">Cd2 &#8211; <u><a href=\"https:\/\/wordpress.educom.pt\/TIC-Portugal-19\/programa\/programa-monte-de-caparica\/tic-no-1-o-ciclo-um-percurso-de-4-anos-comunicacao\/\" target=\"_blank\" rel=\"noopener noreferrer\"><strong>TIC no 1.\u00ba ciclo &#8211; um percurso de 4 anos<\/strong><\/a><\/u>, por Ant\u00f3nio Mansilha &#8211; Agrupamento de Escolas D. Sancho II, Alij\u00f3<\/p>\n<p style=\"padding-left: 120px;\">Cd3 &#8211; <u><a href=\"https:\/\/wordpress.educom.pt\/TIC-Portugal-19\/programa\/programa-monte-de-caparica\/investigacao-acao-letramento-digital-e-leitura\/\" target=\"_blank\" rel=\"noopener noreferrer\"><strong>Investiga\u00e7\u00e3o-a\u00e7\u00e3o: letramento digital e leitura<\/strong><\/a><\/u>, por Mauricio dos Santos Neves e Jo\u00e3o Correia de Freitas &#8211; Faculdade de Ci\u00eancias e Tecnologia \u2013 FCT<\/p>\n<p style=\"padding-left: 120px;\">Cd4 &#8211; <u><a href=\"https:\/\/wordpress.educom.pt\/TIC-Portugal-19\/programa\/programa-monte-de-caparica\/uma-experiencia-em-e-learning-local-e-a-distancia-no-curso-de-formacao-inicial-de-professores-de-quimica-em-angola\/\" target=\"_blank\" rel=\"noopener noreferrer\"><strong>Uma experi\u00eancia em e-learning local e a dist\u00e2ncia no curso de forma\u00e7\u00e3o inicial de professores de Qu\u00edmica em Angola<\/strong><\/a><\/u>, por Adelino Justo &#8211; FCT\/UNL<\/p>\n<p style=\"padding-left: 120px;\">Cd5 &#8211; <strong>A Visita\u00e7\u00e3o ao Museu Enriquecida pelos Conte\u00fados Educativos Digitais<\/strong>, por Ana Fab\u00edola Correia &#8211; Arquivo de Pernambuco<\/p>\n<p>&nbsp;<\/p>\n<p>13h00 \u00e0s 14h30 | Almo\u00e7o livre<\/p>\n<p>14h30 \u00e0s 16h30 | Sess\u00f5es pr\u00e1ticas<\/p>\n<p style=\"padding-left: 120px;\"><strong>SP1 (1.9)<\/strong> &#8211; <strong><u><a href=\"https:\/\/wordpress.educom.pt\/TIC-Portugal-19\/programa\/programa-monte-de-caparica\/as-tic-ao-servico-do-ensino-e-da-aprendizagem\/\" target=\"_blank\" rel=\"noopener noreferrer\">As TIC ao servi\u00e7o do ensino e da aprendizagem<\/a><\/u><\/strong>, por S\u00e9rgio Leal &#8211; QiPP \u2013 Projetos Sustent\u00e1veis (<strong><u><a href=\"https:\/\/www.qipp.pt\/\" target=\"_blank\" rel=\"noopener noreferrer\">www.qipp.pt<\/a><\/u><\/strong>) &amp; Agrupamento de Escolas Amadora Oeste<\/p>\n<p style=\"padding-left: 120px;\"><strong>SP2 (1.8) <\/strong>&#8211; <u><a href=\"https:\/\/wordpress.educom.pt\/TIC-Portugal-19\/programa\/programa-monte-de-caparica\/plataforma-khan-academy-aprender-matematica-de-forma-divertida-e-ao-ritmo-de-cada-um-sessao-pratica\/\" target=\"_blank\" rel=\"noopener noreferrer\"><strong>Plataforma Khan Academy \u2013 aprender matem\u00e1tica de forma divertida e ao ritmo de cada um<\/strong><\/a><\/u>, por Susana Cola\u00e7o, Funda\u00e7\u00e3o Altice Portugal<\/p>\n<p style=\"padding-left: 120px;\"><strong>SP3 (1.10)<\/strong> &#8211; <u><a href=\"https:\/\/wordpress.educom.pt\/TIC-Portugal-19\/programa\/programa-monte-de-caparica\/workshop-edutainment-programacao-de-robos-educativos\/\" target=\"_blank\" rel=\"noopener noreferrer\"><strong>WORKSHOP EDUTAINMENT \u2013\u00a0Programa\u00e7\u00e3o de Rob\u00f4s Educativos<\/strong><\/a><\/u>, por Samuel Ant\u00f3nio &#8211; Agrupamento de escolas de Cane\u00e7as<\/p>\n<p style=\"padding-left: 120px;\"><strong>SP4 (1.11)<\/strong> &#8211; <u><a href=\"https:\/\/wordpress.educom.pt\/TIC-Portugal-19\/programa\/programa-monte-de-caparica\/blockchain-tecnologia-para-transformar-o-mundo\/\" target=\"_blank\" rel=\"noopener noreferrer\"><strong>Tecnologias na escola para transformar o mundo: uma abordagem curricular \u00e0 Tecnologia Blockchain e \u00e0s Criptomoedas<\/strong><\/a><\/u>, por Luis Antunes &#8211; Instituto Superior Polit\u00e9cnico Lus\u00edada do Huambo &#8211; Angola<\/p>\n<p>16h30 \u00e0s 17h00 | Intervalo<\/p>\n<p>17h00 \u00e0s 17h30 | Mesa Redonda: coordenadores dos CC TIC participantes (Videoconfer\u00eancia)<\/p>\n<p>17h30 \u00e0s 17h45 | Encerramento (Videoconfer\u00eancia)<\/p>\n<p>&nbsp;<\/p>\n<p><strong>Forma\u00e7\u00e3o Creditada de Curta Dura\u00e7\u00e3o<\/strong><\/p>\n<p style=\"padding-left: 30px;\">O TIC@Portugal\u201919 est\u00e1 acreditado na modalidade a\u00e7\u00e3o de curta dura\u00e7\u00e3o (ACD) num total de 6h, para Monte de Caparica e Faro, com emiss\u00e3o de certificado pelo Centro de Forma\u00e7\u00e3o Educom.<\/p>\n","protected":false},"excerpt":{"rendered":"<p>09h00 \u00e0s 09h30 | Rece\u00e7\u00e3o dos participantes 09h30 \u00e0s 10h00 | Sess\u00e3o de Abertura (Videoconfer\u00eancia) Mesa Local: Jo\u00e3o Correia de Freitas, Presidente Educom Maria Jo\u00e3o&hellip;<\/p>\n","protected":false},"author":9,"featured_media":0,"parent":17,"menu_order":0,"comment_status":"closed","ping_status":"closed","template":"","meta":[],"_links":{"self":[{"href":"https:\/\/wordpress.educom.pt\/TIC-Portugal-19\/wp-json\/wp\/v2\/pages\/10402"}],"collection":[{"href":"https:\/\/wordpress.educom.pt\/TIC-Portugal-19\/wp-json\/wp\/v2\/pages"}],"about":[{"href":"https:\/\/wordpress.educom.pt\/TIC-Portugal-19\/wp-json\/wp\/v2\/types\/page"}],"author":[{"embeddable":true,"href":"https:\/\/wordpress.educom.pt\/TIC-Portugal-19\/wp-json\/wp\/v2\/users\/9"}],"replies":[{"embeddable":true,"href":"https:\/\/wordpress.educom.pt\/TIC-Portugal-19\/wp-json\/wp\/v2\/comments?post=10402"}],"version-history":[{"count":69,"href":"https:\/\/wordpress.educom.pt\/TIC-Portugal-19\/wp-json\/wp\/v2\/pages\/10402\/revisions"}],"predecessor-version":[{"id":11007,"href":"https:\/\/wordpress.educom.pt\/TIC-Portugal-19\/wp-json\/wp\/v2\/pages\/10402\/revisions\/11007"}],"up":[{"embeddable":true,"href":"https:\/\/wordpress.educom.pt\/TIC-Portugal-19\/wp-json\/wp\/v2\/pages\/17"}],"wp:attachment":[{"href":"https:\/\/wordpress.educom.pt\/TIC-Portugal-19\/wp-json\/wp\/v2\/media?parent=10402"}],"curies":[{"name":"wp","href":"https:\/\/api.w.org\/{rel}","templated":true}]}}