{"id":10405,"date":"2019-06-05T18:19:17","date_gmt":"2019-06-05T17:19:17","guid":{"rendered":"http:\/\/wordpress.educom.pt\/TIC-Portugal-19\/?page_id=10405"},"modified":"2019-06-26T09:53:32","modified_gmt":"2019-06-26T08:53:32","slug":"informacoes-uteis-no-monte-de-caparica","status":"publish","type":"page","link":"https:\/\/wordpress.educom.pt\/TIC-Portugal-19\/informacoes\/informacoes-uteis-no-monte-de-caparica\/","title":{"rendered":"Informa\u00e7\u00f5es \u00fateis no Monte de Caparica"},"content":{"rendered":"<p>No <strong>Monte de Caparica,<\/strong>\u00a0a organiza\u00e7\u00e3o do TIC@Portugal\u201919 \u00e9 da responsabilidade do\u00a0<u><a href=\"http:\/\/www.educom.pt\/\" target=\"_blank\" rel=\"noopener noreferrer\"><strong>CCTIC Educom<\/strong><\/a><\/u>:<\/p>\n<p>Educom- APTE<br \/>\nA\/C de SCTEF \u2013 DCSA \u2013 Edif\u00edcioVII,<br \/>\nFaculdade de Ci\u00eancias e Tecnologia<br \/>\nUniversidade Nova de Lisboa<br \/>\nCampus de Caparica<br \/>\n2829-516 Monte de Caparica<\/p>\n<p><strong>Telm.:<\/strong> 96 73 01 886 (David Costa) 96\u00a0 50 28 719 (V\u00edtor Godinho Lopes)<br \/>\n<strong>e-mail:<\/strong>\u00a0<strong><a href=\"mailto:dc@educom.pt\">dc@educom.pt<\/a><\/strong><\/p>\n<p>&nbsp;<\/p>\n<p>O Encontro decorrer\u00e1 na Faculdade de Ci\u00eancias e Tecnologia da Universidade Nova de Lisboa<\/p>\n<p><iframe loading=\"lazy\" style=\"border: 0;\" src=\"https:\/\/www.google.com\/maps\/embed?pb=!1m14!1m8!1m3!1d6230.948810087089!2d-9.205813!3d38.660964!3m2!1i1024!2i768!4f13.1!3m3!1m2!1s0x0%3A0xecf5d74bdcdaaa57!2sFaculdade+de+Ci%C3%AAncias+e+Tecnologia+(Universidade+Nova+de+Lisboa)!5e0!3m2!1sen!2spt!4v1559754952522!5m2!1sen!2spt\" width=\"400\" height=\"300\" frameborder=\"0\" allowfullscreen=\"allowfullscreen\"><\/iframe><\/p>\n","protected":false},"excerpt":{"rendered":"<p>No Monte de Caparica,\u00a0a organiza\u00e7\u00e3o do TIC@Portugal\u201919 \u00e9 da responsabilidade do\u00a0CCTIC Educom: Educom- APTE A\/C de SCTEF \u2013 DCSA \u2013 Edif\u00edcioVII, Faculdade de Ci\u00eancias e&hellip;<\/p>\n","protected":false},"author":9,"featured_media":0,"parent":19,"menu_order":0,"comment_status":"closed","ping_status":"closed","template":"","meta":[],"_links":{"self":[{"href":"https:\/\/wordpress.educom.pt\/TIC-Portugal-19\/wp-json\/wp\/v2\/pages\/10405"}],"collection":[{"href":"https:\/\/wordpress.educom.pt\/TIC-Portugal-19\/wp-json\/wp\/v2\/pages"}],"about":[{"href":"https:\/\/wordpress.educom.pt\/TIC-Portugal-19\/wp-json\/wp\/v2\/types\/page"}],"author":[{"embeddable":true,"href":"https:\/\/wordpress.educom.pt\/TIC-Portugal-19\/wp-json\/wp\/v2\/users\/9"}],"replies":[{"embeddable":true,"href":"https:\/\/wordpress.educom.pt\/TIC-Portugal-19\/wp-json\/wp\/v2\/comments?post=10405"}],"version-history":[{"count":3,"href":"https:\/\/wordpress.educom.pt\/TIC-Portugal-19\/wp-json\/wp\/v2\/pages\/10405\/revisions"}],"predecessor-version":[{"id":10626,"href":"https:\/\/wordpress.educom.pt\/TIC-Portugal-19\/wp-json\/wp\/v2\/pages\/10405\/revisions\/10626"}],"up":[{"embeddable":true,"href":"https:\/\/wordpress.educom.pt\/TIC-Portugal-19\/wp-json\/wp\/v2\/pages\/19"}],"wp:attachment":[{"href":"https:\/\/wordpress.educom.pt\/TIC-Portugal-19\/wp-json\/wp\/v2\/media?parent=10405"}],"curies":[{"name":"wp","href":"https:\/\/api.w.org\/{rel}","templated":true}]}}