{"id":10422,"date":"2019-06-11T12:14:36","date_gmt":"2019-06-11T11:14:36","guid":{"rendered":"http:\/\/wordpress.educom.pt\/TIC-Portugal-19\/?page_id=10422"},"modified":"2019-06-11T12:15:02","modified_gmt":"2019-06-11T11:15:02","slug":"tablets-e-robos-na-aula-porque-como-e-para-que-sessao-pratica","status":"publish","type":"page","link":"https:\/\/wordpress.educom.pt\/TIC-Portugal-19\/programa\/programa-faro\/tablets-e-robos-na-aula-porque-como-e-para-que-sessao-pratica\/","title":{"rendered":"Tablets e Rob\u00f4s na aula? Porqu\u00ea, Como e Para Qu\u00ea? (sess\u00e3o pr\u00e1tica)"},"content":{"rendered":"<p style=\"text-align: center;\">Cristina Filh\u00f3<\/p>\n<p style=\"text-align: center;\">cffilho@aeprosa.pt<\/p>\n<p style=\"text-align: center;\">Agrupamento de Escolas Pinheiro e Rosa<\/p>\n<p>&nbsp;<\/p>\n<p>Neste workshop pretende-se que os professores, em parceria, utilizem <em>tablets<\/em>, explorando as diversas aplica\u00e7\u00f5es propostas e, em simult\u00e2neo, desenvolvam conhecimentos sobre como planificar estrat\u00e9gias para:<\/p>\n<ul>\n<li>Projetar atividades;<\/li>\n<li>Fomentar o envolvimento dos alunos;<\/li>\n<li>Utilizar os recursos dispon\u00edveis;<\/li>\n<li>Envolver a fam\u00edlia.<\/li>\n<\/ul>\n<p>Os professores ter\u00e3o tamb\u00e9m a oportunidade de experimentar a \u201cprogramar por blocos\u201d, atrav\u00e9s da utiliza\u00e7\u00e3o dos <em>tablets<\/em> (<em>app mBlocky<\/em>) e dos rob\u00f4s <em>mBot<\/em>, para que desenvolvam experi\u00eancias diversificadas.<\/p>\n<p>Tratando-se de uma atividade pr\u00e1tica de forma\u00e7\u00e3o em a\u00e7\u00e3o, pretende-se ainda que os professores, enquanto utilizadores, reflitam sobre as vantagens pedag\u00f3gicas da utiliza\u00e7\u00e3o destes recursos na sala de aula, quer na perspetiva do desenvolvimento das Aprendizagens Essenciais e das Orienta\u00e7\u00f5es Curriculares para as TIC no 1\u00ba ciclo, quer na promo\u00e7\u00e3o do desenvolvimento pessoal e social dos alunos ao n\u00edvel das \u00e1reas de compet\u00eancia delineadas no \u201cPerfil dos Alunos \u00e0 Sa\u00edda da Escolaridade Obrigat\u00f3ria\u201d, nomeadamente:<\/p>\n<ul>\n<li>Informa\u00e7\u00e3o e comunica\u00e7\u00e3o;<\/li>\n<li>Pensamento cr\u00edtico e pensamento criativo;<\/li>\n<li>Saber cient\u00edfico, t\u00e9cnico e tecnol\u00f3gico;<\/li>\n<li>Racioc\u00ednio e resolu\u00e7\u00e3o de problemas;<\/li>\n<li>Desenvolvimento pessoal e autonomia.<\/li>\n<\/ul>\n<p>P\u00fablico Alvo:<\/p>\n<ul>\n<li>Professores do 1.\u00ba ciclo.<\/li>\n<\/ul>\n<p>&nbsp;<\/p>\n<p>Material:<\/p>\n<ul>\n<li>N\u00e3o \u00e9 necess\u00e1rio qualquer equipamento.<\/li>\n<\/ul>\n","protected":false},"excerpt":{"rendered":"<p>Cristina Filh\u00f3 cffilho@aeprosa.pt Agrupamento de Escolas Pinheiro e Rosa &nbsp; Neste workshop pretende-se que os professores, em parceria, utilizem tablets, explorando as diversas aplica\u00e7\u00f5es propostas&hellip;<\/p>\n","protected":false},"author":9,"featured_media":0,"parent":10393,"menu_order":3,"comment_status":"closed","ping_status":"closed","template":"","meta":[],"_links":{"self":[{"href":"https:\/\/wordpress.educom.pt\/TIC-Portugal-19\/wp-json\/wp\/v2\/pages\/10422"}],"collection":[{"href":"https:\/\/wordpress.educom.pt\/TIC-Portugal-19\/wp-json\/wp\/v2\/pages"}],"about":[{"href":"https:\/\/wordpress.educom.pt\/TIC-Portugal-19\/wp-json\/wp\/v2\/types\/page"}],"author":[{"embeddable":true,"href":"https:\/\/wordpress.educom.pt\/TIC-Portugal-19\/wp-json\/wp\/v2\/users\/9"}],"replies":[{"embeddable":true,"href":"https:\/\/wordpress.educom.pt\/TIC-Portugal-19\/wp-json\/wp\/v2\/comments?post=10422"}],"version-history":[{"count":1,"href":"https:\/\/wordpress.educom.pt\/TIC-Portugal-19\/wp-json\/wp\/v2\/pages\/10422\/revisions"}],"predecessor-version":[{"id":10423,"href":"https:\/\/wordpress.educom.pt\/TIC-Portugal-19\/wp-json\/wp\/v2\/pages\/10422\/revisions\/10423"}],"up":[{"embeddable":true,"href":"https:\/\/wordpress.educom.pt\/TIC-Portugal-19\/wp-json\/wp\/v2\/pages\/10393"}],"wp:attachment":[{"href":"https:\/\/wordpress.educom.pt\/TIC-Portugal-19\/wp-json\/wp\/v2\/media?parent=10422"}],"curies":[{"name":"wp","href":"https:\/\/api.w.org\/{rel}","templated":true}]}}