{"id":10436,"date":"2019-06-12T11:23:51","date_gmt":"2019-06-12T10:23:51","guid":{"rendered":"http:\/\/wordpress.educom.pt\/TIC-Portugal-19\/?page_id=10436"},"modified":"2019-06-12T11:27:05","modified_gmt":"2019-06-12T10:27:05","slug":"aprendizagem-ativa-maos-na-massa-sessao-pratica","status":"publish","type":"page","link":"https:\/\/wordpress.educom.pt\/TIC-Portugal-19\/programa\/programa-setubal\/aprendizagem-ativa-maos-na-massa-sessao-pratica\/","title":{"rendered":"Aprendizagem ativa: m\u00e3os na massa"},"content":{"rendered":"<p style=\"text-align: center;\">S\u00edlvia Zuzarte<\/p>\n<p style=\"text-align: center;\"><span style=\"font-weight: 400;\">zuzartesilvia@gmail.com<\/span><\/p>\n<p style=\"text-align: center;\">AE dos Casquilhos\/Embaixadora Laborat\u00f3rios de Aprendizagem<\/p>\n<p>&nbsp;<\/p>\n<p><span style=\"font-weight: 400;\">Ser\u00e1 lan\u00e7ado um desafio a todos os participantes para, em pequenos grupos, conceberem um recurso educativo a integrar na pr\u00e1tica letiva que permita ir ao encontro do Perfil do Aluno \u00e0 Sa\u00edda da Escolaridade Obrigat\u00f3ria. Al\u00e9m de imergirem numa atividade envolvente e estimulante, os professores ter\u00e3o oportunidade de conhecer metodologias de aprendizagem ativa apoiadas pela tecnologia. <\/span><\/p>\n","protected":false},"excerpt":{"rendered":"<p>S\u00edlvia Zuzarte zuzartesilvia@gmail.com AE dos Casquilhos\/Embaixadora Laborat\u00f3rios de Aprendizagem &nbsp; Ser\u00e1 lan\u00e7ado um desafio a todos os participantes para, em pequenos grupos, conceberem um recurso&hellip;<\/p>\n","protected":false},"author":9,"featured_media":0,"parent":10330,"menu_order":0,"comment_status":"closed","ping_status":"closed","template":"","meta":[],"_links":{"self":[{"href":"https:\/\/wordpress.educom.pt\/TIC-Portugal-19\/wp-json\/wp\/v2\/pages\/10436"}],"collection":[{"href":"https:\/\/wordpress.educom.pt\/TIC-Portugal-19\/wp-json\/wp\/v2\/pages"}],"about":[{"href":"https:\/\/wordpress.educom.pt\/TIC-Portugal-19\/wp-json\/wp\/v2\/types\/page"}],"author":[{"embeddable":true,"href":"https:\/\/wordpress.educom.pt\/TIC-Portugal-19\/wp-json\/wp\/v2\/users\/9"}],"replies":[{"embeddable":true,"href":"https:\/\/wordpress.educom.pt\/TIC-Portugal-19\/wp-json\/wp\/v2\/comments?post=10436"}],"version-history":[{"count":3,"href":"https:\/\/wordpress.educom.pt\/TIC-Portugal-19\/wp-json\/wp\/v2\/pages\/10436\/revisions"}],"predecessor-version":[{"id":10441,"href":"https:\/\/wordpress.educom.pt\/TIC-Portugal-19\/wp-json\/wp\/v2\/pages\/10436\/revisions\/10441"}],"up":[{"embeddable":true,"href":"https:\/\/wordpress.educom.pt\/TIC-Portugal-19\/wp-json\/wp\/v2\/pages\/10330"}],"wp:attachment":[{"href":"https:\/\/wordpress.educom.pt\/TIC-Portugal-19\/wp-json\/wp\/v2\/media?parent=10436"}],"curies":[{"name":"wp","href":"https:\/\/api.w.org\/{rel}","templated":true}]}}