{"id":10440,"date":"2019-06-12T11:30:03","date_gmt":"2019-06-12T10:30:03","guid":{"rendered":"http:\/\/wordpress.educom.pt\/TIC-Portugal-19\/?page_id=10440"},"modified":"2019-06-12T11:30:03","modified_gmt":"2019-06-12T10:30:03","slug":"o-mundo-web-2-0-com-o-etwinning","status":"publish","type":"page","link":"https:\/\/wordpress.educom.pt\/TIC-Portugal-19\/programa\/programa-setubal\/o-mundo-web-2-0-com-o-etwinning\/","title":{"rendered":"O mundo Web 2.0 com o eTwinning"},"content":{"rendered":"<p style=\"text-align: center;\">Ana Pina<\/p>\n<p style=\"text-align: center;\"><span style=\"font-weight: 400;\">anapaulapina22@gmail.com<\/span><\/p>\n<p style=\"text-align: center;\">AE do Barreiro,\u00a0Embaixadora eTwinning da regi\u00e3o de Lisboa e Vale do Tejo<\/p>\n<p>&nbsp;<\/p>\n<p><span style=\"font-weight: 400;\">Esta Sess\u00e3o Pr\u00e1tica \u00a0pretende ajudar os professores a perceberem como podem integrar o eTwinning nas suas pr\u00e1ticas letivas, bem como recorrer a metodologia de projeto. O projeto eTwinning ajuda a desenvolver v\u00e1rias compet\u00eancias nos alunos, tais como: criatividade, colabora\u00e7\u00e3o, comunica\u00e7\u00e3o, valores, atitudes, resolu\u00e7\u00e3o de problemas, digitais, entre outras. <\/span><\/p>\n","protected":false},"excerpt":{"rendered":"<p>Ana Pina anapaulapina22@gmail.com AE do Barreiro,\u00a0Embaixadora eTwinning da regi\u00e3o de Lisboa e Vale do Tejo &nbsp; Esta Sess\u00e3o Pr\u00e1tica \u00a0pretende ajudar os professores a perceberem&hellip;<\/p>\n","protected":false},"author":9,"featured_media":0,"parent":10330,"menu_order":0,"comment_status":"closed","ping_status":"closed","template":"","meta":[],"_links":{"self":[{"href":"https:\/\/wordpress.educom.pt\/TIC-Portugal-19\/wp-json\/wp\/v2\/pages\/10440"}],"collection":[{"href":"https:\/\/wordpress.educom.pt\/TIC-Portugal-19\/wp-json\/wp\/v2\/pages"}],"about":[{"href":"https:\/\/wordpress.educom.pt\/TIC-Portugal-19\/wp-json\/wp\/v2\/types\/page"}],"author":[{"embeddable":true,"href":"https:\/\/wordpress.educom.pt\/TIC-Portugal-19\/wp-json\/wp\/v2\/users\/9"}],"replies":[{"embeddable":true,"href":"https:\/\/wordpress.educom.pt\/TIC-Portugal-19\/wp-json\/wp\/v2\/comments?post=10440"}],"version-history":[{"count":1,"href":"https:\/\/wordpress.educom.pt\/TIC-Portugal-19\/wp-json\/wp\/v2\/pages\/10440\/revisions"}],"predecessor-version":[{"id":10442,"href":"https:\/\/wordpress.educom.pt\/TIC-Portugal-19\/wp-json\/wp\/v2\/pages\/10440\/revisions\/10442"}],"up":[{"embeddable":true,"href":"https:\/\/wordpress.educom.pt\/TIC-Portugal-19\/wp-json\/wp\/v2\/pages\/10330"}],"wp:attachment":[{"href":"https:\/\/wordpress.educom.pt\/TIC-Portugal-19\/wp-json\/wp\/v2\/media?parent=10440"}],"curies":[{"name":"wp","href":"https:\/\/api.w.org\/{rel}","templated":true}]}}