{"id":10450,"date":"2019-06-12T11:45:20","date_gmt":"2019-06-12T10:45:20","guid":{"rendered":"http:\/\/wordpress.educom.pt\/TIC-Portugal-19\/?page_id=10450"},"modified":"2019-06-12T12:31:13","modified_gmt":"2019-06-12T11:31:13","slug":"exploracao-de-robots-de-solo-no-1o-ciclo-do-ensino-basico","status":"publish","type":"page","link":"https:\/\/wordpress.educom.pt\/TIC-Portugal-19\/programa\/programa-setubal\/exploracao-de-robots-de-solo-no-1o-ciclo-do-ensino-basico\/","title":{"rendered":"Explora\u00e7\u00e3o de robots de solo no 1\u00ba Ciclo do Ensino B\u00e1sico"},"content":{"rendered":"<p style=\"text-align: center;\"><span style=\"font-weight: 400;\">Maria da Luz Simas, Mariana Frango, Rute Branquinho, Maria do Ros\u00e1rio Rodrigues e Pedro Fel\u00edcio<\/span><\/p>\n<p style=\"text-align: center;\">maria.simas@estudantes.ips.pt; mariana.frango@estudantes.ips.pt; rute.s.branquinho@gmail.com;\u00a0rosario.rodrigues@ese.ips.pt; pedro.felicio@ese.ips.pt<\/p>\n<p style=\"text-align: center;\"><span style=\"font-weight: 400;\">Escola Superior de Educa\u00e7\u00e3o do Instituto Polit\u00e9cnico de Set\u00fabal<\/span><\/p>\n<p>&nbsp;<\/p>\n<p><span style=\"font-weight: 400;\">O Clube de Robots Educativos da Escola Superior de Educa\u00e7\u00e3o do Instituto Polit\u00e9cnico de Set\u00fabal (<\/span><u><a href=\"http:\/\/projectos.ese.ips.pt\/robotclub\/\"><span style=\"font-weight: 400;\"><strong>http:\/\/projectos.ese.ips.pt\/robotclub\/<\/strong><\/span><\/a><\/u>) iniciou o seu funcionamento em outubro de 2018 e tem como principal objetivo o envolvimento de estudantes da Licenciatura em Educa\u00e7\u00e3o B\u00e1sica no desenvolvimento de atividades com robots de solo destinadas a contextos de Educa\u00e7\u00e3o. Neste workshop pretendemos dar uma breve perspetiva te\u00f3rica que suporta as atividades do clube, seguida da explora\u00e7\u00e3o de contextos produzidos pelas estudantes ao longo do ano letivo.<\/p>\n","protected":false},"excerpt":{"rendered":"<p>Maria da Luz Simas, Mariana Frango, Rute Branquinho, Maria do Ros\u00e1rio Rodrigues e Pedro Fel\u00edcio maria.simas@estudantes.ips.pt; mariana.frango@estudantes.ips.pt; rute.s.branquinho@gmail.com;\u00a0rosario.rodrigues@ese.ips.pt; pedro.felicio@ese.ips.pt Escola Superior de Educa\u00e7\u00e3o do Instituto&hellip;<\/p>\n","protected":false},"author":9,"featured_media":0,"parent":10330,"menu_order":0,"comment_status":"closed","ping_status":"closed","template":"","meta":[],"_links":{"self":[{"href":"https:\/\/wordpress.educom.pt\/TIC-Portugal-19\/wp-json\/wp\/v2\/pages\/10450"}],"collection":[{"href":"https:\/\/wordpress.educom.pt\/TIC-Portugal-19\/wp-json\/wp\/v2\/pages"}],"about":[{"href":"https:\/\/wordpress.educom.pt\/TIC-Portugal-19\/wp-json\/wp\/v2\/types\/page"}],"author":[{"embeddable":true,"href":"https:\/\/wordpress.educom.pt\/TIC-Portugal-19\/wp-json\/wp\/v2\/users\/9"}],"replies":[{"embeddable":true,"href":"https:\/\/wordpress.educom.pt\/TIC-Portugal-19\/wp-json\/wp\/v2\/comments?post=10450"}],"version-history":[{"count":8,"href":"https:\/\/wordpress.educom.pt\/TIC-Portugal-19\/wp-json\/wp\/v2\/pages\/10450\/revisions"}],"predecessor-version":[{"id":10464,"href":"https:\/\/wordpress.educom.pt\/TIC-Portugal-19\/wp-json\/wp\/v2\/pages\/10450\/revisions\/10464"}],"up":[{"embeddable":true,"href":"https:\/\/wordpress.educom.pt\/TIC-Portugal-19\/wp-json\/wp\/v2\/pages\/10330"}],"wp:attachment":[{"href":"https:\/\/wordpress.educom.pt\/TIC-Portugal-19\/wp-json\/wp\/v2\/media?parent=10450"}],"curies":[{"name":"wp","href":"https:\/\/api.w.org\/{rel}","templated":true}]}}