{"id":10453,"date":"2019-06-12T11:55:35","date_gmt":"2019-06-12T10:55:35","guid":{"rendered":"http:\/\/wordpress.educom.pt\/TIC-Portugal-19\/?page_id=10453"},"modified":"2019-06-12T12:01:41","modified_gmt":"2019-06-12T11:01:41","slug":"scratch-melodrone","status":"publish","type":"page","link":"https:\/\/wordpress.educom.pt\/TIC-Portugal-19\/programa\/programa-setubal\/scratch-melodrone\/","title":{"rendered":"Scratch &#038; Melodrone"},"content":{"rendered":"<p style=\"text-align: center;\"><span style=\"font-weight: 400;\">Pedro Fragoso<\/span><\/p>\n<p style=\"text-align: center;\">opedrofragoso@gmail.com<\/p>\n<p style=\"text-align: center;\"><span style=\"font-weight: 400;\">Agrupamento de Escolas Sebasti\u00e3o da Gama &#8211; E.B. 2.3 Aranguez<\/span><\/p>\n<p>&nbsp;<\/p>\n<p><span style=\"font-weight: 400;\">Esta sess\u00e3o pr\u00e1tica surge a partir do projeto iniciado na E.B, 2.3 de Aranguez, visando o contacto com uma linguagem de programa\u00e7\u00e3o, enquadrada por uma produ\u00e7\u00e3o criativa art\u00edstica com m\u00fasica e movimento.<\/span><\/p>\n<p><span style=\"font-weight: 400;\">Inicialmente ser\u00e3o desenvolvidos alguns projetos na plataforma <\/span><b><i>Scratch<\/i><\/b><i><span style=\"font-weight: 400;\"> (<\/span><\/i><strong><a href=\"https:\/\/scratch.mit.edu\/\"><u><i>https:\/\/scratch.mit.edu\/<\/i><\/u><\/a><\/strong><i><span style=\"font-weight: 400;\">)<\/span><\/i><span style=\"font-weight: 400;\">, proporcionando o contacto com a linguagem de programa\u00e7\u00e3o por blocos.<\/span><\/p>\n<p><span style=\"font-weight: 400;\">Seguidamente, a partir de um trecho musical, ser\u00e1 abordada uma sucinta an\u00e1lise musical relativa \u00e0s componentes sonoras de <\/span><i><span style=\"font-weight: 400;\">Din\u00e2mica, Timbre, Altura, Dura\u00e7\u00e3o, <\/span><\/i><span style=\"font-weight: 400;\">com enf\u00e2se na <\/span><i><span style=\"font-weight: 400;\">Forma<\/span><\/i><span style=\"font-weight: 400;\">. Usando a aplica\u00e7\u00e3o <\/span><b><i>Audacity<\/i><\/b><span style=\"font-weight: 400;\">, manusearemos a amostra sonora simplificando a sua forma, adaptando-a \u00a0\u00e0 fase de trabalho seguinte.<\/span><\/p>\n<p><span style=\"font-weight: 400;\">Finalmente, recorrendo \u00e0 aplica\u00e7\u00e3o <\/span><b><i>Tynker<\/i><\/b><span style=\"font-weight: 400;\"> (em Tablet), criar-se-\u00e1 uma programa\u00e7\u00e3o de voo, que ser\u00e1 executada com os <\/span><b>drones<\/b><span style=\"font-weight: 400;\"> e os trechos musicais editados anteriormente.<\/span><\/p>\n<p>&nbsp;<\/p>\n<p><b>Material necess\u00e1rio:<\/b> <span style=\"font-weight: 400;\"><br \/>\n<\/span><\/p>\n<ul>\n<li><span style=\"font-weight: 400;\">Os participantes devem trazer os seus auscultadores (Headphones) e cal\u00e7ado apropriado para o gin\u00e1sio.<\/span><\/li>\n<\/ul>\n","protected":false},"excerpt":{"rendered":"<p>Pedro Fragoso opedrofragoso@gmail.com Agrupamento de Escolas Sebasti\u00e3o da Gama &#8211; E.B. 2.3 Aranguez &nbsp; Esta sess\u00e3o pr\u00e1tica surge a partir do projeto iniciado na E.B,&hellip;<\/p>\n","protected":false},"author":9,"featured_media":0,"parent":10330,"menu_order":0,"comment_status":"closed","ping_status":"closed","template":"","meta":[],"_links":{"self":[{"href":"https:\/\/wordpress.educom.pt\/TIC-Portugal-19\/wp-json\/wp\/v2\/pages\/10453"}],"collection":[{"href":"https:\/\/wordpress.educom.pt\/TIC-Portugal-19\/wp-json\/wp\/v2\/pages"}],"about":[{"href":"https:\/\/wordpress.educom.pt\/TIC-Portugal-19\/wp-json\/wp\/v2\/types\/page"}],"author":[{"embeddable":true,"href":"https:\/\/wordpress.educom.pt\/TIC-Portugal-19\/wp-json\/wp\/v2\/users\/9"}],"replies":[{"embeddable":true,"href":"https:\/\/wordpress.educom.pt\/TIC-Portugal-19\/wp-json\/wp\/v2\/comments?post=10453"}],"version-history":[{"count":2,"href":"https:\/\/wordpress.educom.pt\/TIC-Portugal-19\/wp-json\/wp\/v2\/pages\/10453\/revisions"}],"predecessor-version":[{"id":10461,"href":"https:\/\/wordpress.educom.pt\/TIC-Portugal-19\/wp-json\/wp\/v2\/pages\/10453\/revisions\/10461"}],"up":[{"embeddable":true,"href":"https:\/\/wordpress.educom.pt\/TIC-Portugal-19\/wp-json\/wp\/v2\/pages\/10330"}],"wp:attachment":[{"href":"https:\/\/wordpress.educom.pt\/TIC-Portugal-19\/wp-json\/wp\/v2\/media?parent=10453"}],"curies":[{"name":"wp","href":"https:\/\/api.w.org\/{rel}","templated":true}]}}