{"id":10465,"date":"2019-06-12T15:20:51","date_gmt":"2019-06-12T14:20:51","guid":{"rendered":"http:\/\/wordpress.educom.pt\/TIC-Portugal-19\/?page_id=10465"},"modified":"2020-01-22T12:21:54","modified_gmt":"2020-01-22T11:21:54","slug":"programa-vale-de-cambra","status":"publish","type":"page","link":"https:\/\/wordpress.educom.pt\/TIC-Portugal-19\/programa\/programa-vale-de-cambra\/","title":{"rendered":"Programa | Vale de Cambra"},"content":{"rendered":"<p>09h00 \u00e0s 09h30 | Rece\u00e7\u00e3o dos participantes<\/p>\n<p>09h30 \u00e0s 10h00 | Sess\u00e3o de Abertura\u00a0(videoconfer\u00eancia)<\/p>\n<p>10h00 \u00e0s 10h30 | Confer\u00eancia Plen\u00e1ria (videoconfer\u00eancia a partir do Monte de Caparica)<\/p>\n<p style=\"padding-left: 120px;\"><strong>Matem\u00e1tica &amp; Tecnologia, Todos Os Dias!<\/strong>, por Jos\u00e9 Paulo Viana<\/p>\n<p>10h30 \u00e0s 11h00 | Intervalo<\/p>\n<p>11h00 \u00e0s 13h00 | Comunica\u00e7\u00f5es paralelas &#8211; A decorrer na escola EB1 da Pra\u00e7a<\/p>\n<p style=\"padding-left: 120px;\">Sala 1 &#8211; Modera\u00e7\u00e3o: Maria Jos\u00e9 Loureiro<\/p>\n<p style=\"padding-left: 120px;\">C1 &#8211; <u><a href=\"https:\/\/wordpress.educom.pt\/TIC-Portugal-19\/programa\/programa-vale-de-cambra\/paprica-um-projeto-em-autonomia-e-flexibilidade-curricular\/\" target=\"_blank\" rel=\"noopener noreferrer\"><strong>PAprICa \u2013 Um projeto em Autonomia e Flexibilidade Curricular<\/strong><\/a><\/u>, por Filipe T. Moreira; M\u00e1rio Vairinhos; Fernando Ramos &#8211; DigiMedia\/DECA\/UA<\/p>\n<p style=\"padding-left: 120px;\">C17 &#8211;\u00a0<u><a href=\"https:\/\/wordpress.educom.pt\/TIC-Portugal-19\/programa\/programa-vale-de-cambra\/a-internet-das-coisas-numa-abordagem-interdisciplinar-no-3-o-ciclo-do-ensino-basico\/\" target=\"_blank\" rel=\"noopener noreferrer\"><strong>A internet das coisas numa abordagem interdisciplinar no 3.\u00ba ciclo do ensino b\u00e1sico<\/strong><\/a><\/u>, por Andreia Magalh\u00e3es, Ant\u00f3nio Andrade e Jos\u00e9 Matias Alves &#8211; Universidade Cat\u00f3lica do Porto<\/p>\n<p style=\"padding-left: 120px;\">C6 &#8211;\u00a0<u><a href=\"https:\/\/wordpress.educom.pt\/TIC-Portugal-19\/programa\/programa-vale-de-cambra\/apps-for-goodwill-cenario-de-aprendizagem-em-educacao-para-a-cidadania\/\" target=\"_blank\" rel=\"noopener noreferrer\"><strong>Apps for Goodwill &#8211; cen\u00e1rio de aprendizagem em Educa\u00e7\u00e3o para a Cidadania<\/strong><\/a><\/u>, por Sandrine Herculano e Teresa Rino &#8211; ESMC<\/p>\n<p style=\"padding-left: 120px;\">C10 &#8211;\u00a0<u><a href=\"https:\/\/wordpress.educom.pt\/TIC-Portugal-19\/programa\/programa-vale-de-cambra\/o-projeto-etwinning-apps4u\/\" target=\"_blank\" rel=\"noopener noreferrer\"><strong>O Projeto eTwinning Apps4U<\/strong><\/a><\/u>, por Ant\u00f3nio Jo\u00e3o Lopes, Embaixador Scientix, Agrupamento de Escolas de Esmoriz \u2013 Ovar Norte<\/p>\n<p>&nbsp;<\/p>\n<p style=\"padding-left: 120px;\">Sala 2 &#8211; Modera\u00e7\u00e3o: Isabel Cabrita<\/p>\n<p style=\"padding-left: 120px;\">C2 &#8211; <u><a href=\"https:\/\/wordpress.educom.pt\/TIC-Portugal-19\/programa\/programa-vale-de-cambra\/robots-e-pensamento-computacional\/\" target=\"_blank\" rel=\"noopener noreferrer\"><strong>Robots e pensamento computacional<\/strong><\/a><\/u>, por Milene Oliveira, Ana Rita Fernandes, Isabel Cabrita, Cec\u00edlia Guerra e Maria Jos\u00e9 Loureiro &#8211; Centro de Investiga\u00e7\u00e3o Did\u00e1tica e Tecnologia na Forma\u00e7\u00e3o de Formadores e Departamento de Educa\u00e7\u00e3o e Psicologia, Universidade de Aveiro<\/p>\n<p style=\"padding-left: 120px;\">C3 &#8211; <u><a href=\"https:\/\/wordpress.educom.pt\/TIC-Portugal-19\/programa\/programa-vale-de-cambra\/os-projetos-erasmus-e-os-projetos-etwinning-como-clusters-para-a-modernizacao-das-praticas-pedagogicas-e-para-a-internacionalizacao-dos-agrupamentos\/\" target=\"_blank\" rel=\"noopener noreferrer\"><strong>Os Projetos Erasmus + e os Projetos eTwinning como clusters para a moderniza\u00e7\u00e3o das pr\u00e1ticas pedag\u00f3gicas e para a internacionaliza\u00e7\u00e3o dos Agrupamentos<\/strong><\/a><\/u>, por\u00a0C\u00e1tia Val\u00e9ria e Isabel Cabo &#8211;\u00a0Agrupamento de Escolas Latino Coelho, Lamego<\/p>\n<p style=\"padding-left: 120px;\">C11 &#8211;\u00a0<u><a href=\"https:\/\/wordpress.educom.pt\/TIC-Portugal-19\/programa\/programa-vale-de-cambra\/as-tic-na-disciplina-de-historia\/\" target=\"_blank\" rel=\"noopener noreferrer\"><strong>As TIC na disciplina de Hist\u00f3ria<\/strong><\/a><\/u>, por Fernanda Ferreira &#8211; Agrupamento de Escolas\u00a0Fernando Pessoa &#8211; Santa Maria da Feira<\/p>\n<p style=\"padding-left: 120px;\">C18 &#8211;\u00a0<u><a href=\"https:\/\/wordpress.educom.pt\/TIC-Portugal-19\/programa\/programa-vale-de-cambra\/desenho-de-observacao\/\" target=\"_blank\" rel=\"noopener noreferrer\"><strong>Desenho de observa\u00e7\u00e3o<\/strong><\/a><\/u>, por F\u00e1tima Loureiro &#8211; Agrupamento de Escolas de Escariz &#8211; Arouca -aguarda resumo<\/p>\n<p>&nbsp;<\/p>\n<p style=\"padding-left: 120px;\">Sala 3 &#8211; Modera\u00e7\u00e3o:Ana Oliveira<\/p>\n<p style=\"padding-left: 120px;\">C4 &#8211; <u><a href=\"https:\/\/wordpress.educom.pt\/TIC-Portugal-19\/programa\/programa-vale-de-cambra\/o-projeto-etwinning-grandmas-stories-in-2080\/\" target=\"_blank\" rel=\"noopener noreferrer\"><strong>O Projeto eTwinning Grandma\u2019s Stories in 2080<\/strong><\/a><\/u>,\u00a0Maria da Piedade Carvalho da Silva &#8211;\u00a0Agrupamento de Escolas de S\u00e1t\u00e3o \u2013 Centro de forma\u00e7\u00e3o Edufor<\/p>\n<p style=\"padding-left: 120px;\">C8 &#8211;\u00a0<u><a href=\"https:\/\/wordpress.educom.pt\/TIC-Portugal-19\/programa\/programa-vale-de-cambra\/exploracao-dos-jardins-do-palacio-dos-condes-de-anadia\/\" target=\"_blank\" rel=\"noopener noreferrer\"><strong>Explora\u00e7\u00e3o dos Jardins do Pal\u00e1cio dos Condes de Anadia<\/strong><\/a><\/u>, por F\u00e1bio Fonseca Ribeiro; Equipa da Academi@ STEM Mangualde<\/p>\n<p style=\"padding-left: 120px;\">C15 &#8211;\u00a0<u><a href=\"https:\/\/wordpress.educom.pt\/TIC-Portugal-19\/programa\/programa-vale-de-cambra\/propostas-resultantes-de-uma-oficina-de-formacao-em-tic-1-o-ciclo\/\" target=\"_blank\" rel=\"noopener noreferrer\"><strong>Propostas resultantes de uma Oficina de Forma\u00e7\u00e3o em TIC \u2013 1.\u00ba ciclo<\/strong><\/a><\/u>, por Carolina Almeida &#8211; Universidade de Aveiro, CCTIC Aveiro<\/p>\n<p style=\"padding-left: 120px;\">C13 &#8211;\u00a0<a href=\"https:\/\/wordpress.educom.pt\/TIC-Portugal-19\/programa\/programa-vale-de-cambra\/criacao-e-edicao-de-videogramas-para-uma-aprendizagem-autonoma-e-reflexao-sobre-a-capacidade-de-autonomia-do-professor\/\"><strong><u>Cria\u00e7\u00e3o e edi\u00e7\u00e3o de videogramas para uma aprendizagem aut\u00f3noma e reflex\u00e3o sobre a capacidade de autonomia do professor<\/u><\/strong><\/a>, por\u00a0Laurinda Fernandes &#8211;\u00a0Escola Secund\u00e1ria Camilo Castelo Branco<\/p>\n<p>&nbsp;<\/p>\n<p style=\"padding-left: 120px;\">Sala 4 &#8211; Modera\u00e7\u00e3o:David Oliveira<\/p>\n<p style=\"padding-left: 120px;\">C5 &#8211; <u><a href=\"https:\/\/wordpress.educom.pt\/TIC-Portugal-19\/programa\/programa-vale-de-cambra\/avila-crew-mentoria-de-estudantes-para-estudantes-em-formato-de-jogo-comunicacao\/\" target=\"_blank\" rel=\"noopener noreferrer\"><strong>AVILA Crew \u2013 Mentoria de estudantes para estudantes em formato de jogo<\/strong><\/a><\/u>, por\u00a0Carlos Santos &#8211;\u00a0DeCA \u2013 Universidade de Aveiro<\/p>\n<p style=\"padding-left: 120px;\">C7 &#8211; <u><a href=\"https:\/\/wordpress.educom.pt\/TIC-Portugal-19\/programa\/programa-vale-de-cambra\/projeto-supertabi-maia-o-futuro-agora\/\" target=\"_blank\" rel=\"noopener noreferrer\"><strong>Projeto SUPERTABi Maia: O futuro, agora!<\/strong><\/a><\/u>, por Marco Bento, Jos\u00e9 Alberto Lencastre, Carla Maia, Carmem Pinto, Erc\u00edlia Silva, Ana Paula Cruz, S\u00f3nia Antunes, Jos\u00e9 Sousa e Manuel Morais<\/p>\n<p style=\"padding-left: 120px;\">C12 &#8211;\u00a0<u><a href=\"https:\/\/wordpress.educom.pt\/TIC-Portugal-19\/programa\/programa-vale-de-cambra\/tablets-e-competencias-digitais-avaliacao-retrospetiva-de-impacto\/\" target=\"_blank\" rel=\"noopener noreferrer\"><strong>Tablets e compet\u00eancias digitais: avalia\u00e7\u00e3o retrospetiva de impacto<\/strong><\/a><\/u>, por \u00a0Margarida Lucas &#8211; Universidade de Aveiro<\/p>\n<p>&nbsp;<\/p>\n<p style=\"padding-left: 120px;\">Sala 5 &#8211; Modera\u00e7\u00e3o:Susana Senos<\/p>\n<p style=\"padding-left: 120px;\">C14 &#8211;\u00a0<u><a href=\"https:\/\/wordpress.educom.pt\/TIC-Portugal-19\/programa\/programa-vale-de-cambra\/kml2\/\" target=\"_blank\" rel=\"noopener noreferrer\"><strong>KML2 &#8211; Laborat\u00f3rio de Tecnologias e Aprendizagem de Programa\u00e7\u00e3o para o\u00a0Pr\u00e9-Escolar e 1.\u00ba Ciclo de Ensino B\u00e1sico em Portugal<\/strong><\/a><\/u>, por Maribel Santos\u00a0Miranda Pinto \u2013 Escola Superior de Educa\u00e7\u00e3o do Instituto Polit\u00e9cnico deViseu e Projeto KML2 (Universidade do Minho)<\/p>\n<p style=\"padding-left: 120px;\"><span style=\"font-weight: 400;\">C19 &#8211; <u><a href=\"https:\/\/wordpress.educom.pt\/TIC-Portugal-19\/programacao-e-robotica-em-portugal-praticas-educativas-diferenciadoras\/\" target=\"_blank\" rel=\"noopener noreferrer\"><strong>Programa\u00e7\u00e3o e Rob\u00f3tica em Portugal &#8211; pr\u00e1ticas educativas diferenciadoras<\/strong><\/a><\/u>, por Ant\u00f3nio Silva &#8211; ERTE\/DGE<\/span><\/p>\n<p style=\"padding-left: 120px;\">C9 &#8211;\u00a0<u><a href=\"https:\/\/wordpress.educom.pt\/TIC-Portugal-19\/programa\/programa-vale-de-cambra\/o-portal-scientix-e-o-projeto-a-descoberta-do-parque-ambiental-do-bucaquinho-com-o-robo-ecotic\/\" target=\"_blank\" rel=\"noopener noreferrer\"><strong>O Portal Scientix e o Projeto \u201c\u00c0 Descoberta do Parque Ambiental do Bu\u00e7aquinho com o Rob\u00f4 EcoTIC\u201d<\/strong><\/a><\/u>, por Ant\u00f3nio Jo\u00e3o Lopes, Embaixador Scientix &#8211; Agrupamento de Escolas de Esmoriz \u2013 Ovar Norte<\/p>\n<p style=\"padding-left: 120px;\"><span style=\"font-weight: 400;\">C16 &#8211; <\/span> <u><a href=\"https:\/\/wordpress.educom.pt\/TIC-Portugal-19\/programa\/programa-vale-de-cambra\/programacao-e-robotica-estrategias-e-praticas-de-aprendizagem-no-1-o-2-o-e-3-o-ceb\/\" target=\"_blank\" rel=\"noopener noreferrer\"><strong>Programa\u00e7\u00e3o e Rob\u00f3tica: estrat\u00e9gias e pr\u00e1ticas de aprendizagem no 1.\u00ba, 2.\u00ba\u00a0e 3.\u00ba CEB<\/strong><\/a><\/u>, por Ana Patr\u00edcia Oliveira &#8211; <span style=\"font-weight: 400;\">Estabelecimento de\u00a0<\/span><span style=\"font-weight: 400;\">Ensino Santa Joana<\/span><\/p>\n<p>13h00 \u00e0s 14h00 | Almo\u00e7o livre<\/p>\n<p>14h00 \u00e0s 15h15 | 1.\u00aa\u00a0 Sess\u00e3o pr\u00e1tica &#8211; A decorrer na escola EB1 da Pra\u00e7a<\/p>\n<p style=\"padding-left: 120px;\">Sp1 &#8211; <u><a href=\"https:\/\/wordpress.educom.pt\/TIC-Portugal-19\/programa\/programa-vale-de-cambra\/a-criacao-de-banda-desenhada-online-recurso-potenciador-da-producao-escrita\/\" target=\"_blank\" rel=\"noopener noreferrer\"><strong>A cria\u00e7\u00e3o de Banda Desenhada online &#8211; recurso potenciador da produ\u00e7\u00e3o escrita<\/strong><\/a><\/u>, por Maria Manuel Santos &#8211; Grupo ProTextos &#8211; Universidade de Aveiro, Agrupamento de Escolas de Vagos<\/p>\n<p style=\"padding-left: 120px;\">SP3 &#8211;\u00a0<u><a href=\"https:\/\/wordpress.educom.pt\/TIC-Portugal-19\/programa\/programa-vale-de-cambra\/quer-fazer-parte-daquela-que-e-a-maior-comunidade-de-professores-da-europa\/\" target=\"_blank\" rel=\"noopener noreferrer\"><strong>Quer fazer parte daquela que \u00e9 a maior comunidade de professores da Europa? Venha descobrir e explorar as potencialidades da a\u00e7\u00e3o eTwinning<\/strong><\/a><\/u>, por Maria Piedade carvalho da Silva &#8211; Centro de forma\u00e7\u00e3o, EDUFOR &#8211; AE de S\u00e1t\u00e3o<\/p>\n<p style=\"padding-left: 120px;\">SP5 &#8211;\u00a0<u><a href=\"https:\/\/wordpress.educom.pt\/TIC-Portugal-19\/programa\/programa-vale-de-cambra\/plickers-uma-ferramenta-digital-para-avaliacao\/\" target=\"_blank\" rel=\"noopener noreferrer\"><strong>Plickers: uma ferramenta digital para avalia\u00e7\u00e3o<\/strong><\/a><\/u>, por C\u00e1tia Val\u00e9ria e Sofia Rodrigues -Agrupamento de Escolas Latino Coelho, Lamego<\/p>\n<p style=\"padding-left: 120px;\">SP7 &#8211;\u00a0<u><a href=\"https:\/\/wordpress.educom.pt\/TIC-Portugal-19\/programa\/programa-vale-de-cambra\/motivacao-e-acao-na-sala-de-aula-as-potencialidades-da-ferramenta-learningapps\/\" target=\"_blank\" rel=\"noopener noreferrer\"><strong>Motiva\u00e7\u00e3o e A\u00e7\u00e3o na sala de aula: as potencialidades da ferramenta LearningApps<\/strong><\/a><\/u>, por Carlos Almeida e Cl\u00e1udia Gomes &#8211; Agrupamento de Escolas Latino Coelho, Lamego<\/p>\n<p style=\"padding-left: 120px;\"><span style=\"font-weight: 400;\">SP 9 &#8211; <u><a href=\"https:\/\/wordpress.educom.pt\/TIC-Portugal-19\/programa\/programa-vale-de-cambra\/dispositivos-moveis-nas-aprendizagemns\/\" target=\"_blank\" rel=\"noopener noreferrer\"><strong>Dispositivos m\u00f3veis na(s) aprendizagem(ns)<\/strong><\/a><\/u>, por Ant\u00f3nio Paulo &#8211;\u00a0 Escola Secund\u00e1ria Ferreira de Castro<\/span><\/p>\n<p>&nbsp;<\/p>\n<p>15h30 \u00e0s 16h45 | 2.\u00aa\u00a0 Sess\u00e3o pr\u00e1tica &#8211; A decorrer na escola EB1 da Pra\u00e7a<\/p>\n<p style=\"padding-left: 120px;\">SP2 &#8211; <u><a href=\"https:\/\/wordpress.educom.pt\/TIC-Portugal-19\/programa\/programa-vale-de-cambra\/a-leitura-e-a-escrita-em-ambientes-digitais-como-potenciadoras-de-aprendizagem-no-1-o-ciclo-do-ensino-basico-sessao-pratica\/\" target=\"_blank\" rel=\"noopener noreferrer\"><strong>A leitura e a escrita em ambientes digitais como potenciadoras de aprendizagem no 1.\u00ba Ciclo do Ensino B\u00e1sico<\/strong><\/a><\/u>, por\u00a0C\u00e9lia da Gra\u00e7a Lopes &#8211;\u00a0Grupo Protextos \u2013 Universidade de Aveiro \u2013 Agrupamento de Escolas Jo\u00e3o da Silva Correia<\/p>\n<p style=\"padding-left: 120px;\">SP4 &#8211; <strong><u><a href=\"https:\/\/wordpress.educom.pt\/TIC-Portugal-19\/programa\/programa-vale-de-cambra\/imaginar-e-criar-com-scratchjr-pensar-atividades-para-criancas-dos-4-aos-10-anos\/\" target=\"_blank\" rel=\"noopener noreferrer\">Imaginar e Criar com ScratchJr &#8211; Pensar atividades para Crian\u00e7as dos 4<\/a> aos 10 anos<\/u><\/strong>, por Ricardo Pinto (Agrupamento de Escolas de Mira) e Maribel Miranda (ESE Viseu e Universidade do Minho)<\/p>\n<p style=\"padding-left: 120px;\">SP6 &#8211; <u><a href=\"https:\/\/wordpress.educom.pt\/TIC-Portugal-19\/programa\/programa-vale-de-cambra\/ferramentas-digitais-para-a-educacao-inclusiva-padlet-crearunavatar-e-trading-card\/\" target=\"_blank\" rel=\"noopener noreferrer\"><strong>Ferramentas digitais para a Educa\u00e7\u00e3o Inclusiva: Padlet, Crearunavatar e Trading Card<\/strong><\/a><\/u>, por\u00a0Francisco Soeiro e Marisa Manuel Ferreira Branco Marado &#8211;\u00a0Agrupamento de Escolas Latino Coelho, Lamego<\/p>\n<p style=\"padding-left: 120px;\">SP8 &#8211; <u><a href=\"https:\/\/wordpress.educom.pt\/TIC-Portugal-19\/programa\/programa-vale-de-cambra\/utilizacao-do-gimp-edicao-de-imagem\/\" target=\"_blank\" rel=\"noopener noreferrer\"><strong>Utiliza\u00e7\u00e3o do GIMP \u2013 edi\u00e7\u00e3o de imagem<\/strong><\/a><\/u>, por Abel Fontemanha &#8211; Agrupamento de Escolas de Anadia<\/p>\n<p style=\"padding-left: 120px;\">SP10 &#8211; <strong>A plataforma interativa Classflow<\/strong>, por Carla Maia &#8211;\u00a0 AE Gon\u00e7alves Mendes (Maia)<\/p>\n<p>16h30 \u00e0s 17h00 | Intervalo &#8211; Centro Cultural de Macieira de Cambra<\/p>\n<p>17h00 \u00e0s 17h30 | Mesa Redonda: coordenadores dos CC TIC participantes (videoconfer\u00eancia)<\/p>\n<p>17h30 \u00e0s 17h45 | Encerramento (videoconfer\u00eancia)<\/p>\n<p>18:30 | Entrega de certificados<\/p>\n<p>&nbsp;<\/p>\n<p style=\"padding-left: 40px;\">Paralelamente ao TIC@Portugal\u201919 do CCTIC UA, em Vale de Cambra, decorrer\u00e1 o Evento Multiplicador do Projeto TangIn (<strong><u><a href=\"http:\/\/www.tangin.eu\" target=\"_blank\" rel=\"noopener noreferrer\">www.tangin.eu<\/a><\/u><\/strong>) sobre a utiliza\u00e7\u00e3o da programa\u00e7\u00e3o tang\u00edvel em contexto escolar, organizado e dinamizado pelo Agrupamento de Escolas da Murtosa, um dos parceiros do Projeto. A participa\u00e7\u00e3o neste evento paralelo est\u00e1 sujeita a convite da organiza\u00e7\u00e3o.<br \/>\nS\u00e3o dinamizadores da sess\u00e3o os professores Margarida Peixinho, Catarina Sousa, Diamantina Baltazar, Germano Rodrigues e Manuel Arc\u00eancio.<\/p>\n","protected":false},"excerpt":{"rendered":"<p>09h00 \u00e0s 09h30 | Rece\u00e7\u00e3o dos participantes 09h30 \u00e0s 10h00 | Sess\u00e3o de Abertura\u00a0(videoconfer\u00eancia) 10h00 \u00e0s 10h30 | Confer\u00eancia Plen\u00e1ria (videoconfer\u00eancia a partir do Monte&hellip;<\/p>\n","protected":false},"author":9,"featured_media":0,"parent":17,"menu_order":6,"comment_status":"closed","ping_status":"closed","template":"","meta":[],"_links":{"self":[{"href":"https:\/\/wordpress.educom.pt\/TIC-Portugal-19\/wp-json\/wp\/v2\/pages\/10465"}],"collection":[{"href":"https:\/\/wordpress.educom.pt\/TIC-Portugal-19\/wp-json\/wp\/v2\/pages"}],"about":[{"href":"https:\/\/wordpress.educom.pt\/TIC-Portugal-19\/wp-json\/wp\/v2\/types\/page"}],"author":[{"embeddable":true,"href":"https:\/\/wordpress.educom.pt\/TIC-Portugal-19\/wp-json\/wp\/v2\/users\/9"}],"replies":[{"embeddable":true,"href":"https:\/\/wordpress.educom.pt\/TIC-Portugal-19\/wp-json\/wp\/v2\/comments?post=10465"}],"version-history":[{"count":45,"href":"https:\/\/wordpress.educom.pt\/TIC-Portugal-19\/wp-json\/wp\/v2\/pages\/10465\/revisions"}],"predecessor-version":[{"id":11013,"href":"https:\/\/wordpress.educom.pt\/TIC-Portugal-19\/wp-json\/wp\/v2\/pages\/10465\/revisions\/11013"}],"up":[{"embeddable":true,"href":"https:\/\/wordpress.educom.pt\/TIC-Portugal-19\/wp-json\/wp\/v2\/pages\/17"}],"wp:attachment":[{"href":"https:\/\/wordpress.educom.pt\/TIC-Portugal-19\/wp-json\/wp\/v2\/media?parent=10465"}],"curies":[{"name":"wp","href":"https:\/\/api.w.org\/{rel}","templated":true}]}}