{"id":10494,"date":"2019-06-18T09:49:26","date_gmt":"2019-06-18T08:49:26","guid":{"rendered":"http:\/\/wordpress.educom.pt\/TIC-Portugal-19\/?page_id=10494"},"modified":"2019-06-26T10:09:11","modified_gmt":"2019-06-26T09:09:11","slug":"programa-evora","status":"publish","type":"page","link":"https:\/\/wordpress.educom.pt\/TIC-Portugal-19\/programa\/programa-evora\/","title":{"rendered":"Programa | \u00c9vora"},"content":{"rendered":"<p>Clique (<u><a href=\"https:\/\/ccticue.wixsite.com\/ticportugal-evora\/programa\" target=\"_blank\" rel=\"noopener noreferrer\"><strong>AQUI<\/strong><\/a><\/u>) para aceder \u00e0 p\u00e1gina espec\u00edfica do CCTIC em \u00c9vora<\/p>\n<p>Programa comum partilhado por videoconfer\u00eancia:<\/p>\n<p>MANH\u00c3 (das 9:30 \u00e0s 11:30) E FINAL DE TARDE (das 17:00 \u00e0s 17:45) EM VIDEOCONFER\u00caNCIA MULTIPONTO<br \/>\n\u200b<br \/>\n09:00 &#8211; Rece\u00e7\u00e3o dos participantes<br \/>\n\u200b<br \/>\n09:30 &#8211; Sess\u00e3o de Abertura (videoconfer\u00eancia)<br \/>\n\u200b<\/p>\n<p>10h00 &#8211; Confer\u00eancia Plen\u00e1ria (videoconfer\u00eancia a partir do Monte de Caparica)<\/p>\n<p style=\"padding-left: 40px;\"><strong>Matem\u00e1tica &amp; Tecnologia, Todos Os Dias!<\/strong>, por Jos\u00e9 Paulo Viana<\/p>\n<p>10:30 &#8211; Intervalo<\/p>\n<p>11:00 &#8211; Comunica\u00e7\u00f5es e Partilha de Boas Pr\u00e1ticas: a definir<\/p>\n<p>13:00 &#8211; Almo\u00e7o livre<\/p>\n<p>14:30 &#8211; Sess\u00f5es pr\u00e1ticas:<br \/>\nTem\u00e1tica central: Integra\u00e7\u00e3o das tecnologias no 1.\u00ba ciclo do ensino b\u00e1sico<\/p>\n<p>16:30 &#8211; Intervalo (Coffee break)<\/p>\n<p>17:00 &#8211; Mesa Redonda: coordenadores dos CC TIC participantes<\/p>\n<p>17:30 \/ 17:45 &#8211; Sess\u00e3o de Encerramento (videoconfer\u00eancia)<\/p>\n<p>Nota: As sess\u00f5es plen\u00e1rias decorrer\u00e3o no Col\u00e9gio Pedro da Fonseca &#8211; Universidade de \u00c9vora.<\/p>\n","protected":false},"excerpt":{"rendered":"<p>Clique (AQUI) para aceder \u00e0 p\u00e1gina espec\u00edfica do CCTIC em \u00c9vora Programa comum partilhado por videoconfer\u00eancia: MANH\u00c3 (das 9:30 \u00e0s 11:30) E FINAL DE TARDE&hellip;<\/p>\n","protected":false},"author":9,"featured_media":0,"parent":17,"menu_order":0,"comment_status":"closed","ping_status":"closed","template":"","meta":[],"_links":{"self":[{"href":"https:\/\/wordpress.educom.pt\/TIC-Portugal-19\/wp-json\/wp\/v2\/pages\/10494"}],"collection":[{"href":"https:\/\/wordpress.educom.pt\/TIC-Portugal-19\/wp-json\/wp\/v2\/pages"}],"about":[{"href":"https:\/\/wordpress.educom.pt\/TIC-Portugal-19\/wp-json\/wp\/v2\/types\/page"}],"author":[{"embeddable":true,"href":"https:\/\/wordpress.educom.pt\/TIC-Portugal-19\/wp-json\/wp\/v2\/users\/9"}],"replies":[{"embeddable":true,"href":"https:\/\/wordpress.educom.pt\/TIC-Portugal-19\/wp-json\/wp\/v2\/comments?post=10494"}],"version-history":[{"count":4,"href":"https:\/\/wordpress.educom.pt\/TIC-Portugal-19\/wp-json\/wp\/v2\/pages\/10494\/revisions"}],"predecessor-version":[{"id":10632,"href":"https:\/\/wordpress.educom.pt\/TIC-Portugal-19\/wp-json\/wp\/v2\/pages\/10494\/revisions\/10632"}],"up":[{"embeddable":true,"href":"https:\/\/wordpress.educom.pt\/TIC-Portugal-19\/wp-json\/wp\/v2\/pages\/17"}],"wp:attachment":[{"href":"https:\/\/wordpress.educom.pt\/TIC-Portugal-19\/wp-json\/wp\/v2\/media?parent=10494"}],"curies":[{"name":"wp","href":"https:\/\/api.w.org\/{rel}","templated":true}]}}