{"id":10521,"date":"2019-06-21T11:36:12","date_gmt":"2019-06-21T10:36:12","guid":{"rendered":"http:\/\/wordpress.educom.pt\/TIC-Portugal-19\/?page_id=10521"},"modified":"2019-06-21T12:18:56","modified_gmt":"2019-06-21T11:18:56","slug":"as-tic-ao-servico-do-ensino-e-da-aprendizagem","status":"publish","type":"page","link":"https:\/\/wordpress.educom.pt\/TIC-Portugal-19\/programa\/programa-monte-de-caparica\/as-tic-ao-servico-do-ensino-e-da-aprendizagem\/","title":{"rendered":"As TIC ao servi\u00e7o do ensino e da aprendizagem (sess\u00e3o pr\u00e1tica)"},"content":{"rendered":"<p style=\"text-align: center;\">S\u00e9rgio Leal<\/p>\n<p style=\"text-align: center;\">sergioleal20@gmail.com<\/p>\n<p style=\"text-align: center;\">QiPP \u2013 Projetos Sustent\u00e1veis <strong>(<u><a href=\"http:\/\/www.qipp.pt\" target=\"_blank\" rel=\"noopener noreferrer\">www.qipp.pt<\/a><\/u>)<\/strong> &amp; Agrupamento de Escolas Amadora Oeste<\/p>\n<p>&nbsp;<\/p>\n<p>Atendendo ao crescente n\u00famero de ferramentas digitais, muitas delas direcionadas ou com potencial para uma utiliza\u00e7\u00e3o educativa, \u00e9 importante definirem-se algumas estrat\u00e9gias de utiliza\u00e7\u00e3o em sala de aula.<\/p>\n<p>Nesta sess\u00e3o pr\u00e1tica iremos experimentar a utiliza\u00e7\u00e3o de algumas ferramentas digitais, tais como o <em>Edmodo<\/em>, o <em>Socrative<\/em> ou o <em>Kahoot<\/em>, de forma a explorarmos as suas potencialidades educativas. Esta sess\u00e3o pr\u00e1tica pretende ainda ser um espa\u00e7o de reflex\u00e3o e partilha sobre a as din\u00e2micas pedag\u00f3gicas proporcionadas pela utiliza\u00e7\u00e3o destas ferramentas, bem como um momento de partilha de conhecimentos e experi\u00eancias no \u00e2mbito da utiliza\u00e7\u00e3o das TIC para o ensino e para a aprendizagem.<\/p>\n<p>&nbsp;<\/p>\n<p>P\u00fablico Alvo:<\/p>\n<ul>\n<li>Professores de todos os ciclos e \u00e1reas disciplinares<\/li>\n<\/ul>\n<p>&nbsp;<\/p>\n<p>Material:<\/p>\n<ul>\n<li>Sala de computadores com liga\u00e7\u00e3o \u00e0 Internet ou port\u00e1til pr\u00f3prio<\/li>\n<li>Smartphone (para instalar as aplica\u00e7\u00f5es das ferramentas)<\/li>\n<\/ul>\n<p>&nbsp;<\/p>\n<p>Refer\u00eancias:<\/p>\n<ul>\n<li><u><a href=\"https:\/\/www.edmodo.com\" target=\"_blank\" rel=\"noopener noreferrer\">https:\/\/www.edmodo.com<\/a><\/u><\/li>\n<li><u><a href=\"https:\/\/socrative.com\" target=\"_blank\" rel=\"noopener noreferrer\">https:\/\/socrative.com<\/a><\/u><\/li>\n<li><u><a href=\"https:\/\/kahoot.com\" target=\"_blank\" rel=\"noopener noreferrer\">https:\/\/kahoot.com<\/a><\/u><\/li>\n<\/ul>\n","protected":false},"excerpt":{"rendered":"<p>S\u00e9rgio Leal sergioleal20@gmail.com QiPP \u2013 Projetos Sustent\u00e1veis (www.qipp.pt) &amp; Agrupamento de Escolas Amadora Oeste &nbsp; Atendendo ao crescente n\u00famero de ferramentas digitais, muitas delas direcionadas&hellip;<\/p>\n","protected":false},"author":9,"featured_media":0,"parent":10402,"menu_order":0,"comment_status":"closed","ping_status":"closed","template":"","meta":[],"_links":{"self":[{"href":"https:\/\/wordpress.educom.pt\/TIC-Portugal-19\/wp-json\/wp\/v2\/pages\/10521"}],"collection":[{"href":"https:\/\/wordpress.educom.pt\/TIC-Portugal-19\/wp-json\/wp\/v2\/pages"}],"about":[{"href":"https:\/\/wordpress.educom.pt\/TIC-Portugal-19\/wp-json\/wp\/v2\/types\/page"}],"author":[{"embeddable":true,"href":"https:\/\/wordpress.educom.pt\/TIC-Portugal-19\/wp-json\/wp\/v2\/users\/9"}],"replies":[{"embeddable":true,"href":"https:\/\/wordpress.educom.pt\/TIC-Portugal-19\/wp-json\/wp\/v2\/comments?post=10521"}],"version-history":[{"count":9,"href":"https:\/\/wordpress.educom.pt\/TIC-Portugal-19\/wp-json\/wp\/v2\/pages\/10521\/revisions"}],"predecessor-version":[{"id":10535,"href":"https:\/\/wordpress.educom.pt\/TIC-Portugal-19\/wp-json\/wp\/v2\/pages\/10521\/revisions\/10535"}],"up":[{"embeddable":true,"href":"https:\/\/wordpress.educom.pt\/TIC-Portugal-19\/wp-json\/wp\/v2\/pages\/10402"}],"wp:attachment":[{"href":"https:\/\/wordpress.educom.pt\/TIC-Portugal-19\/wp-json\/wp\/v2\/media?parent=10521"}],"curies":[{"name":"wp","href":"https:\/\/api.w.org\/{rel}","templated":true}]}}