{"id":10555,"date":"2019-06-22T19:36:04","date_gmt":"2019-06-22T18:36:04","guid":{"rendered":"http:\/\/wordpress.educom.pt\/TIC-Portugal-19\/?page_id=10555"},"modified":"2019-06-22T19:36:16","modified_gmt":"2019-06-22T18:36:16","slug":"ferramenta-web-2-0-buncee","status":"publish","type":"page","link":"https:\/\/wordpress.educom.pt\/TIC-Portugal-19\/programa\/programa-faro\/ferramenta-web-2-0-buncee\/","title":{"rendered":"Ferramenta Web 2.0 &#8211; Buncee (comunica\u00e7\u00e3o)"},"content":{"rendered":"<p style=\"text-align: center;\">Rita Rias*; Sandrine Beja**; Sylvie Baltazar*<\/p>\n<p style=\"text-align: center;\">ritaisabelrias@gmail.com; sandrinee@hotmail.com; sbsylvie.baltazar@gmail.com<\/p>\n<p style=\"text-align: center;\">*Agrupamento de Escolas Tom\u00e1s Cabreira\/ E.B.1 do Bom Jo\u00e3o<\/p>\n<p style=\"text-align: center;\">**Agrupamento de Escolas D. Manuel I\/ E.B.1 n.\u00ba 1 de Tavira<\/p>\n<p>&nbsp;<\/p>\n<p>A presente comunica\u00e7\u00e3o enquadra-se no contexto da forma\u00e7\u00e3o \u201cO Digital na Gest\u00e3o Flex\u00edvel do Curr\u00edculo: aprender e ensinar com as TIC\u201d.<\/p>\n<p>Ao longo da forma\u00e7\u00e3o foram-nos proporcionados diversos recursos digitais e exploramos diversas aplica\u00e7\u00f5es <em>Web 2.0.<\/em> Cada uma de n\u00f3s experimentou, com a sua turma diversas ferramentas <em>Web<\/em>, tornando as aprendizagens mais significativas e promotoras de entusiasmo nos nossos alunos.<\/p>\n<p>O prop\u00f3sito da nossa comunica\u00e7\u00e3o \u00e9 demonstrar que o recurso \u00e0s tecnologias pode dinamizar e diversificar a nossa pr\u00e1tica letiva. Assim, partilharemos as nossas experi\u00eancias de sala de aula com a utiliza\u00e7\u00e3o da aplica\u00e7\u00e3o <em>Buncee<\/em>.<\/p>\n<p>O <em>Buncee<\/em> \u00e9 uma aplica\u00e7\u00e3o simples, vers\u00e1til onde se podem criar e compartilhar diferentes apresenta\u00e7\u00f5es adicionando <em>Buncees<\/em> ou <em>slides<\/em>. Oferece ferramentas simples e gratuitas para criar apresenta\u00e7\u00f5es de slides que podem ser incorporadas ou compartilhadas via e-mail, c\u00f3digo <em>QR<\/em> ou <em>URL<\/em>. Os menus s\u00e3o intuitivos para adicionar conte\u00fado aos <em>slides<\/em> na forma de desenhos, anima\u00e7\u00f5es, v\u00eddeos, <em>emojis<\/em>, adesivos e muitos outros recursos de <em>design<\/em>. H\u00e1 uma extensa biblioteca de imagens, bem como op\u00e7\u00f5es para pesquisar imagens, m\u00fasicas e v\u00eddeos <em>on-line<\/em>. Esta aplica\u00e7\u00e3o \u00e9 din\u00e2mica e de f\u00e1cil utiliza\u00e7\u00e3o e permite criar, em sala de aula, apresenta\u00e7\u00f5es com a participa\u00e7\u00e3o dos alunos.<\/p>\n<p>Durante a apresenta\u00e7\u00e3o procuraremos refletir e analisar as potencialidades desta ferramenta <em>Web 2.0<\/em> e mostraremos atividades que desenvolvemos e partilh\u00e1mos com outros colegas.<\/p>\n<p>&nbsp;<\/p>\n<p>Refer\u00eancias<\/p>\n<p style=\"padding-left: 40px;\">Moodle Educom (2018) &#8211; \u201c<em>O Digital na Gest\u00e3o Flex\u00edvel do Curr\u00edculo: aprender e ensinar com as TIC\u201d <\/em>(acedido em 19 de junho 2019)<\/p>\n<p style=\"padding-left: 40px;\"><em>\u00a0<\/em><\/p>\n<p style=\"padding-left: 40px;\"><strong><u><a href=\"https:\/\/www.commonsense.org\/education\/website\/buncee-for-education\">https:\/\/www.commonsense.org\/education\/website\/buncee-for-education<\/a><\/u><\/strong> (acedido em 19 de junho 2019)<\/p>\n<p style=\"padding-left: 40px;\"><strong><u><a href=\"https:\/\/app.edu.buncee.com\/dashboard\">https:\/\/app.edu.buncee.com\/dashboard<\/a><\/u><\/strong> (acedido em 19 de junho 2019)<\/p>\n","protected":false},"excerpt":{"rendered":"<p>Rita Rias*; Sandrine Beja**; Sylvie Baltazar* ritaisabelrias@gmail.com; sandrinee@hotmail.com; sbsylvie.baltazar@gmail.com *Agrupamento de Escolas Tom\u00e1s Cabreira\/ E.B.1 do Bom Jo\u00e3o **Agrupamento de Escolas D. Manuel I\/ E.B.1&hellip;<\/p>\n","protected":false},"author":9,"featured_media":0,"parent":10393,"menu_order":0,"comment_status":"closed","ping_status":"closed","template":"","meta":[],"_links":{"self":[{"href":"https:\/\/wordpress.educom.pt\/TIC-Portugal-19\/wp-json\/wp\/v2\/pages\/10555"}],"collection":[{"href":"https:\/\/wordpress.educom.pt\/TIC-Portugal-19\/wp-json\/wp\/v2\/pages"}],"about":[{"href":"https:\/\/wordpress.educom.pt\/TIC-Portugal-19\/wp-json\/wp\/v2\/types\/page"}],"author":[{"embeddable":true,"href":"https:\/\/wordpress.educom.pt\/TIC-Portugal-19\/wp-json\/wp\/v2\/users\/9"}],"replies":[{"embeddable":true,"href":"https:\/\/wordpress.educom.pt\/TIC-Portugal-19\/wp-json\/wp\/v2\/comments?post=10555"}],"version-history":[{"count":2,"href":"https:\/\/wordpress.educom.pt\/TIC-Portugal-19\/wp-json\/wp\/v2\/pages\/10555\/revisions"}],"predecessor-version":[{"id":10557,"href":"https:\/\/wordpress.educom.pt\/TIC-Portugal-19\/wp-json\/wp\/v2\/pages\/10555\/revisions\/10557"}],"up":[{"embeddable":true,"href":"https:\/\/wordpress.educom.pt\/TIC-Portugal-19\/wp-json\/wp\/v2\/pages\/10393"}],"wp:attachment":[{"href":"https:\/\/wordpress.educom.pt\/TIC-Portugal-19\/wp-json\/wp\/v2\/media?parent=10555"}],"curies":[{"name":"wp","href":"https:\/\/api.w.org\/{rel}","templated":true}]}}