{"id":10590,"date":"2019-06-24T17:41:12","date_gmt":"2019-06-24T16:41:12","guid":{"rendered":"http:\/\/wordpress.educom.pt\/TIC-Portugal-19\/?page_id=10590"},"modified":"2019-06-26T12:26:48","modified_gmt":"2019-06-26T11:26:48","slug":"aprendizagem-ativa-maos-na-massa","status":"publish","type":"page","link":"https:\/\/wordpress.educom.pt\/TIC-Portugal-19\/programa\/programa-coimbra\/aprendizagem-ativa-maos-na-massa\/","title":{"rendered":"Aprendizagem ativa: m\u00e3os na massa (sess\u00e3o pr\u00e1tica)"},"content":{"rendered":"<p style=\"text-align: center;\">S\u00f3nia Barbosa<\/p>\n<p style=\"text-align: center;\">Agrupamento de Escolas de Santo Ant\u00f3nio, Barreiro &#8211;\u00a0Embaixadora FCL &#8211; Future Classroom Lab<\/p>\n<p>&nbsp;<\/p>\n<p>Ser\u00e1 lan\u00e7ado um desafio a todos os participantes para, em pequenos grupos, conceberem um recurso educativo a integrar na pr\u00e1tica letiva que permita ir ao encontro do Perfil do Aluno \u00e0 Sa\u00edda da Escolaridade Obrigat\u00f3ria. Al\u00e9m de imergirem numa atividade envolvente e estimulante, os professores ter\u00e3o oportunidade de conhecer metodologias de aprendizagem ativa apoiadas pela tecnologia.<\/p>\n<p>&nbsp;<\/p>\n<p>Publico alvo: todos os n\u00edveis de ensino<\/p>\n","protected":false},"excerpt":{"rendered":"<p>S\u00f3nia Barbosa Agrupamento de Escolas de Santo Ant\u00f3nio, Barreiro &#8211;\u00a0Embaixadora FCL &#8211; Future Classroom Lab &nbsp; Ser\u00e1 lan\u00e7ado um desafio a todos os participantes para,&hellip;<\/p>\n","protected":false},"author":9,"featured_media":0,"parent":10511,"menu_order":0,"comment_status":"closed","ping_status":"closed","template":"","meta":[],"_links":{"self":[{"href":"https:\/\/wordpress.educom.pt\/TIC-Portugal-19\/wp-json\/wp\/v2\/pages\/10590"}],"collection":[{"href":"https:\/\/wordpress.educom.pt\/TIC-Portugal-19\/wp-json\/wp\/v2\/pages"}],"about":[{"href":"https:\/\/wordpress.educom.pt\/TIC-Portugal-19\/wp-json\/wp\/v2\/types\/page"}],"author":[{"embeddable":true,"href":"https:\/\/wordpress.educom.pt\/TIC-Portugal-19\/wp-json\/wp\/v2\/users\/9"}],"replies":[{"embeddable":true,"href":"https:\/\/wordpress.educom.pt\/TIC-Portugal-19\/wp-json\/wp\/v2\/comments?post=10590"}],"version-history":[{"count":5,"href":"https:\/\/wordpress.educom.pt\/TIC-Portugal-19\/wp-json\/wp\/v2\/pages\/10590\/revisions"}],"predecessor-version":[{"id":10679,"href":"https:\/\/wordpress.educom.pt\/TIC-Portugal-19\/wp-json\/wp\/v2\/pages\/10590\/revisions\/10679"}],"up":[{"embeddable":true,"href":"https:\/\/wordpress.educom.pt\/TIC-Portugal-19\/wp-json\/wp\/v2\/pages\/10511"}],"wp:attachment":[{"href":"https:\/\/wordpress.educom.pt\/TIC-Portugal-19\/wp-json\/wp\/v2\/media?parent=10590"}],"curies":[{"name":"wp","href":"https:\/\/api.w.org\/{rel}","templated":true}]}}