{"id":10635,"date":"2019-06-26T10:19:17","date_gmt":"2019-06-26T09:19:17","guid":{"rendered":"http:\/\/wordpress.educom.pt\/TIC-Portugal-19\/?page_id=10635"},"modified":"2019-06-26T12:28:10","modified_gmt":"2019-06-26T11:28:10","slug":"vamos-realizar-curtas-metragens-com-o-powtoon-sessao-pratica","status":"publish","type":"page","link":"https:\/\/wordpress.educom.pt\/TIC-Portugal-19\/programa\/programa-coimbra\/vamos-realizar-curtas-metragens-com-o-powtoon-sessao-pratica\/","title":{"rendered":"Vamos realizar &#8220;curtas-metragens&#8221; com o Powtoon (sess\u00e3o pr\u00e1tica)"},"content":{"rendered":"<p style=\"text-align: center;\">Paulo Santos<\/p>\n<p style=\"text-align: center;\">Agrupamento de Escolas Coimbra Centro<\/p>\n<p>&nbsp;<\/p>\n<p>Pequena apresenta\u00e7\u00e3o das potencialidades do <em>Powtoon<\/em> na cria\u00e7\u00e3o de filmes de anima\u00e7\u00e3o, propondo que os participantes realizem, depois, a adapta\u00e7\u00e3o de um conto, a cria\u00e7\u00e3o de uma hist\u00f3ria ou a realiza\u00e7\u00e3o de um filme para introduzir, explicar ou consolidar um tema\/conte\u00fado do curr\u00edculo.<\/p>\n<p>&nbsp;<\/p>\n<p>Publico alvo: todos os n\u00edveis de ensino<\/p>\n","protected":false},"excerpt":{"rendered":"<p>Paulo Santos Agrupamento de Escolas Coimbra Centro &nbsp; Pequena apresenta\u00e7\u00e3o das potencialidades do Powtoon na cria\u00e7\u00e3o de filmes de anima\u00e7\u00e3o, propondo que os participantes realizem,&hellip;<\/p>\n","protected":false},"author":9,"featured_media":0,"parent":10511,"menu_order":0,"comment_status":"closed","ping_status":"closed","template":"","meta":[],"_links":{"self":[{"href":"https:\/\/wordpress.educom.pt\/TIC-Portugal-19\/wp-json\/wp\/v2\/pages\/10635"}],"collection":[{"href":"https:\/\/wordpress.educom.pt\/TIC-Portugal-19\/wp-json\/wp\/v2\/pages"}],"about":[{"href":"https:\/\/wordpress.educom.pt\/TIC-Portugal-19\/wp-json\/wp\/v2\/types\/page"}],"author":[{"embeddable":true,"href":"https:\/\/wordpress.educom.pt\/TIC-Portugal-19\/wp-json\/wp\/v2\/users\/9"}],"replies":[{"embeddable":true,"href":"https:\/\/wordpress.educom.pt\/TIC-Portugal-19\/wp-json\/wp\/v2\/comments?post=10635"}],"version-history":[{"count":3,"href":"https:\/\/wordpress.educom.pt\/TIC-Portugal-19\/wp-json\/wp\/v2\/pages\/10635\/revisions"}],"predecessor-version":[{"id":10683,"href":"https:\/\/wordpress.educom.pt\/TIC-Portugal-19\/wp-json\/wp\/v2\/pages\/10635\/revisions\/10683"}],"up":[{"embeddable":true,"href":"https:\/\/wordpress.educom.pt\/TIC-Portugal-19\/wp-json\/wp\/v2\/pages\/10511"}],"wp:attachment":[{"href":"https:\/\/wordpress.educom.pt\/TIC-Portugal-19\/wp-json\/wp\/v2\/media?parent=10635"}],"curies":[{"name":"wp","href":"https:\/\/api.w.org\/{rel}","templated":true}]}}