{"id":10647,"date":"2019-06-26T10:47:03","date_gmt":"2019-06-26T09:47:03","guid":{"rendered":"http:\/\/wordpress.educom.pt\/TIC-Portugal-19\/?page_id=10647"},"modified":"2019-06-26T10:47:03","modified_gmt":"2019-06-26T09:47:03","slug":"projeto-erasmus-dilabs-comunidade-digital-e-inovacao-na-educacao-de-adultos-comunicacao","status":"publish","type":"page","link":"https:\/\/wordpress.educom.pt\/TIC-Portugal-19\/programa\/programa-faro\/projeto-erasmus-dilabs-comunidade-digital-e-inovacao-na-educacao-de-adultos-comunicacao\/","title":{"rendered":"Projeto Erasmus+ DILABS  \u00abComunidade Digital e Inova\u00e7\u00e3o na Educa\u00e7\u00e3o de Adultos\u00bb (comunica\u00e7\u00e3o)"},"content":{"rendered":"<p style=\"text-align: center;\">Ana Cristina Madeira<\/p>\n<p style=\"text-align: center;\">centroruigracio@esjd.pt<\/p>\n<p style=\"text-align: center;\">Centro de Forma\u00e7\u00e3o Dr. Rui Gr\u00e1cio<\/p>\n<p>&nbsp;<\/p>\n<p>O Centro de Forma\u00e7\u00e3o Dr. Rui Gr\u00e1cio estabeleceu uma parceria europeia, de 2016 a 2019, integrando o Centro Qualifica do Agrupamento de Escolas J\u00falio Dantas, de Lagos, para o desenvolvimento do projeto ERASMUS+ DILABS \u00abComunidade Digital e Inova\u00e7\u00e3o na Educa\u00e7\u00e3o de Adultos e Compet\u00eancias B\u00e1sicas\u00bb \u2013 Ref. 2016-1-FR01-KA204-023952, coordenado a n\u00edvel europeu pela Universidade de Lille, Fran\u00e7a. O projeto permitiu: a) a partilha de recursos e a conce\u00e7\u00e3o de produtos intelectuais e digitais relevantes para a forma\u00e7\u00e3o de adultos;\u00a0 b) a produ\u00e7\u00e3o de guias metodol\u00f3gicos sobre o uso do v\u00eddeo como estrat\u00e9gia de an\u00e1lise de pr\u00e1ticas pedag\u00f3gicas ou profissionais em contexto de trabalho; c) a conce\u00e7\u00e3o e desenvolvimento de programas de forma\u00e7\u00e3o de formadores para o desenvolvimento de compet\u00eancias-chave e de compet\u00eancias digitais; d) a conce\u00e7\u00e3o de plataformas de aprendizagem; e) a realiza\u00e7\u00e3o de visitas de estudo a v\u00e1rias institui\u00e7\u00f5es europeias de forma\u00e7\u00e3o e, por fim, f) a realiza\u00e7\u00e3o de semin\u00e1rios de dissemina\u00e7\u00e3o na Europa, no \u00e2mbito da Educa\u00e7\u00e3o de Adultos.<\/p>\n","protected":false},"excerpt":{"rendered":"<p>Ana Cristina Madeira centroruigracio@esjd.pt Centro de Forma\u00e7\u00e3o Dr. Rui Gr\u00e1cio &nbsp; O Centro de Forma\u00e7\u00e3o Dr. Rui Gr\u00e1cio estabeleceu uma parceria europeia, de 2016 a&hellip;<\/p>\n","protected":false},"author":9,"featured_media":0,"parent":10393,"menu_order":0,"comment_status":"closed","ping_status":"closed","template":"","meta":[],"_links":{"self":[{"href":"https:\/\/wordpress.educom.pt\/TIC-Portugal-19\/wp-json\/wp\/v2\/pages\/10647"}],"collection":[{"href":"https:\/\/wordpress.educom.pt\/TIC-Portugal-19\/wp-json\/wp\/v2\/pages"}],"about":[{"href":"https:\/\/wordpress.educom.pt\/TIC-Portugal-19\/wp-json\/wp\/v2\/types\/page"}],"author":[{"embeddable":true,"href":"https:\/\/wordpress.educom.pt\/TIC-Portugal-19\/wp-json\/wp\/v2\/users\/9"}],"replies":[{"embeddable":true,"href":"https:\/\/wordpress.educom.pt\/TIC-Portugal-19\/wp-json\/wp\/v2\/comments?post=10647"}],"version-history":[{"count":1,"href":"https:\/\/wordpress.educom.pt\/TIC-Portugal-19\/wp-json\/wp\/v2\/pages\/10647\/revisions"}],"predecessor-version":[{"id":10648,"href":"https:\/\/wordpress.educom.pt\/TIC-Portugal-19\/wp-json\/wp\/v2\/pages\/10647\/revisions\/10648"}],"up":[{"embeddable":true,"href":"https:\/\/wordpress.educom.pt\/TIC-Portugal-19\/wp-json\/wp\/v2\/pages\/10393"}],"wp:attachment":[{"href":"https:\/\/wordpress.educom.pt\/TIC-Portugal-19\/wp-json\/wp\/v2\/media?parent=10647"}],"curies":[{"name":"wp","href":"https:\/\/api.w.org\/{rel}","templated":true}]}}