{"id":10662,"date":"2019-06-26T11:45:17","date_gmt":"2019-06-26T10:45:17","guid":{"rendered":"http:\/\/wordpress.educom.pt\/TIC-Portugal-19\/?page_id=10662"},"modified":"2019-06-26T11:45:17","modified_gmt":"2019-06-26T10:45:17","slug":"palavrinhas-das-escolas-para-a-comunidade-comunicacao","status":"publish","type":"page","link":"https:\/\/wordpress.educom.pt\/TIC-Portugal-19\/programa\/programa-coimbra\/palavrinhas-das-escolas-para-a-comunidade-comunicacao\/","title":{"rendered":"Palavrinhas: das escolas para a comunidade (comunica\u00e7\u00e3o)"},"content":{"rendered":"<p style=\"text-align: center;\">Jos\u00e9 Ant\u00f3nio Abreu e M\u00e1rio J\u00falio Marinho<\/p>\n<p style=\"text-align: center;\">mmarinho@agansiao.pt; joseantonioabreu@agansiao.pt<\/p>\n<p style=\"text-align: center;\">Agrupamento de Escolas de Ansi\u00e3o<\/p>\n<p>&nbsp;<\/p>\n<p>O Palavrinhas \u00e9, na sua ess\u00eancia, um jornal escolar. Pensado em 1996, surgiu integrado num projeto mais amplo, o clube A Palavra que, no \u00e2mbito da l\u00edngua m\u00e3e, pretendia incrementar o gosto pela l\u00edngua portuguesa, juntamente com oficinas de escrita e de leitura e o clube de teatro. Inicialmente, o Palavrinhas teceu-se a cortes de tesoura e a tubos de cola, mas o ano de 1999 marcou um ponto de viragem e para incrementar a qualidade do jornal, o Palavrinhas foi constru\u00eddo totalmente usando os meus inform\u00e1ticos dispon\u00edveis na Escola, impresso e distribu\u00eddo aos alunos subscritores. De forma a comunicar em tempo real com a comunidade educativa, surgiu em 2001 a primeira vers\u00e3o eletr\u00f3nica do Palavrinhas, atualizada em 2010 para <u><a href=\"https:\/\/palavrinhas.webnode.pt\" target=\"_blank\" rel=\"noopener noreferrer\"><strong>https:\/\/palavrinhas.webnode.pt<\/strong><\/a><\/u>.<\/p>\n<p>O Palavrinhas tem uma equipa respons\u00e1vel, composta pelos professores Jos\u00e9 Abreu, M\u00e1rio Marinho e Maria Crist\u00f3v\u00e3o e colaboradores do Agrupamento de Escolas de Ansi\u00e3o (AEA), que comp\u00f5em, estruturam e organizam periodicamente as duas vers\u00f5es do jornal.<\/p>\n<p>Deste modo, todo o pulsar, toda a viv\u00eancia das v\u00e1rias escolas do AEA, onde as atividades, as cria\u00e7\u00f5es, os artigos, as reportagens e as entrevistas t\u00eam visibilidade global atrav\u00e9s da consulta do Palavrinhas online.<\/p>\n","protected":false},"excerpt":{"rendered":"<p>Jos\u00e9 Ant\u00f3nio Abreu e M\u00e1rio J\u00falio Marinho mmarinho@agansiao.pt; joseantonioabreu@agansiao.pt Agrupamento de Escolas de Ansi\u00e3o &nbsp; O Palavrinhas \u00e9, na sua ess\u00eancia, um jornal escolar. Pensado&hellip;<\/p>\n","protected":false},"author":9,"featured_media":0,"parent":10511,"menu_order":0,"comment_status":"closed","ping_status":"closed","template":"","meta":[],"_links":{"self":[{"href":"https:\/\/wordpress.educom.pt\/TIC-Portugal-19\/wp-json\/wp\/v2\/pages\/10662"}],"collection":[{"href":"https:\/\/wordpress.educom.pt\/TIC-Portugal-19\/wp-json\/wp\/v2\/pages"}],"about":[{"href":"https:\/\/wordpress.educom.pt\/TIC-Portugal-19\/wp-json\/wp\/v2\/types\/page"}],"author":[{"embeddable":true,"href":"https:\/\/wordpress.educom.pt\/TIC-Portugal-19\/wp-json\/wp\/v2\/users\/9"}],"replies":[{"embeddable":true,"href":"https:\/\/wordpress.educom.pt\/TIC-Portugal-19\/wp-json\/wp\/v2\/comments?post=10662"}],"version-history":[{"count":1,"href":"https:\/\/wordpress.educom.pt\/TIC-Portugal-19\/wp-json\/wp\/v2\/pages\/10662\/revisions"}],"predecessor-version":[{"id":10663,"href":"https:\/\/wordpress.educom.pt\/TIC-Portugal-19\/wp-json\/wp\/v2\/pages\/10662\/revisions\/10663"}],"up":[{"embeddable":true,"href":"https:\/\/wordpress.educom.pt\/TIC-Portugal-19\/wp-json\/wp\/v2\/pages\/10511"}],"wp:attachment":[{"href":"https:\/\/wordpress.educom.pt\/TIC-Portugal-19\/wp-json\/wp\/v2\/media?parent=10662"}],"curies":[{"name":"wp","href":"https:\/\/api.w.org\/{rel}","templated":true}]}}