{"id":10685,"date":"2019-06-26T13:58:44","date_gmt":"2019-06-26T12:58:44","guid":{"rendered":"http:\/\/wordpress.educom.pt\/TIC-Portugal-19\/?page_id=10685"},"modified":"2019-06-26T13:58:44","modified_gmt":"2019-06-26T12:58:44","slug":"avila-crew-mentoria-de-estudantes-para-estudantes-em-formato-de-jogo-comunicacao","status":"publish","type":"page","link":"https:\/\/wordpress.educom.pt\/TIC-Portugal-19\/programa\/programa-vale-de-cambra\/avila-crew-mentoria-de-estudantes-para-estudantes-em-formato-de-jogo-comunicacao\/","title":{"rendered":"AVILA Crew &#8211; Mentoria de estudantes para estudantes em formato de jogo (comunica\u00e7\u00e3o)"},"content":{"rendered":"<p style=\"text-align: center;\">Carlos Santos<\/p>\n<p style=\"text-align: center;\">carlossantos@ua.pt<\/p>\n<p style=\"text-align: center;\">DeCA &#8211; Universidade de Aveiro<\/p>\n<p>&nbsp;<\/p>\n<p>A Unidade Curricular (UC) de Laborat\u00f3rio Multim\u00e9dia 4 da licenciatura em Novas Tecnologias da Comunica\u00e7\u00e3o da Universidade de Aveiro representa um obst\u00e1culo significativo para muitos estudantes. \u00c9 uma UC onde s\u00e3o introduzidos conceitos de base de dados relacionais e programa\u00e7\u00e3o <em>server-side<\/em>, com recurso a PHP.<\/p>\n<p>Dado o elevado n\u00edvel de insucesso que existia nesta UC, procurou-se encontrar solu\u00e7\u00f5es que permitissem &#8220;recuperar&#8221; a motiva\u00e7\u00e3o dos estudantes para as tem\u00e1ticas relacionadas com a programa\u00e7\u00e3o e, se poss\u00edvel, melhorar os resultados relativamente a anos anteriores.<\/p>\n<p>A estrat\u00e9gia delineada passou pela cria\u00e7\u00e3o de uma equipa de tutoria constitu\u00edda por ex-estudantes da UC que tivessem demonstrado um bom desempenho. Com uma estrat\u00e9gia inicial de angaria\u00e7\u00e3o de mentores, foi poss\u00edvel constituir uma equipa de aproximadamente vinte volunt\u00e1rios que criaram a equipa autointitulada como AVILA <em>Crew<\/em>. Essa equipa foi respons\u00e1vel pela prepara\u00e7\u00e3o, organiza\u00e7\u00e3o e execu\u00e7\u00e3o das sess\u00f5es de trabalho designadas por AVILA <em>Sessions<\/em>.<\/p>\n<p>Cada AVILA <em>Session<\/em> foi planeada de acordo com os objetivos pedag\u00f3gicos apresentados pelos docentes da disciplina, estando relacionadas com os conte\u00fados program\u00e1ticos onde \u00e9 habitual encontrar mais dificuldades por parte dos alunos.<\/p>\n<p>Para cada sess\u00e3o foi desenvolvido um conceito, uma imagem gr\u00e1fica e um desafio em forma de jogo. Para ultrapassar as diferentes etapas do jogo \u00e9 necess\u00e1rio aplicar os conhecimentos espec\u00edficos que s\u00e3o explorados na disciplina. Os mentores s\u00e3o respons\u00e1veis por garantir que, com mais ou menos apoio, todas as equipas conseguem chegar ao final. As dificuldades v\u00e3o sendo ultrapassadas atrav\u00e9s de explica\u00e7\u00f5es que, caso necess\u00e1rio, podem envolver v\u00e1rios mentores com diferentes formas de explicar um determinado conceito.<\/p>\n<p>Durante as AVILA <em>Sessions<\/em> os docentes, embora estando presente, n\u00e3o participam nas atividades. No entanto, todos os conte\u00fados e solu\u00e7\u00f5es s\u00e3o previamente analisadas e discutidas com os mentores de modo a garantir a sua corre\u00e7\u00e3o cient\u00edfica.<\/p>\n<p>As AVILA <em>Session<\/em> apresentavam tamb\u00e9m alguns desafios extra mais avan\u00e7ados, garantindo o interesse por parte de todos os estudantes. Ou seja, esta iniciativa n\u00e3o pretende apenas dar apoio aos alunos com mais dificuldades. Pretende-se tamb\u00e9m estimular todos os estudantes a enfrentar desafios mais avan\u00e7ados e, desse modo, contribuir para uma aprendizagem mais rica por parte de todos.<\/p>\n<p>Nesta sess\u00e3o pretende-se apresentar o conceito que levou \u00e0 constitui\u00e7\u00e3o da AVILA <em>Crew<\/em> e analisar algumas das estrat\u00e9gias utilizadas para os jogos de algumas das AVILA <em>Sessions<\/em>.<\/p>\n<p>&nbsp;<\/p>\n<p><strong><u><a href=\"https:\/\/www.facebook.com\/pg\/avilacrewntc\/\">https:\/\/www.facebook.com\/pg\/avilacrewntc\/<\/a><\/u><\/strong><\/p>\n","protected":false},"excerpt":{"rendered":"<p>Carlos Santos carlossantos@ua.pt DeCA &#8211; Universidade de Aveiro &nbsp; A Unidade Curricular (UC) de Laborat\u00f3rio Multim\u00e9dia 4 da licenciatura em Novas Tecnologias da Comunica\u00e7\u00e3o da&hellip;<\/p>\n","protected":false},"author":9,"featured_media":0,"parent":10465,"menu_order":0,"comment_status":"closed","ping_status":"closed","template":"","meta":[],"_links":{"self":[{"href":"https:\/\/wordpress.educom.pt\/TIC-Portugal-19\/wp-json\/wp\/v2\/pages\/10685"}],"collection":[{"href":"https:\/\/wordpress.educom.pt\/TIC-Portugal-19\/wp-json\/wp\/v2\/pages"}],"about":[{"href":"https:\/\/wordpress.educom.pt\/TIC-Portugal-19\/wp-json\/wp\/v2\/types\/page"}],"author":[{"embeddable":true,"href":"https:\/\/wordpress.educom.pt\/TIC-Portugal-19\/wp-json\/wp\/v2\/users\/9"}],"replies":[{"embeddable":true,"href":"https:\/\/wordpress.educom.pt\/TIC-Portugal-19\/wp-json\/wp\/v2\/comments?post=10685"}],"version-history":[{"count":1,"href":"https:\/\/wordpress.educom.pt\/TIC-Portugal-19\/wp-json\/wp\/v2\/pages\/10685\/revisions"}],"predecessor-version":[{"id":10686,"href":"https:\/\/wordpress.educom.pt\/TIC-Portugal-19\/wp-json\/wp\/v2\/pages\/10685\/revisions\/10686"}],"up":[{"embeddable":true,"href":"https:\/\/wordpress.educom.pt\/TIC-Portugal-19\/wp-json\/wp\/v2\/pages\/10465"}],"wp:attachment":[{"href":"https:\/\/wordpress.educom.pt\/TIC-Portugal-19\/wp-json\/wp\/v2\/media?parent=10685"}],"curies":[{"name":"wp","href":"https:\/\/api.w.org\/{rel}","templated":true}]}}