{"id":10699,"date":"2019-06-26T15:22:43","date_gmt":"2019-06-26T14:22:43","guid":{"rendered":"http:\/\/wordpress.educom.pt\/TIC-Portugal-19\/?page_id=10699"},"modified":"2019-06-26T15:22:43","modified_gmt":"2019-06-26T14:22:43","slug":"scratch-programar-para-aprender","status":"publish","type":"page","link":"https:\/\/wordpress.educom.pt\/TIC-Portugal-19\/programa\/programa-braga\/scratch-programar-para-aprender\/","title":{"rendered":"Scratch: Programar para aprender"},"content":{"rendered":"<p style=\"text-align: center;\">Ana Francisca Monteiro<\/p>\n<p style=\"text-align: center;\">amonteiro@ie.uminho.pt<\/p>\n<p style=\"text-align: center;\">Centro de Investiga\u00e7\u00e3o em Educa\u00e7\u00e3o (CIEd), Universidade do Minho<\/p>\n<p style=\"text-align: center;\">\n<p><strong>Objetivos:<\/strong><\/p>\n<p>Introdu\u00e7\u00e3o \u00e0 utiliza\u00e7\u00e3o da linguagem de programa\u00e7\u00e3o Scratch como recurso vers\u00e1til para o ensino\/aprendizagem de diversos conte\u00fados curriculares.<\/p>\n<p>&nbsp;<\/p>\n<p><strong>Destinat\u00e1rios:<\/strong><\/p>\n<p>Professores do 2.\u00ba ciclo<\/p>\n","protected":false},"excerpt":{"rendered":"<p>Ana Francisca Monteiro amonteiro@ie.uminho.pt Centro de Investiga\u00e7\u00e3o em Educa\u00e7\u00e3o (CIEd), Universidade do Minho Objetivos: Introdu\u00e7\u00e3o \u00e0 utiliza\u00e7\u00e3o da linguagem de programa\u00e7\u00e3o Scratch como recurso vers\u00e1til&hellip;<\/p>\n","protected":false},"author":9,"featured_media":0,"parent":10299,"menu_order":0,"comment_status":"closed","ping_status":"closed","template":"","meta":[],"_links":{"self":[{"href":"https:\/\/wordpress.educom.pt\/TIC-Portugal-19\/wp-json\/wp\/v2\/pages\/10699"}],"collection":[{"href":"https:\/\/wordpress.educom.pt\/TIC-Portugal-19\/wp-json\/wp\/v2\/pages"}],"about":[{"href":"https:\/\/wordpress.educom.pt\/TIC-Portugal-19\/wp-json\/wp\/v2\/types\/page"}],"author":[{"embeddable":true,"href":"https:\/\/wordpress.educom.pt\/TIC-Portugal-19\/wp-json\/wp\/v2\/users\/9"}],"replies":[{"embeddable":true,"href":"https:\/\/wordpress.educom.pt\/TIC-Portugal-19\/wp-json\/wp\/v2\/comments?post=10699"}],"version-history":[{"count":1,"href":"https:\/\/wordpress.educom.pt\/TIC-Portugal-19\/wp-json\/wp\/v2\/pages\/10699\/revisions"}],"predecessor-version":[{"id":10700,"href":"https:\/\/wordpress.educom.pt\/TIC-Portugal-19\/wp-json\/wp\/v2\/pages\/10699\/revisions\/10700"}],"up":[{"embeddable":true,"href":"https:\/\/wordpress.educom.pt\/TIC-Portugal-19\/wp-json\/wp\/v2\/pages\/10299"}],"wp:attachment":[{"href":"https:\/\/wordpress.educom.pt\/TIC-Portugal-19\/wp-json\/wp\/v2\/media?parent=10699"}],"curies":[{"name":"wp","href":"https:\/\/api.w.org\/{rel}","templated":true}]}}