{"id":10705,"date":"2019-06-26T15:30:09","date_gmt":"2019-06-26T14:30:09","guid":{"rendered":"http:\/\/wordpress.educom.pt\/TIC-Portugal-19\/?page_id=10705"},"modified":"2019-06-26T15:36:08","modified_gmt":"2019-06-26T14:36:08","slug":"a-biblioteca-escolar-e-as-tic","status":"publish","type":"page","link":"https:\/\/wordpress.educom.pt\/TIC-Portugal-19\/programa\/programa-braga\/a-biblioteca-escolar-e-as-tic\/","title":{"rendered":"A Biblioteca Escolar e as TIC"},"content":{"rendered":"<p style=\"text-align: center;\">Helena Vilas Boas<\/p>\n<p style=\"text-align: center;\">helena.vilasboas@aerosaramalho.pt<\/p>\n<p style=\"text-align: center;\">Agrupamento de escolas Rosa Ramalho<\/p>\n<p>&nbsp;<\/p>\n<p><strong>Objetivos:<\/strong><\/p>\n<p>Desenvolvimento de capacidades associadas ao pensamento computacional e fomentar compet\u00eancias transversais ao curr\u00edculo em contexto da Biblioteca Escolar. Estimular a criatividade, a autonomia, desenvolver o racioc\u00ednio l\u00f3gico, a capacidade de resolu\u00e7\u00e3o de problemas e o trabalho colaborativo.<\/p>\n<p>&nbsp;<\/p>\n<p>O projeto Aprender com as TIC no 1.\u00baciclo dinamizado ao longo do ano letivo no Agrupamento Rosa Ramalho tem o apoio do projeto <strong><u><a href=\"http:\/\/www.nonio.uminho.pt\/kidsmedialab\/\">Kids Media Labs<\/a><\/u><\/strong>, desenvolvido pela Doutora Maribel Pinto.<\/p>\n<p>&nbsp;<\/p>\n<p><strong>Destinat\u00e1rios:\u00a0<\/strong><\/p>\n<p>JI, 1.\u00ba e 2.\u00ba ciclo<\/p>\n<p>&nbsp;<\/p>\n<p><strong>Material que os professores dever\u00e3o levar para workshop:\u00a0<\/strong><\/p>\n<p>Tablet ou PC<\/p>\n","protected":false},"excerpt":{"rendered":"<p>Helena Vilas Boas helena.vilasboas@aerosaramalho.pt Agrupamento de escolas Rosa Ramalho &nbsp; Objetivos: Desenvolvimento de capacidades associadas ao pensamento computacional e fomentar compet\u00eancias transversais ao curr\u00edculo em&hellip;<\/p>\n","protected":false},"author":9,"featured_media":0,"parent":10299,"menu_order":0,"comment_status":"closed","ping_status":"closed","template":"","meta":[],"_links":{"self":[{"href":"https:\/\/wordpress.educom.pt\/TIC-Portugal-19\/wp-json\/wp\/v2\/pages\/10705"}],"collection":[{"href":"https:\/\/wordpress.educom.pt\/TIC-Portugal-19\/wp-json\/wp\/v2\/pages"}],"about":[{"href":"https:\/\/wordpress.educom.pt\/TIC-Portugal-19\/wp-json\/wp\/v2\/types\/page"}],"author":[{"embeddable":true,"href":"https:\/\/wordpress.educom.pt\/TIC-Portugal-19\/wp-json\/wp\/v2\/users\/9"}],"replies":[{"embeddable":true,"href":"https:\/\/wordpress.educom.pt\/TIC-Portugal-19\/wp-json\/wp\/v2\/comments?post=10705"}],"version-history":[{"count":2,"href":"https:\/\/wordpress.educom.pt\/TIC-Portugal-19\/wp-json\/wp\/v2\/pages\/10705\/revisions"}],"predecessor-version":[{"id":10711,"href":"https:\/\/wordpress.educom.pt\/TIC-Portugal-19\/wp-json\/wp\/v2\/pages\/10705\/revisions\/10711"}],"up":[{"embeddable":true,"href":"https:\/\/wordpress.educom.pt\/TIC-Portugal-19\/wp-json\/wp\/v2\/pages\/10299"}],"wp:attachment":[{"href":"https:\/\/wordpress.educom.pt\/TIC-Portugal-19\/wp-json\/wp\/v2\/media?parent=10705"}],"curies":[{"name":"wp","href":"https:\/\/api.w.org\/{rel}","templated":true}]}}