{"id":10708,"date":"2019-06-26T15:35:07","date_gmt":"2019-06-26T14:35:07","guid":{"rendered":"http:\/\/wordpress.educom.pt\/TIC-Portugal-19\/?page_id=10708"},"modified":"2019-06-26T15:35:07","modified_gmt":"2019-06-26T14:35:07","slug":"realidade-aumentada-na-educacao","status":"publish","type":"page","link":"https:\/\/wordpress.educom.pt\/TIC-Portugal-19\/programa\/programa-braga\/realidade-aumentada-na-educacao\/","title":{"rendered":"Realidade Aumentada na Educa\u00e7\u00e3o"},"content":{"rendered":"<p style=\"text-align: center;\">Jos\u00e9 Manuel Cerqueira<\/p>\n<p style=\"text-align: center;\">cerqueirajm@gmail.com<\/p>\n<p style=\"text-align: center;\">Agrupamento de Escolas de Barcelos<\/p>\n<p><strong>\u00a0<\/strong><\/p>\n<p><strong>Objetivos:<\/strong><\/p>\n<p>Criar uma aplica\u00e7\u00e3o de Realidade Aumentada com Unity 3D e Vuforia.<\/p>\n<p>&nbsp;<\/p>\n<p><strong>Destinat\u00e1rios:<\/strong><\/p>\n<p>Professores do ensino B\u00e1sico e Secund\u00e1rio<\/p>\n<p>&nbsp;<\/p>\n<p><strong>Material que os professores dever\u00e3o levar para workshop:<\/strong><\/p>\n<p>Port\u00e1til com Unity (configurado com o Vuforia) + smartphone (android) ou tablet (android)<\/p>\n","protected":false},"excerpt":{"rendered":"<p>Jos\u00e9 Manuel Cerqueira cerqueirajm@gmail.com Agrupamento de Escolas de Barcelos \u00a0 Objetivos: Criar uma aplica\u00e7\u00e3o de Realidade Aumentada com Unity 3D e Vuforia. &nbsp; Destinat\u00e1rios: Professores&hellip;<\/p>\n","protected":false},"author":9,"featured_media":0,"parent":10299,"menu_order":0,"comment_status":"closed","ping_status":"closed","template":"","meta":[],"_links":{"self":[{"href":"https:\/\/wordpress.educom.pt\/TIC-Portugal-19\/wp-json\/wp\/v2\/pages\/10708"}],"collection":[{"href":"https:\/\/wordpress.educom.pt\/TIC-Portugal-19\/wp-json\/wp\/v2\/pages"}],"about":[{"href":"https:\/\/wordpress.educom.pt\/TIC-Portugal-19\/wp-json\/wp\/v2\/types\/page"}],"author":[{"embeddable":true,"href":"https:\/\/wordpress.educom.pt\/TIC-Portugal-19\/wp-json\/wp\/v2\/users\/9"}],"replies":[{"embeddable":true,"href":"https:\/\/wordpress.educom.pt\/TIC-Portugal-19\/wp-json\/wp\/v2\/comments?post=10708"}],"version-history":[{"count":1,"href":"https:\/\/wordpress.educom.pt\/TIC-Portugal-19\/wp-json\/wp\/v2\/pages\/10708\/revisions"}],"predecessor-version":[{"id":10709,"href":"https:\/\/wordpress.educom.pt\/TIC-Portugal-19\/wp-json\/wp\/v2\/pages\/10708\/revisions\/10709"}],"up":[{"embeddable":true,"href":"https:\/\/wordpress.educom.pt\/TIC-Portugal-19\/wp-json\/wp\/v2\/pages\/10299"}],"wp:attachment":[{"href":"https:\/\/wordpress.educom.pt\/TIC-Portugal-19\/wp-json\/wp\/v2\/media?parent=10708"}],"curies":[{"name":"wp","href":"https:\/\/api.w.org\/{rel}","templated":true}]}}