{"id":10715,"date":"2019-06-26T15:45:56","date_gmt":"2019-06-26T14:45:56","guid":{"rendered":"http:\/\/wordpress.educom.pt\/TIC-Portugal-19\/?page_id=10715"},"modified":"2019-06-26T15:45:56","modified_gmt":"2019-06-26T14:45:56","slug":"how-water-works","status":"publish","type":"page","link":"https:\/\/wordpress.educom.pt\/TIC-Portugal-19\/programa\/programa-braga\/how-water-works\/","title":{"rendered":"&#8220;How Water Works&#8221;"},"content":{"rendered":"<p style=\"text-align: center;\">Liliana Fernandes<\/p>\n<p style=\"text-align: center;\">proflilianamcfernandes@gmail.com<\/p>\n<p style=\"text-align: center;\">Escola Secund\u00e1ria Alberto Sampaio<\/p>\n<p>&nbsp;<\/p>\n<p><strong>Descri\u00e7\u00e3o:<\/strong><\/p>\n<p>&#8220;How Water Works&#8221; &#8211; No \u00e2mbito da flexibilidade curricular e aplica\u00e7\u00e3o da programa\u00e7\u00e3o e Rob\u00f3tica ao ensino das STEM, desenhou-se um projeto pedag\u00f3gico de aprendizagem, que re\u00fane um amplo leque de ferramentas de programa\u00e7\u00e3o e rob\u00f3tica, na aprendizagem do Ciclo da \u00c1gua, bem como na planifica\u00e7\u00e3o de solu\u00e7\u00f5es de preven\u00e7\u00e3o e limpeza de polui\u00e7\u00e3o no meio aqu\u00e1tico.<\/p>\n<p>Neste workshop, hands-on, ser\u00e3o dados exemplos em como trabalhar um mesmo tema, a \u00c1gua, em articula\u00e7\u00e3o vertical de Ciclo e de forma transversal no Curr\u00edculo.<\/p>\n<p>&nbsp;<\/p>\n<p><strong>Destinat\u00e1rios:<\/strong><\/p>\n<p>Apesar de apresentar um projeto de articula\u00e7\u00e3o vertical de Ciclo, o \u00eanfase ser\u00e1 no 1.\u00ba CEB<\/p>\n<p>&nbsp;<\/p>\n<p><strong>Material que os professores dever\u00e3o levar para workshop:<\/strong><\/p>\n<p>Computador ou tablet<\/p>\n","protected":false},"excerpt":{"rendered":"<p>Liliana Fernandes proflilianamcfernandes@gmail.com Escola Secund\u00e1ria Alberto Sampaio &nbsp; Descri\u00e7\u00e3o: &#8220;How Water Works&#8221; &#8211; No \u00e2mbito da flexibilidade curricular e aplica\u00e7\u00e3o da programa\u00e7\u00e3o e Rob\u00f3tica ao&hellip;<\/p>\n","protected":false},"author":9,"featured_media":0,"parent":10299,"menu_order":0,"comment_status":"closed","ping_status":"closed","template":"","meta":[],"_links":{"self":[{"href":"https:\/\/wordpress.educom.pt\/TIC-Portugal-19\/wp-json\/wp\/v2\/pages\/10715"}],"collection":[{"href":"https:\/\/wordpress.educom.pt\/TIC-Portugal-19\/wp-json\/wp\/v2\/pages"}],"about":[{"href":"https:\/\/wordpress.educom.pt\/TIC-Portugal-19\/wp-json\/wp\/v2\/types\/page"}],"author":[{"embeddable":true,"href":"https:\/\/wordpress.educom.pt\/TIC-Portugal-19\/wp-json\/wp\/v2\/users\/9"}],"replies":[{"embeddable":true,"href":"https:\/\/wordpress.educom.pt\/TIC-Portugal-19\/wp-json\/wp\/v2\/comments?post=10715"}],"version-history":[{"count":1,"href":"https:\/\/wordpress.educom.pt\/TIC-Portugal-19\/wp-json\/wp\/v2\/pages\/10715\/revisions"}],"predecessor-version":[{"id":10716,"href":"https:\/\/wordpress.educom.pt\/TIC-Portugal-19\/wp-json\/wp\/v2\/pages\/10715\/revisions\/10716"}],"up":[{"embeddable":true,"href":"https:\/\/wordpress.educom.pt\/TIC-Portugal-19\/wp-json\/wp\/v2\/pages\/10299"}],"wp:attachment":[{"href":"https:\/\/wordpress.educom.pt\/TIC-Portugal-19\/wp-json\/wp\/v2\/media?parent=10715"}],"curies":[{"name":"wp","href":"https:\/\/api.w.org\/{rel}","templated":true}]}}