{"id":10718,"date":"2019-06-26T17:05:31","date_gmt":"2019-06-26T16:05:31","guid":{"rendered":"http:\/\/wordpress.educom.pt\/TIC-Portugal-19\/?page_id=10718"},"modified":"2019-06-26T17:05:31","modified_gmt":"2019-06-26T16:05:31","slug":"um-percurso-de-aprendizagem-ativa","status":"publish","type":"page","link":"https:\/\/wordpress.educom.pt\/TIC-Portugal-19\/programa\/programa-braga\/um-percurso-de-aprendizagem-ativa\/","title":{"rendered":"Um percurso de aprendizagem ativa"},"content":{"rendered":"<p style=\"text-align: center;\">Ana Paula Alves e L\u00facia Pinheiro<\/p>\n<p style=\"text-align: center;\">ana.alves@dge.mec.pt;\u00a0lucia.pinheiro@dge.mec.pt<\/p>\n<p style=\"text-align: center;\">Embaixadoras Laborat\u00f3rios de Aprendizagem<\/p>\n<p style=\"text-align: center;\">Agrupamento de Escolas Dr. Francisco Sanches; Agrupamento de Escolas de Prado<\/p>\n<p>&nbsp;<\/p>\n<p><strong>Descri\u00e7\u00e3o:<\/strong><\/p>\n<p>Nesta sess\u00e3o, essencialmente pr\u00e1tica, os participantes ir\u00e3o experimentar algumas estrat\u00e9gias, com apoio das tecnologias, que promovem o envolvimento ativo por parte dos alunos e que podem ser facilmente incorporadas nas pr\u00e1ticas de sala de aula.<\/p>\n<p>&nbsp;<\/p>\n<p>Os participantes ainda refletem e discutem sobre a import\u00e2ncia destas estrat\u00e9gias para o desenvolvimento do Perfil dos Alunos.<\/p>\n<p>&nbsp;<\/p>\n<p>A sess\u00e3o ser\u00e1 dinamizada no espa\u00e7o flex\u00edvel de aprendizagem da EB Dr. Francisco Sanches.<\/p>\n<p>&nbsp;<\/p>\n<p><strong>Destinat\u00e1rios:<\/strong><\/p>\n<p>Professores de todos os n\u00edveis de ensino<\/p>\n","protected":false},"excerpt":{"rendered":"<p>Ana Paula Alves e L\u00facia Pinheiro ana.alves@dge.mec.pt;\u00a0lucia.pinheiro@dge.mec.pt Embaixadoras Laborat\u00f3rios de Aprendizagem Agrupamento de Escolas Dr. Francisco Sanches; Agrupamento de Escolas de Prado &nbsp; Descri\u00e7\u00e3o: Nesta&hellip;<\/p>\n","protected":false},"author":9,"featured_media":0,"parent":10299,"menu_order":0,"comment_status":"closed","ping_status":"closed","template":"","meta":[],"_links":{"self":[{"href":"https:\/\/wordpress.educom.pt\/TIC-Portugal-19\/wp-json\/wp\/v2\/pages\/10718"}],"collection":[{"href":"https:\/\/wordpress.educom.pt\/TIC-Portugal-19\/wp-json\/wp\/v2\/pages"}],"about":[{"href":"https:\/\/wordpress.educom.pt\/TIC-Portugal-19\/wp-json\/wp\/v2\/types\/page"}],"author":[{"embeddable":true,"href":"https:\/\/wordpress.educom.pt\/TIC-Portugal-19\/wp-json\/wp\/v2\/users\/9"}],"replies":[{"embeddable":true,"href":"https:\/\/wordpress.educom.pt\/TIC-Portugal-19\/wp-json\/wp\/v2\/comments?post=10718"}],"version-history":[{"count":1,"href":"https:\/\/wordpress.educom.pt\/TIC-Portugal-19\/wp-json\/wp\/v2\/pages\/10718\/revisions"}],"predecessor-version":[{"id":10719,"href":"https:\/\/wordpress.educom.pt\/TIC-Portugal-19\/wp-json\/wp\/v2\/pages\/10718\/revisions\/10719"}],"up":[{"embeddable":true,"href":"https:\/\/wordpress.educom.pt\/TIC-Portugal-19\/wp-json\/wp\/v2\/pages\/10299"}],"wp:attachment":[{"href":"https:\/\/wordpress.educom.pt\/TIC-Portugal-19\/wp-json\/wp\/v2\/media?parent=10718"}],"curies":[{"name":"wp","href":"https:\/\/api.w.org\/{rel}","templated":true}]}}