{"id":10721,"date":"2019-06-26T17:09:14","date_gmt":"2019-06-26T16:09:14","guid":{"rendered":"http:\/\/wordpress.educom.pt\/TIC-Portugal-19\/?page_id=10721"},"modified":"2019-06-26T17:09:14","modified_gmt":"2019-06-26T16:09:14","slug":"milage-aprender-uma-app-para-aprender","status":"publish","type":"page","link":"https:\/\/wordpress.educom.pt\/TIC-Portugal-19\/programa\/programa-braga\/milage-aprender-uma-app-para-aprender\/","title":{"rendered":"MILAGE APRENDER+ uma APP para aprender"},"content":{"rendered":"<p style=\"text-align: center;\">Lara Almeida, Cl\u00e1udia Sousa<\/p>\n<p style=\"text-align: center;\">slaraalmeida@gmail.com;\u00a0\u00a0cmssousa@esas.pt<\/p>\n<p style=\"text-align: center;\">Escola Secund\u00e1ria de Vila Verde;\u00a0Escola EB 2,3 de Nogueira<\/p>\n<p>&nbsp;<\/p>\n<p><strong>Descri\u00e7\u00e3o:<\/strong><\/p>\n<p>No \u00e2mbito do projeto MILAGE (<em>MathematIcs bLended Augmented GamE<\/em>), financiado pela Uni\u00e3o Europeia e coordenado pela Universidade do Algarve, foi desenvolvida a aplica\u00e7\u00e3o MILAGE APRENDER+ para alunos portugueses, que est\u00e1 dispon\u00edvel gratuitamente para dispositivos m\u00f3veis com sistema operativo <em>Android, iOS e Windows<\/em>.<\/p>\n<p>&nbsp;<\/p>\n<p>Esta aplica\u00e7\u00e3o cont\u00e9m materiais para o ensino de todas as disciplinas organizados por anos de escolaridade, do 1.\u00ba ao 12.\u00ba ano, que podem ser utilizados em sala de aula ou fora desta, com total autonomia do aluno.<\/p>\n<p>&nbsp;<\/p>\n<p>Nesta sess\u00e3o pr\u00e1tica, os participantes podem experimentar e explorar a aplica\u00e7\u00e3o (na vers\u00e3o aluno) refletindo sobre as possibilidades da sua utiliza\u00e7\u00e3o em contexto de aprendizagem.<\/p>\n<p><strong>\u00a0<\/strong><\/p>\n<p><strong>Destinat\u00e1rios:<\/strong><\/p>\n<p>Docentes de todos os grupos disciplinares<\/p>\n<p><strong>Material que os professores dever\u00e3o levar para workshop:<\/strong><\/p>\n<p>De forma a agilizar o workshop, propomos que os participantes instalem previamente a aplica\u00e7\u00e3o Milage Aprender + nos seus <em>smartphones\/tablets<\/em>, descarregando a aplica\u00e7\u00e3o atrav\u00e9s da loja <em>Google Play<\/em> ou <em>App Store<\/em>.<\/p>\n","protected":false},"excerpt":{"rendered":"<p>Lara Almeida, Cl\u00e1udia Sousa slaraalmeida@gmail.com;\u00a0\u00a0cmssousa@esas.pt Escola Secund\u00e1ria de Vila Verde;\u00a0Escola EB 2,3 de Nogueira &nbsp; Descri\u00e7\u00e3o: No \u00e2mbito do projeto MILAGE (MathematIcs bLended Augmented GamE),&hellip;<\/p>\n","protected":false},"author":9,"featured_media":0,"parent":10299,"menu_order":0,"comment_status":"closed","ping_status":"closed","template":"","meta":[],"_links":{"self":[{"href":"https:\/\/wordpress.educom.pt\/TIC-Portugal-19\/wp-json\/wp\/v2\/pages\/10721"}],"collection":[{"href":"https:\/\/wordpress.educom.pt\/TIC-Portugal-19\/wp-json\/wp\/v2\/pages"}],"about":[{"href":"https:\/\/wordpress.educom.pt\/TIC-Portugal-19\/wp-json\/wp\/v2\/types\/page"}],"author":[{"embeddable":true,"href":"https:\/\/wordpress.educom.pt\/TIC-Portugal-19\/wp-json\/wp\/v2\/users\/9"}],"replies":[{"embeddable":true,"href":"https:\/\/wordpress.educom.pt\/TIC-Portugal-19\/wp-json\/wp\/v2\/comments?post=10721"}],"version-history":[{"count":1,"href":"https:\/\/wordpress.educom.pt\/TIC-Portugal-19\/wp-json\/wp\/v2\/pages\/10721\/revisions"}],"predecessor-version":[{"id":10722,"href":"https:\/\/wordpress.educom.pt\/TIC-Portugal-19\/wp-json\/wp\/v2\/pages\/10721\/revisions\/10722"}],"up":[{"embeddable":true,"href":"https:\/\/wordpress.educom.pt\/TIC-Portugal-19\/wp-json\/wp\/v2\/pages\/10299"}],"wp:attachment":[{"href":"https:\/\/wordpress.educom.pt\/TIC-Portugal-19\/wp-json\/wp\/v2\/media?parent=10721"}],"curies":[{"name":"wp","href":"https:\/\/api.w.org\/{rel}","templated":true}]}}