{"id":10731,"date":"2019-06-26T17:35:13","date_gmt":"2019-06-26T16:35:13","guid":{"rendered":"http:\/\/wordpress.educom.pt\/TIC-Portugal-19\/?page_id=10731"},"modified":"2019-06-26T17:35:13","modified_gmt":"2019-06-26T16:35:13","slug":"programa-apps-for-good-tecnologia-em-prol-da-cidadania","status":"publish","type":"page","link":"https:\/\/wordpress.educom.pt\/TIC-Portugal-19\/programa\/programa-monte-de-caparica\/programa-apps-for-good-tecnologia-em-prol-da-cidadania\/","title":{"rendered":"Programa Apps for Good: Tecnologia em prol da cidadania"},"content":{"rendered":"<p style=\"text-align: center;\">Matilde Buisel<\/p>\n<p style=\"text-align: center;\">Matilde.buisel@cdi.org.pt<\/p>\n<p style=\"text-align: center;\">CDI Portugal \/ Apps for Good<\/p>\n<p>&nbsp;<\/p>\n<p>O <em>Apps for Good<\/em> \u00e9 um programa educativo tecnol\u00f3gico que oferece uma metodologia de projeto \u00e0s escolas para adaptarem ao curr\u00edculo, cujo processo de aprendizagem \u00e9 centrado no aluno onde o professor adota o papel de orientador neste processo.<\/p>\n<p>Durante um ano letivo, o <em>Apps for Good<\/em> junta professores e alunos em equipas na cria\u00e7\u00e3o de uma <em>app<\/em> para resolver um problema da comunidade, tendo como base os 17 Objetivos de Desenvolvimento Sustent\u00e1vel das Na\u00e7\u00f5es Unidas. A sua metodologia promove nos alunos compet\u00eancias digitais e \u201c<em>soft skills<\/em>\u201d como o trabalho em equipa, colabora\u00e7\u00e3o, resolu\u00e7\u00e3o de problemas e comunica\u00e7\u00e3o das ideias. Nos professores \u00e9 desenvolvido essencialmente o trabalho colaborativo e a confian\u00e7a em adotar novas metodologias de ensino. Para a execu\u00e7\u00e3o do programa, as escolas t\u00eam acesso a uma plataforma online com os conte\u00fados necess\u00e1rios, uma rede de especialistas de apoio aos projetos, visitas de acompanhamento e ainda forma\u00e7\u00e3o creditada aos docentes.<\/p>\n<p>O programa faz parte de uma rede internacional &#8211; com origem no Reino Unido &#8211; e est\u00e1 em Portugal desde 2014, contando com cerca de 323 escolas, 836 professores e 9698 alunos em Portugal. Em 2019\/2020, vai ser lan\u00e7ada a sua 6\u00aa edi\u00e7\u00e3o.<\/p>\n","protected":false},"excerpt":{"rendered":"<p>Matilde Buisel Matilde.buisel@cdi.org.pt CDI Portugal \/ Apps for Good &nbsp; O Apps for Good \u00e9 um programa educativo tecnol\u00f3gico que oferece uma metodologia de projeto&hellip;<\/p>\n","protected":false},"author":9,"featured_media":0,"parent":10402,"menu_order":0,"comment_status":"closed","ping_status":"closed","template":"","meta":[],"_links":{"self":[{"href":"https:\/\/wordpress.educom.pt\/TIC-Portugal-19\/wp-json\/wp\/v2\/pages\/10731"}],"collection":[{"href":"https:\/\/wordpress.educom.pt\/TIC-Portugal-19\/wp-json\/wp\/v2\/pages"}],"about":[{"href":"https:\/\/wordpress.educom.pt\/TIC-Portugal-19\/wp-json\/wp\/v2\/types\/page"}],"author":[{"embeddable":true,"href":"https:\/\/wordpress.educom.pt\/TIC-Portugal-19\/wp-json\/wp\/v2\/users\/9"}],"replies":[{"embeddable":true,"href":"https:\/\/wordpress.educom.pt\/TIC-Portugal-19\/wp-json\/wp\/v2\/comments?post=10731"}],"version-history":[{"count":1,"href":"https:\/\/wordpress.educom.pt\/TIC-Portugal-19\/wp-json\/wp\/v2\/pages\/10731\/revisions"}],"predecessor-version":[{"id":10732,"href":"https:\/\/wordpress.educom.pt\/TIC-Portugal-19\/wp-json\/wp\/v2\/pages\/10731\/revisions\/10732"}],"up":[{"embeddable":true,"href":"https:\/\/wordpress.educom.pt\/TIC-Portugal-19\/wp-json\/wp\/v2\/pages\/10402"}],"wp:attachment":[{"href":"https:\/\/wordpress.educom.pt\/TIC-Portugal-19\/wp-json\/wp\/v2\/media?parent=10731"}],"curies":[{"name":"wp","href":"https:\/\/api.w.org\/{rel}","templated":true}]}}