{"id":10737,"date":"2019-06-26T17:50:23","date_gmt":"2019-06-26T16:50:23","guid":{"rendered":"http:\/\/wordpress.educom.pt\/TIC-Portugal-19\/?page_id=10737"},"modified":"2019-06-26T17:50:23","modified_gmt":"2019-06-26T16:50:23","slug":"exploracao-dos-jardins-do-palacio-dos-condes-de-anadia","status":"publish","type":"page","link":"https:\/\/wordpress.educom.pt\/TIC-Portugal-19\/programa\/programa-vale-de-cambra\/exploracao-dos-jardins-do-palacio-dos-condes-de-anadia\/","title":{"rendered":"Explora\u00e7\u00e3o dos Jardins do Pal\u00e1cio dos Condes de Anadia"},"content":{"rendered":"<p style=\"text-align: center;\">F\u00e1bio Fonseca Ribeiro; Equipa da Academi@ STEM Mangualde<\/p>\n<p style=\"text-align: center;\">fabioribeiro@ua.pt; stemmangualde@edufor.pt<\/p>\n<p style=\"text-align: center;\">C\u00e2mara Municipal de Mangualde\/EduFor\/Agrupamento de Escolas de Mangualde<\/p>\n<p style=\"text-align: center;\">\n<p>No \u00e2mbito do projeto Academi@STEM Mangualde, desenvolveu-se uma atividade <em>outdoor<\/em>, nos jardins do Pal\u00e1cio dos Condes de Anadia (Mangualde), para alunos do 5.\u00ba Ano de escolaridade.<\/p>\n<p>Nesta atividade, de natureza STEM\/interdisciplinar, os alunos tiveram oportunidade de explorar os jardins do Pal\u00e1cio realizando um jogo que incidiu na procura de determinados pontos ao longo destes, com recurso ao <em>Google Earth<\/em>.<\/p>\n<p>Em cada ponto assinalado no mapa criado a partir do <em>Google Earth<\/em>, e nos jardins identificados com um <em>QR code <\/em>impresso, os alunos teriam de efetuar a leitura dos mesmos com recurso \u00e0 aplica\u00e7\u00e3o <em>Actionbound<\/em> instalada em tabletes. Assim, cada grupo de alunos disp\u00f4s de a) um tablete com um jogo, criado a partir da aplica\u00e7\u00e3o <em>Actionbound, <\/em>que visava a explora\u00e7\u00e3o de quest\u00f5es de Ci\u00eancias, relacionadas com a fauna e flora, e de Matem\u00e1tica focadas no contexto, isto \u00e9, c\u00e1lculo de \u00e1reas, per\u00edmetro, volume, m\u00e1ximo divisor comum e; b) outro com o <em>Google Earth <\/em>para se orientarem no percurso a seguir.<\/p>\n<p>A tecnologia usada potenciou a transforma\u00e7\u00e3o de espa\u00e7os n\u00e3o formais em novos ambientes de aprendizagem, possibilitando a cria\u00e7\u00e3o de diferentes e inovadores meios de resolu\u00e7\u00e3o de problemas e desafios propostos.<\/p>\n<p>De entre v\u00e1rios resultados, destaca-se o envolvimento ativo dos alunos na realiza\u00e7\u00e3o das tarefas apresentadas com recurso a tecnologia. Atrav\u00e9s da aplica\u00e7\u00e3o de um question\u00e1rio foi poss\u00edvel atestar que os alunos gostaram de utilizar tecnologia, fazer v\u00eddeos para responder a desafios, usar o <em>Google<\/em> <em>Earth<\/em> para se orientarem no espa\u00e7o, de responder \u00e0s diferentes quest\u00f5es, desafios e miss\u00f5es atrav\u00e9s do jogo criado no <em>Actionbound.<\/em><\/p>\n","protected":false},"excerpt":{"rendered":"<p>F\u00e1bio Fonseca Ribeiro; Equipa da Academi@ STEM Mangualde fabioribeiro@ua.pt; stemmangualde@edufor.pt C\u00e2mara Municipal de Mangualde\/EduFor\/Agrupamento de Escolas de Mangualde No \u00e2mbito do projeto Academi@STEM Mangualde, desenvolveu-se&hellip;<\/p>\n","protected":false},"author":9,"featured_media":0,"parent":10465,"menu_order":0,"comment_status":"closed","ping_status":"closed","template":"","meta":[],"_links":{"self":[{"href":"https:\/\/wordpress.educom.pt\/TIC-Portugal-19\/wp-json\/wp\/v2\/pages\/10737"}],"collection":[{"href":"https:\/\/wordpress.educom.pt\/TIC-Portugal-19\/wp-json\/wp\/v2\/pages"}],"about":[{"href":"https:\/\/wordpress.educom.pt\/TIC-Portugal-19\/wp-json\/wp\/v2\/types\/page"}],"author":[{"embeddable":true,"href":"https:\/\/wordpress.educom.pt\/TIC-Portugal-19\/wp-json\/wp\/v2\/users\/9"}],"replies":[{"embeddable":true,"href":"https:\/\/wordpress.educom.pt\/TIC-Portugal-19\/wp-json\/wp\/v2\/comments?post=10737"}],"version-history":[{"count":1,"href":"https:\/\/wordpress.educom.pt\/TIC-Portugal-19\/wp-json\/wp\/v2\/pages\/10737\/revisions"}],"predecessor-version":[{"id":10738,"href":"https:\/\/wordpress.educom.pt\/TIC-Portugal-19\/wp-json\/wp\/v2\/pages\/10737\/revisions\/10738"}],"up":[{"embeddable":true,"href":"https:\/\/wordpress.educom.pt\/TIC-Portugal-19\/wp-json\/wp\/v2\/pages\/10465"}],"wp:attachment":[{"href":"https:\/\/wordpress.educom.pt\/TIC-Portugal-19\/wp-json\/wp\/v2\/media?parent=10737"}],"curies":[{"name":"wp","href":"https:\/\/api.w.org\/{rel}","templated":true}]}}