{"id":10745,"date":"2019-06-26T22:10:25","date_gmt":"2019-06-26T21:10:25","guid":{"rendered":"http:\/\/wordpress.educom.pt\/TIC-Portugal-19\/?page_id=10745"},"modified":"2019-06-26T22:27:26","modified_gmt":"2019-06-26T21:27:26","slug":"aesa-colaborativa-um-cenario-de-aprendizagem","status":"publish","type":"page","link":"https:\/\/wordpress.educom.pt\/TIC-Portugal-19\/programa\/programa-monte-de-caparica\/aesa-colaborativa-um-cenario-de-aprendizagem\/","title":{"rendered":"AESA Colaborativa \u2013 um cen\u00e1rio de aprendizagem (comunica\u00e7\u00e3o)"},"content":{"rendered":"<p style=\"text-align: center;\">Anabela Pereira, Margarida Batista, Marina Gab\u00e3o,<\/p>\n<p style=\"text-align: center;\">anabelapereira.inf@aesa.edu.pt; margaridabatista.inf@aesa.edu.pt; marinaveloso.inf@aesa.edu.pt<\/p>\n<p style=\"text-align: center;\">Agrupamento de Escolas de Santo Andr\u00e9<\/p>\n<p>&nbsp;<\/p>\n<p>Criaram-se cen\u00e1rios de aprendizagem colaborativa com turmas de 5.\u00ba ano e 7.\u00ba ano. Com o 5.\u00ba ano procedeu-se \u00e0 recolha, an\u00e1lise e tratamento de informa\u00e7\u00e3o (regras de conduta e de navega\u00e7\u00e3o segura na Internet), \u00e0 sele\u00e7\u00e3o de palavras-chave para cria\u00e7\u00e3o de bandas desenhadas e \u00e0 cria\u00e7\u00e3o do \u201ccontrato de utiliza\u00e7\u00e3o segura da Internet\u201d constru\u00eddo pelos pr\u00f3prios alunos. Para as turmas de 7.\u00ba ano, procedeu-se de modo id\u00eantico, mas os temas foram \u201cviol\u00eancia no namoro\u201d e <em>Cyberbulling<\/em>. O produto final foi a cria\u00e7\u00e3o de um v\u00eddeo.<\/p>\n<p>&nbsp;<\/p>\n<p>Objetivos:<\/p>\n<ul>\n<li>Desenvolver compet\u00eancias de pesquisa, sele\u00e7\u00e3o, an\u00e1lise e tratamento de informa\u00e7\u00e3o;<\/li>\n<li>Reconhecer e mobilizar regras de conduta no seu desenvolvimento\/aprendizagem e no respeito pelo outro;<\/li>\n<li>Aprender a utilizar ferramentas digitais e de comunica\u00e7\u00e3o colaborativa<\/li>\n<li>Reconhecer a import\u00e2ncia da partilha e divulga\u00e7\u00e3o das suas aprendizagens e como o fazer<\/li>\n<\/ul>\n<p>&nbsp;<\/p>\n<p>Os recursos e tecnologias utilizados foram: computador, internet, um motor de busca, um processador de texto, os aplicativos <em>online<\/em> <em>Mindmapfree<\/em>, <em>Makebeliefscomix<\/em>, <em>Kahoot<\/em> (5.\u00ba ano) e <em>MovieMaker<\/em> (7.\u00ba ano), <em>Edmodo<\/em> e <em>Padlet<\/em>.<\/p>\n<p>O cen\u00e1rio tornou os alunos mais respons\u00e1veis e ativos na constru\u00e7\u00e3o das suas aprendizagens e conhecimento, dando-lhes compet\u00eancias a n\u00edvel colaborativo e de comunica\u00e7\u00e3o. Como foi desenvolvido a n\u00edvel interdisciplinar e transdisciplinar tornou as aprendizagens mais significativas.<\/p>\n<p>Os professores sentiram que s\u00e3o capazes de utilizar novas formas mais cativantes e inovadoras de ensinar.<\/p>\n","protected":false},"excerpt":{"rendered":"<p>Anabela Pereira, Margarida Batista, Marina Gab\u00e3o, anabelapereira.inf@aesa.edu.pt; margaridabatista.inf@aesa.edu.pt; marinaveloso.inf@aesa.edu.pt Agrupamento de Escolas de Santo Andr\u00e9 &nbsp; Criaram-se cen\u00e1rios de aprendizagem colaborativa com turmas de 5.\u00ba&hellip;<\/p>\n","protected":false},"author":9,"featured_media":0,"parent":10402,"menu_order":0,"comment_status":"closed","ping_status":"closed","template":"","meta":[],"_links":{"self":[{"href":"https:\/\/wordpress.educom.pt\/TIC-Portugal-19\/wp-json\/wp\/v2\/pages\/10745"}],"collection":[{"href":"https:\/\/wordpress.educom.pt\/TIC-Portugal-19\/wp-json\/wp\/v2\/pages"}],"about":[{"href":"https:\/\/wordpress.educom.pt\/TIC-Portugal-19\/wp-json\/wp\/v2\/types\/page"}],"author":[{"embeddable":true,"href":"https:\/\/wordpress.educom.pt\/TIC-Portugal-19\/wp-json\/wp\/v2\/users\/9"}],"replies":[{"embeddable":true,"href":"https:\/\/wordpress.educom.pt\/TIC-Portugal-19\/wp-json\/wp\/v2\/comments?post=10745"}],"version-history":[{"count":3,"href":"https:\/\/wordpress.educom.pt\/TIC-Portugal-19\/wp-json\/wp\/v2\/pages\/10745\/revisions"}],"predecessor-version":[{"id":10749,"href":"https:\/\/wordpress.educom.pt\/TIC-Portugal-19\/wp-json\/wp\/v2\/pages\/10745\/revisions\/10749"}],"up":[{"embeddable":true,"href":"https:\/\/wordpress.educom.pt\/TIC-Portugal-19\/wp-json\/wp\/v2\/pages\/10402"}],"wp:attachment":[{"href":"https:\/\/wordpress.educom.pt\/TIC-Portugal-19\/wp-json\/wp\/v2\/media?parent=10745"}],"curies":[{"name":"wp","href":"https:\/\/api.w.org\/{rel}","templated":true}]}}