{"id":10764,"date":"2019-06-27T15:10:49","date_gmt":"2019-06-27T14:10:49","guid":{"rendered":"http:\/\/wordpress.educom.pt\/TIC-Portugal-19\/?page_id=10764"},"modified":"2019-07-02T23:17:19","modified_gmt":"2019-07-02T22:17:19","slug":"plataforma-khan-academy-aprender-matematica-de-forma-divertida-e-ao-ritmo-de-cada-um-sessao-pratica","status":"publish","type":"page","link":"https:\/\/wordpress.educom.pt\/TIC-Portugal-19\/programa\/programa-monte-de-caparica\/plataforma-khan-academy-aprender-matematica-de-forma-divertida-e-ao-ritmo-de-cada-um-sessao-pratica\/","title":{"rendered":"Plataforma Khan Academy \u2013 aprender matem\u00e1tica de forma divertida e ao ritmo de cada um (sess\u00e3o pr\u00e1tica)"},"content":{"rendered":"<p style=\"text-align: center;\">Susana Cola\u00e7o<\/p>\n<p style=\"text-align: center;\">Funda\u00e7\u00e3o Altice Portugal<\/p>\n<p>&nbsp;<\/p>\n<p>A Khan Academy em portugu\u00eas europeu \u00e9 uma plataforma educativa online gratuita e acess\u00edvel a todos, que permite que os alunos, atrav\u00e9s da resolu\u00e7\u00e3o de exerc\u00edcios e visualiza\u00e7\u00e3o de v\u00eddeos, aprendam matem\u00e1tica de uma forma diferente, divertida e ao seu ritmo.<\/p>\n<p><strong>\u00a0<\/strong>Lan\u00e7ada em fevereiro de 2017 pela Funda\u00e7\u00e3o Altice Portugal, a plataforma Khan Academy est\u00e1 dispon\u00edvel em <strong><u><a href=\"https:\/\/pt-pt.khanacademy.org\/\">https:\/\/pt-pt.khanacademy.org\/<\/a><\/u><\/strong>. Conta j\u00e1 com 50.000 utilizadores e 9 milh\u00f5es de minutos de utiliza\u00e7\u00e3o. Cont\u00e9m atualmente 23.500 exerc\u00edcios interativos e mais de 1.480 v\u00eddeos de matem\u00e1tica, sobretudo do ensino b\u00e1sico. A plataforma \u00e9 de f\u00e1cil navega\u00e7\u00e3o e pode tamb\u00e9m ser utilizada por professores e encarregados de educa\u00e7\u00e3o, disponibilizando relat\u00f3rios de progresso e permitindo a monitoriza\u00e7\u00e3o das aprendizagens.<\/p>\n<p>&nbsp;<\/p>\n<p>Neste workshop essencialmente pr\u00e1tico, os formandos ir\u00e3o receber a explica\u00e7\u00e3o te\u00f3rica e praticar no computador os seguintes campos da plataforma:<\/p>\n<p>&nbsp;<\/p>\n<ol>\n<li><strong> Introdu\u00e7\u00e3o:<\/strong><\/li>\n<\/ol>\n<ul>\n<li>O que \u00e9 a Khan Academy<\/li>\n<li>Khan Academy em Portugal<\/li>\n<li>Plataforma KA \u2013 introdu\u00e7\u00e3o<\/li>\n<\/ul>\n<p>&nbsp;<\/p>\n<ol>\n<li><strong> Perfil de Aluno:<\/strong><\/li>\n<\/ol>\n<ul>\n<li>Registar-se como aluno<\/li>\n<li>Ferramentas da plataforma<\/li>\n<li>Exerc\u00edcios<\/li>\n<\/ul>\n<p>&nbsp;<\/p>\n<ol start=\"2\">\n<li><strong> Perfil de Professor:<\/strong><\/li>\n<\/ol>\n<ul>\n<li>Registar-se como Professor\/Tutor<\/li>\n<li>Ferramentas da plataforma<\/li>\n<li>Exerc\u00edcios<\/li>\n<\/ul>\n<p>&nbsp;<\/p>\n<ol start=\"3\">\n<li><strong> Como utilizar os recursos da Khan Academy:<\/strong><\/li>\n<\/ol>\n<ul>\n<li>Sugest\u00f5es de Metodologias de utiliza\u00e7\u00e3o<\/li>\n<\/ul>\n<p>&nbsp;<\/p>\n<p>P\u00fablico Alvo:<\/p>\n<ul>\n<li>Professores do 1.\u00ba ciclo, professores de matem\u00e1tica do 2.\u00ba ciclo, professores de educa\u00e7\u00e3o especial e professores bibliotec\u00e1rios<\/li>\n<\/ul>\n<p>&nbsp;<\/p>\n<p>Material:<\/p>\n<ul>\n<li>Os participantes dever\u00e3o ter computador ou tablet para o desenvolvimento da sess\u00e3o.<\/li>\n<\/ul>\n<p>&nbsp;<\/p>\n","protected":false},"excerpt":{"rendered":"<p>Susana Cola\u00e7o Funda\u00e7\u00e3o Altice Portugal &nbsp; A Khan Academy em portugu\u00eas europeu \u00e9 uma plataforma educativa online gratuita e acess\u00edvel a todos, que permite que&hellip;<\/p>\n","protected":false},"author":9,"featured_media":0,"parent":10402,"menu_order":0,"comment_status":"closed","ping_status":"closed","template":"","meta":[],"_links":{"self":[{"href":"https:\/\/wordpress.educom.pt\/TIC-Portugal-19\/wp-json\/wp\/v2\/pages\/10764"}],"collection":[{"href":"https:\/\/wordpress.educom.pt\/TIC-Portugal-19\/wp-json\/wp\/v2\/pages"}],"about":[{"href":"https:\/\/wordpress.educom.pt\/TIC-Portugal-19\/wp-json\/wp\/v2\/types\/page"}],"author":[{"embeddable":true,"href":"https:\/\/wordpress.educom.pt\/TIC-Portugal-19\/wp-json\/wp\/v2\/users\/9"}],"replies":[{"embeddable":true,"href":"https:\/\/wordpress.educom.pt\/TIC-Portugal-19\/wp-json\/wp\/v2\/comments?post=10764"}],"version-history":[{"count":2,"href":"https:\/\/wordpress.educom.pt\/TIC-Portugal-19\/wp-json\/wp\/v2\/pages\/10764\/revisions"}],"predecessor-version":[{"id":10906,"href":"https:\/\/wordpress.educom.pt\/TIC-Portugal-19\/wp-json\/wp\/v2\/pages\/10764\/revisions\/10906"}],"up":[{"embeddable":true,"href":"https:\/\/wordpress.educom.pt\/TIC-Portugal-19\/wp-json\/wp\/v2\/pages\/10402"}],"wp:attachment":[{"href":"https:\/\/wordpress.educom.pt\/TIC-Portugal-19\/wp-json\/wp\/v2\/media?parent=10764"}],"curies":[{"name":"wp","href":"https:\/\/api.w.org\/{rel}","templated":true}]}}