{"id":10768,"date":"2019-06-27T15:17:06","date_gmt":"2019-06-27T14:17:06","guid":{"rendered":"http:\/\/wordpress.educom.pt\/TIC-Portugal-19\/?page_id=10768"},"modified":"2019-06-27T15:17:06","modified_gmt":"2019-06-27T14:17:06","slug":"potencialidades-e-desafios-da-impressao-3d","status":"publish","type":"page","link":"https:\/\/wordpress.educom.pt\/TIC-Portugal-19\/programa\/programa-setubal\/potencialidades-e-desafios-da-impressao-3d\/","title":{"rendered":"Potencialidades e desafios da impress\u00e3o 3D"},"content":{"rendered":"<p style=\"text-align: center;\">Ricardo Cl\u00e1udio<\/p>\n<p style=\"text-align: center;\">ricardo.claudio@estsetubal.ips.pt<\/p>\n<p style=\"text-align: center;\">Escola Superior de Tecnologias de Set\u00fabal do Instituto Polit\u00e9cnico de Set\u00fabal<\/p>\n<p>&nbsp;<\/p>\n<p>A impress\u00e3o 3D, ou fabrico aditivo, afirma-se cada vez mais como uma tecnologia revolucion\u00e1ria capaz de substituir os atuais processos de fabrico subtrativo. Nesta sess\u00e3o vai-se come\u00e7ar por preparar o processo de impress\u00e3o 3D a partir de um desenho, sendo apresentados algumas particularidades das tecnologias de impress\u00e3o 3D e aplica\u00e7\u00f5es pr\u00e1ticas. A sess\u00e3o termina com a apresenta\u00e7\u00e3o de alguns exemplos de aplica\u00e7\u00e3o no desenvolvimento de prot\u00f3tipos, no \u00e2mbito de unidades curriculares do IPS.<\/p>\n","protected":false},"excerpt":{"rendered":"<p>Ricardo Cl\u00e1udio ricardo.claudio@estsetubal.ips.pt Escola Superior de Tecnologias de Set\u00fabal do Instituto Polit\u00e9cnico de Set\u00fabal &nbsp; A impress\u00e3o 3D, ou fabrico aditivo, afirma-se cada vez mais&hellip;<\/p>\n","protected":false},"author":9,"featured_media":0,"parent":10330,"menu_order":0,"comment_status":"closed","ping_status":"closed","template":"","meta":[],"_links":{"self":[{"href":"https:\/\/wordpress.educom.pt\/TIC-Portugal-19\/wp-json\/wp\/v2\/pages\/10768"}],"collection":[{"href":"https:\/\/wordpress.educom.pt\/TIC-Portugal-19\/wp-json\/wp\/v2\/pages"}],"about":[{"href":"https:\/\/wordpress.educom.pt\/TIC-Portugal-19\/wp-json\/wp\/v2\/types\/page"}],"author":[{"embeddable":true,"href":"https:\/\/wordpress.educom.pt\/TIC-Portugal-19\/wp-json\/wp\/v2\/users\/9"}],"replies":[{"embeddable":true,"href":"https:\/\/wordpress.educom.pt\/TIC-Portugal-19\/wp-json\/wp\/v2\/comments?post=10768"}],"version-history":[{"count":1,"href":"https:\/\/wordpress.educom.pt\/TIC-Portugal-19\/wp-json\/wp\/v2\/pages\/10768\/revisions"}],"predecessor-version":[{"id":10769,"href":"https:\/\/wordpress.educom.pt\/TIC-Portugal-19\/wp-json\/wp\/v2\/pages\/10768\/revisions\/10769"}],"up":[{"embeddable":true,"href":"https:\/\/wordpress.educom.pt\/TIC-Portugal-19\/wp-json\/wp\/v2\/pages\/10330"}],"wp:attachment":[{"href":"https:\/\/wordpress.educom.pt\/TIC-Portugal-19\/wp-json\/wp\/v2\/media?parent=10768"}],"curies":[{"name":"wp","href":"https:\/\/api.w.org\/{rel}","templated":true}]}}