{"id":10798,"date":"2019-06-27T23:27:56","date_gmt":"2019-06-27T22:27:56","guid":{"rendered":"http:\/\/wordpress.educom.pt\/TIC-Portugal-19\/?page_id=10798"},"modified":"2019-06-27T23:29:40","modified_gmt":"2019-06-27T22:29:40","slug":"programa-santarem","status":"publish","type":"page","link":"https:\/\/wordpress.educom.pt\/TIC-Portugal-19\/programa\/programa-santarem\/","title":{"rendered":"Programa | Santar\u00e9m"},"content":{"rendered":"<p>Mais informa\u00e7\u00f5es <strong><a href=\"http:\/\/cctic.ese.ipsantarem.pt\/ticportugal\/\" target=\"_blank\" rel=\"noopener noreferrer\">AQUI<\/a><\/strong><\/p>\n<p>09h00 \u00e0s 09h30 | Rece\u00e7\u00e3o dos participantes<\/p>\n<p>09h30 \u00e0s 10h00 | Sess\u00e3o de Abertura<\/p>\n<p>10h00 \u00e0s 10h30 | Confer\u00eancia Plen\u00e1ria<\/p>\n<p><strong>Matem\u00e1tica &amp; Tecnologia, Todos Os Dias!<\/strong>, por Jos\u00e9 Paulo Viana<\/p>\n<p>10h30 \u00e0s 11h00 | Intervalo<\/p>\n<p>11h00 \u00e0s 13h00 | Comunica\u00e7\u00f5es e Partilha de Boas Pr\u00e1ticas<\/p>\n<ul>\n<li><strong>No mundo das plantas<\/strong>, Alexandra Maria Oliveira, Centro Escolar de Casais, Agrupamento de Escolas Templ\u00e1rios<\/li>\n<li><strong>Viagens de Gulliver<\/strong>, Liliana Melo, Paula Nunes e Paula Silva, Agrupamento de Escolas de Seia<\/li>\n<li><strong>Aprender a Aprender<\/strong>: oferta complementar no A.E. Alexandre Herculano\u201d, Risoleta Montez e Ana Fonseca, Agrupamento de Escolas Alexandre Herculano<\/li>\n<\/ul>\n<p><strong>Moderador<\/strong>: Jos\u00e9 Lu\u00eds Avelino, Diretor do Centro de Forma\u00e7\u00e3o de Associa\u00e7\u00e3o de Escolas Lez\u00edria Tejo.<\/p>\n<p>13h00 \u00e0s 14h30 | Almo\u00e7o livre<\/p>\n<p>14h30 \u00e0s 16h30 | Sess\u00f5es pr\u00e1ticas<\/p>\n<ul>\n<li><strong>1. Introdu\u00e7\u00e3o \u00e0s ci\u00eancias da programa\u00e7\u00e3o \u2013 uBbu e Scratch<\/strong>, Concei\u00e7\u00e3o Dur\u00e3o e Teresa Viras, Agrupamento de Escolas S\u00e1 da Bandeira<\/li>\n<li><strong>2. Potenciar as aprendizagens com o Powtoon \u2013 criar e inovar<\/strong>, Ana Loureiro, Departamento de Tecnologias Educativas, I.P. Santar\u00e9m, Escola Superior de Educa\u00e7\u00e3o<\/li>\n<li><strong>3. Dinamizar projetos eTwinning \u2013 pr\u00e1ticas colaborativas entre comunidades educativas<\/strong>, Manuela Farinha, Agrupamento de Escolas Alexandre Herculano<\/li>\n<\/ul>\n<p>16h30 \u00e0s 17h00 | Intervalo<\/p>\n<p>17h00 \u00e0s 17h30 | Mesa Redonda: coordenadores dos CC TIC participantes (videoconfer\u00eancia)<\/p>\n<p>17h30 \u00e0s 17h45 | Encerramento (videoconfer\u00eancia)<\/p>\n","protected":false},"excerpt":{"rendered":"<p>Mais informa\u00e7\u00f5es AQUI 09h00 \u00e0s 09h30 | Rece\u00e7\u00e3o dos participantes 09h30 \u00e0s 10h00 | Sess\u00e3o de Abertura 10h00 \u00e0s 10h30 | Confer\u00eancia Plen\u00e1ria Matem\u00e1tica &amp;&hellip;<\/p>\n","protected":false},"author":9,"featured_media":0,"parent":17,"menu_order":0,"comment_status":"closed","ping_status":"closed","template":"","meta":[],"_links":{"self":[{"href":"https:\/\/wordpress.educom.pt\/TIC-Portugal-19\/wp-json\/wp\/v2\/pages\/10798"}],"collection":[{"href":"https:\/\/wordpress.educom.pt\/TIC-Portugal-19\/wp-json\/wp\/v2\/pages"}],"about":[{"href":"https:\/\/wordpress.educom.pt\/TIC-Portugal-19\/wp-json\/wp\/v2\/types\/page"}],"author":[{"embeddable":true,"href":"https:\/\/wordpress.educom.pt\/TIC-Portugal-19\/wp-json\/wp\/v2\/users\/9"}],"replies":[{"embeddable":true,"href":"https:\/\/wordpress.educom.pt\/TIC-Portugal-19\/wp-json\/wp\/v2\/comments?post=10798"}],"version-history":[{"count":2,"href":"https:\/\/wordpress.educom.pt\/TIC-Portugal-19\/wp-json\/wp\/v2\/pages\/10798\/revisions"}],"predecessor-version":[{"id":10801,"href":"https:\/\/wordpress.educom.pt\/TIC-Portugal-19\/wp-json\/wp\/v2\/pages\/10798\/revisions\/10801"}],"up":[{"embeddable":true,"href":"https:\/\/wordpress.educom.pt\/TIC-Portugal-19\/wp-json\/wp\/v2\/pages\/17"}],"wp:attachment":[{"href":"https:\/\/wordpress.educom.pt\/TIC-Portugal-19\/wp-json\/wp\/v2\/media?parent=10798"}],"curies":[{"name":"wp","href":"https:\/\/api.w.org\/{rel}","templated":true}]}}