{"id":10811,"date":"2019-06-28T10:28:09","date_gmt":"2019-06-28T09:28:09","guid":{"rendered":"http:\/\/wordpress.educom.pt\/TIC-Portugal-19\/?page_id=10811"},"modified":"2019-06-28T10:28:09","modified_gmt":"2019-06-28T09:28:09","slug":"robo-anda-comunicacao","status":"publish","type":"page","link":"https:\/\/wordpress.educom.pt\/TIC-Portugal-19\/programa\/programa-faro\/robo-anda-comunicacao\/","title":{"rendered":"Rob\u00f4, anda! (comunica\u00e7\u00e3o)"},"content":{"rendered":"<p style=\"text-align: center;\"><strong>\u00a0<\/strong>Fernanda Filipe Rebelo da Silva<\/p>\n<p style=\"text-align: center;\">jipe@net.sapo.pt<\/p>\n<p style=\"text-align: center;\">Agrupamento de escolas Pinheiro e Rosa &#8211; Escola JI\/EB 1 da Concei\u00e7\u00e3o, Faro<\/p>\n<p>&nbsp;<\/p>\n<p>As crian\u00e7as gostam de rob\u00f4s e associam-nos ao movimento. Quando os alunos do 1.\u00ba ano pegaram pela primeira vez no rob\u00f4 ficaram \u00e0 espera de que este se movesse. Descobriram que o rob\u00f4, al\u00e9m de ser ligado a uma fonte energia, precisava de instru\u00e7\u00f5es. Em resultado desta observa\u00e7\u00e3o resultou o t\u00edtulo da comunica\u00e7\u00e3o.<\/p>\n<p>Com esta comunica\u00e7\u00e3o pretende-se mostrar o projeto (Prob\u00f3tica) das aulas da oferta complementar. Os alunos come\u00e7aram por fazer o projeto de um rob\u00f4. Trouxeram materiais recicl\u00e1veis e reutiliz\u00e1veis e constru\u00edram um rob\u00f4. Realizaram atividades direcionadas para o pensamento computacional, montaram um rob\u00f4, descobriram que tinham de aplicar os procedimentos do pensamento computacional e realizaram atividades de articula\u00e7\u00e3o curricular, com a ajuda do rob\u00f4.<\/p>\n","protected":false},"excerpt":{"rendered":"<p>\u00a0Fernanda Filipe Rebelo da Silva jipe@net.sapo.pt Agrupamento de escolas Pinheiro e Rosa &#8211; Escola JI\/EB 1 da Concei\u00e7\u00e3o, Faro &nbsp; As crian\u00e7as gostam de rob\u00f4s&hellip;<\/p>\n","protected":false},"author":9,"featured_media":0,"parent":10393,"menu_order":0,"comment_status":"closed","ping_status":"closed","template":"","meta":[],"_links":{"self":[{"href":"https:\/\/wordpress.educom.pt\/TIC-Portugal-19\/wp-json\/wp\/v2\/pages\/10811"}],"collection":[{"href":"https:\/\/wordpress.educom.pt\/TIC-Portugal-19\/wp-json\/wp\/v2\/pages"}],"about":[{"href":"https:\/\/wordpress.educom.pt\/TIC-Portugal-19\/wp-json\/wp\/v2\/types\/page"}],"author":[{"embeddable":true,"href":"https:\/\/wordpress.educom.pt\/TIC-Portugal-19\/wp-json\/wp\/v2\/users\/9"}],"replies":[{"embeddable":true,"href":"https:\/\/wordpress.educom.pt\/TIC-Portugal-19\/wp-json\/wp\/v2\/comments?post=10811"}],"version-history":[{"count":1,"href":"https:\/\/wordpress.educom.pt\/TIC-Portugal-19\/wp-json\/wp\/v2\/pages\/10811\/revisions"}],"predecessor-version":[{"id":10812,"href":"https:\/\/wordpress.educom.pt\/TIC-Portugal-19\/wp-json\/wp\/v2\/pages\/10811\/revisions\/10812"}],"up":[{"embeddable":true,"href":"https:\/\/wordpress.educom.pt\/TIC-Portugal-19\/wp-json\/wp\/v2\/pages\/10393"}],"wp:attachment":[{"href":"https:\/\/wordpress.educom.pt\/TIC-Portugal-19\/wp-json\/wp\/v2\/media?parent=10811"}],"curies":[{"name":"wp","href":"https:\/\/api.w.org\/{rel}","templated":true}]}}