{"id":10814,"date":"2019-06-28T11:08:30","date_gmt":"2019-06-28T10:08:30","guid":{"rendered":"http:\/\/wordpress.educom.pt\/TIC-Portugal-19\/?page_id=10814"},"modified":"2019-06-28T11:10:20","modified_gmt":"2019-06-28T10:10:20","slug":"aeen-uma-casa-com-muitos-destinos-comunicacao","status":"publish","type":"page","link":"https:\/\/wordpress.educom.pt\/TIC-Portugal-19\/programa\/programa-monte-de-caparica\/aeen-uma-casa-com-muitos-destinos-comunicacao\/","title":{"rendered":"AEEN: Uma casa com muitos destinos (comunica\u00e7\u00e3o)"},"content":{"rendered":"<p style=\"text-align: center;\">Rui Baltazar<\/p>\n<p style=\"text-align: center;\">baltazar.rui@gmail.com<\/p>\n<p style=\"text-align: center;\">Agrupamento de Escolas Em\u00eddio Navarro (AEEN) &#8211; Almada<\/p>\n<p>&nbsp;<\/p>\n<p>Ao longo dos \u00faltimos anos, o Agrupamento de Escolas Em\u00eddio Navarro em Almada, tem apostado na sua internacionaliza\u00e7\u00e3o. Para tal, tem apostado em projetos que permitam trazer mais conhecimento para a institui\u00e7\u00e3o, como \u00e9 o caso do eTwinning e do ERASMUS+.<\/p>\n<p>De m\u00e3os dadas com os 19 projetos e iniciativas que se encontram activas, est\u00e3o as TIC, as quais s\u00e3o parte fundamental.<\/p>\n<p>Ao longo desta apresenta\u00e7\u00e3o, ser\u00e1 poss\u00edvel tomar conhecimento do modo como as TIC t\u00eam contribu\u00eddo para o sucesso destes projectos e iniciativas.<\/p>\n","protected":false},"excerpt":{"rendered":"<p>Rui Baltazar baltazar.rui@gmail.com Agrupamento de Escolas Em\u00eddio Navarro (AEEN) &#8211; Almada &nbsp; Ao longo dos \u00faltimos anos, o Agrupamento de Escolas Em\u00eddio Navarro em Almada,&hellip;<\/p>\n","protected":false},"author":9,"featured_media":0,"parent":10402,"menu_order":0,"comment_status":"closed","ping_status":"closed","template":"","meta":[],"_links":{"self":[{"href":"https:\/\/wordpress.educom.pt\/TIC-Portugal-19\/wp-json\/wp\/v2\/pages\/10814"}],"collection":[{"href":"https:\/\/wordpress.educom.pt\/TIC-Portugal-19\/wp-json\/wp\/v2\/pages"}],"about":[{"href":"https:\/\/wordpress.educom.pt\/TIC-Portugal-19\/wp-json\/wp\/v2\/types\/page"}],"author":[{"embeddable":true,"href":"https:\/\/wordpress.educom.pt\/TIC-Portugal-19\/wp-json\/wp\/v2\/users\/9"}],"replies":[{"embeddable":true,"href":"https:\/\/wordpress.educom.pt\/TIC-Portugal-19\/wp-json\/wp\/v2\/comments?post=10814"}],"version-history":[{"count":2,"href":"https:\/\/wordpress.educom.pt\/TIC-Portugal-19\/wp-json\/wp\/v2\/pages\/10814\/revisions"}],"predecessor-version":[{"id":10817,"href":"https:\/\/wordpress.educom.pt\/TIC-Portugal-19\/wp-json\/wp\/v2\/pages\/10814\/revisions\/10817"}],"up":[{"embeddable":true,"href":"https:\/\/wordpress.educom.pt\/TIC-Portugal-19\/wp-json\/wp\/v2\/pages\/10402"}],"wp:attachment":[{"href":"https:\/\/wordpress.educom.pt\/TIC-Portugal-19\/wp-json\/wp\/v2\/media?parent=10814"}],"curies":[{"name":"wp","href":"https:\/\/api.w.org\/{rel}","templated":true}]}}