{"id":10836,"date":"2019-06-30T11:26:03","date_gmt":"2019-06-30T10:26:03","guid":{"rendered":"http:\/\/wordpress.educom.pt\/TIC-Portugal-19\/?page_id=10836"},"modified":"2019-06-30T11:26:03","modified_gmt":"2019-06-30T10:26:03","slug":"tic-no-1-o-ciclo-um-percurso-de-4-anos-comunicacao","status":"publish","type":"page","link":"https:\/\/wordpress.educom.pt\/TIC-Portugal-19\/programa\/programa-monte-de-caparica\/tic-no-1-o-ciclo-um-percurso-de-4-anos-comunicacao\/","title":{"rendered":"TIC no 1.\u00ba ciclo &#8211; um percurso de 4 anos (comunica\u00e7\u00e3o)"},"content":{"rendered":"<p style=\"text-align: center;\">Ant\u00f3nio Mansilha<\/p>\n<p style=\"text-align: center;\">antonio.mansilha@gmail.com<\/p>\n<p style=\"text-align: center;\">Agrupamento de Escolas D. Sancho II, Alij\u00f3<\/p>\n<p>&nbsp;<\/p>\n<p>As TIC foram introduzidas no 1.\u00ba ciclo do ensino b\u00e1sico, no Agrupamento de Escola D. Sancho II, Alij\u00f3, atrav\u00e9s da ades\u00e3o ao projeto-piloto \u201cInicia\u00e7\u00e3o \u00e0 Programa\u00e7\u00e3o no 1.\u00ba Ciclo do Ensino B\u00e1sico\u201d, promovido pela \u201cDire\u00e7\u00e3o-Geral da Educa\u00e7\u00e3o (DGE), no ano letivo 2015\/2016.<\/p>\n<p>Foi criada a disciplina de \u201cInicia\u00e7\u00e3o \u00e0 Programa\u00e7\u00e3o\u201d no formato de Oferta Complementar, para todos os alunos do 3.\u00ba e 4.\u00ba anos, com base as linhas orientadoras do Prob\u00f3tica &#8211; Programa\u00e7\u00e3o e Rob\u00f3tica no Ensino B\u00e1sico (ano letivo 2017\/2018), organizadas em quatro \u00e1reas das ci\u00eancias da computa\u00e7\u00e3o (Pensamento Computacional, Algoritmia, Programa\u00e7\u00e3o e Rob\u00f3tica). O trabalho desenvolvido, em regime de par pedag\u00f3gico com os professores titulares de turma, privilegiou a articula\u00e7\u00e3o interdisciplinar e a utiliza\u00e7\u00e3o de metodologias ativas de aprendizagem que resultaram na cria\u00e7\u00e3o de cen\u00e1rios de aprendizagem diversificados com a programa\u00e7\u00e3o e a rob\u00f3tica, concedendo intencionalidade aos conte\u00fados e \u00e0s aprendizagens realizadas.<\/p>\n<p>A disciplina ultrapassou \u201cfronteiras\u201d atrav\u00e9s do apoio e participa\u00e7\u00e3o em projetos, concursos e eventos e, tamb\u00e9m, pela divulga\u00e7\u00e3o das atividades nas redes sociais e imprensa, resultando no reconhecimento pela comunidade educativa, do trabalho realizado.<\/p>\n<p>A dinamiza\u00e7\u00e3o das atividades de programa\u00e7\u00e3o e rob\u00f3tica centradas em tem\u00e1ticas interdisciplinares e Cen\u00e1rios de Aprendizagem diversificados permitiu gerar sinergias, elevar os n\u00edveis motivacionais, contribuindo assim, para o desenvolvimento de capacidades associadas \u00e0 computa\u00e7\u00e3o, o aumento dos n\u00edveis de literacia digital dos alunos e a aquisi\u00e7\u00e3o de compet\u00eancias transversais ao curr\u00edculo.<\/p>\n","protected":false},"excerpt":{"rendered":"<p>Ant\u00f3nio Mansilha antonio.mansilha@gmail.com Agrupamento de Escolas D. Sancho II, Alij\u00f3 &nbsp; As TIC foram introduzidas no 1.\u00ba ciclo do ensino b\u00e1sico, no Agrupamento de Escola&hellip;<\/p>\n","protected":false},"author":9,"featured_media":0,"parent":10402,"menu_order":0,"comment_status":"closed","ping_status":"closed","template":"","meta":[],"_links":{"self":[{"href":"https:\/\/wordpress.educom.pt\/TIC-Portugal-19\/wp-json\/wp\/v2\/pages\/10836"}],"collection":[{"href":"https:\/\/wordpress.educom.pt\/TIC-Portugal-19\/wp-json\/wp\/v2\/pages"}],"about":[{"href":"https:\/\/wordpress.educom.pt\/TIC-Portugal-19\/wp-json\/wp\/v2\/types\/page"}],"author":[{"embeddable":true,"href":"https:\/\/wordpress.educom.pt\/TIC-Portugal-19\/wp-json\/wp\/v2\/users\/9"}],"replies":[{"embeddable":true,"href":"https:\/\/wordpress.educom.pt\/TIC-Portugal-19\/wp-json\/wp\/v2\/comments?post=10836"}],"version-history":[{"count":1,"href":"https:\/\/wordpress.educom.pt\/TIC-Portugal-19\/wp-json\/wp\/v2\/pages\/10836\/revisions"}],"predecessor-version":[{"id":10837,"href":"https:\/\/wordpress.educom.pt\/TIC-Portugal-19\/wp-json\/wp\/v2\/pages\/10836\/revisions\/10837"}],"up":[{"embeddable":true,"href":"https:\/\/wordpress.educom.pt\/TIC-Portugal-19\/wp-json\/wp\/v2\/pages\/10402"}],"wp:attachment":[{"href":"https:\/\/wordpress.educom.pt\/TIC-Portugal-19\/wp-json\/wp\/v2\/media?parent=10836"}],"curies":[{"name":"wp","href":"https:\/\/api.w.org\/{rel}","templated":true}]}}