{"id":10839,"date":"2019-06-30T11:39:32","date_gmt":"2019-06-30T10:39:32","guid":{"rendered":"http:\/\/wordpress.educom.pt\/TIC-Portugal-19\/?page_id=10839"},"modified":"2019-06-30T11:39:32","modified_gmt":"2019-06-30T10:39:32","slug":"o-ensino-da-bioetica-e-as-tic-comunicacao","status":"publish","type":"page","link":"https:\/\/wordpress.educom.pt\/TIC-Portugal-19\/programa\/programa-monte-de-caparica\/o-ensino-da-bioetica-e-as-tic-comunicacao\/","title":{"rendered":"O Ensino da Bio\u00e9tica e as TIC (comunica\u00e7\u00e3o)"},"content":{"rendered":"<p style=\"text-align: center;\">C\u00e9lia Maria de Brito Est\u00eav\u00e3o da Fonseca<\/p>\n<p style=\"text-align: center;\">cmbef48@hotmail.com<\/p>\n<p style=\"text-align: center;\">Escola E.B. 2, 3 El-Rei D. Manuel I &#8211; Alcochete<\/p>\n<p>&nbsp;<\/p>\n<p>A Bio\u00e9tica \u00e9 um campo do conhecimento que emergiu como tentativa de dar resposta \u00e0s mudan\u00e7as e aos desafios surgidos no s\u00e9c. XX, nas esferas individual, coletiva e ambiental decorrentes do antropocentrismo e tamb\u00e9m devido aos avan\u00e7os cient\u00edficos relacionados com o progresso das biotecnologias e da biomedicina.<\/p>\n<p>Com a perspetiva de que a tecnologia est\u00e1 a favor do homem e pode ser usada como ferramenta para ajudar ao desenvolvimento de compet\u00eancias, para agir como profissional na sociedade do conhecimento, os professores devem incluir na sua pr\u00e1tica pedag\u00f3gica, o uso das TIC.<\/p>\n<p>Os recursos de inform\u00e1tica n\u00e3o s\u00e3o o fim da aprendizagem, mas s\u00e3o os meios que podem instigar novas metodologias que levem os alunos a &#8220;aprender a aprender&#8221;, com interesse, com criatividade, com autonomia.<\/p>\n<p>Na verdade, as grandes tecnologias s\u00e3o de enorme utilidade para o desenvolvimento de trabalhos de projeto, dos mais variados tipos. Podem ser usadas, como ferramentas auxiliares que servem de suporte \u00e0 elabora\u00e7\u00e3o de textos, an\u00e1lise estat\u00edstica de dados, cria\u00e7\u00e3o de gr\u00e1ficos, consulta de base de dados.<\/p>\n<p>Neste contexto, o professor dever\u00e1 promover e articular projetos de aprendizagem que envolvam as TIC, principalmente quando est\u00e3o dispon\u00edveis nas escolas. Foi neste contexto que nasceu o Projeto de Bio\u00e9tica ConVIda, que procurou sensibilizar os alunos para quest\u00f5es da Bio\u00e9tica.<\/p>\n<p>O objetivo desta comunica\u00e7\u00e3o \u00e9 partilhar com os restantes colegas a experi\u00eancia de implementa\u00e7\u00e3o do Projeto de Bio\u00e9tica ConVida.<\/p>\n","protected":false},"excerpt":{"rendered":"<p>C\u00e9lia Maria de Brito Est\u00eav\u00e3o da Fonseca cmbef48@hotmail.com Escola E.B. 2, 3 El-Rei D. Manuel I &#8211; Alcochete &nbsp; A Bio\u00e9tica \u00e9 um campo do&hellip;<\/p>\n","protected":false},"author":9,"featured_media":0,"parent":10402,"menu_order":0,"comment_status":"closed","ping_status":"closed","template":"","meta":[],"_links":{"self":[{"href":"https:\/\/wordpress.educom.pt\/TIC-Portugal-19\/wp-json\/wp\/v2\/pages\/10839"}],"collection":[{"href":"https:\/\/wordpress.educom.pt\/TIC-Portugal-19\/wp-json\/wp\/v2\/pages"}],"about":[{"href":"https:\/\/wordpress.educom.pt\/TIC-Portugal-19\/wp-json\/wp\/v2\/types\/page"}],"author":[{"embeddable":true,"href":"https:\/\/wordpress.educom.pt\/TIC-Portugal-19\/wp-json\/wp\/v2\/users\/9"}],"replies":[{"embeddable":true,"href":"https:\/\/wordpress.educom.pt\/TIC-Portugal-19\/wp-json\/wp\/v2\/comments?post=10839"}],"version-history":[{"count":1,"href":"https:\/\/wordpress.educom.pt\/TIC-Portugal-19\/wp-json\/wp\/v2\/pages\/10839\/revisions"}],"predecessor-version":[{"id":10840,"href":"https:\/\/wordpress.educom.pt\/TIC-Portugal-19\/wp-json\/wp\/v2\/pages\/10839\/revisions\/10840"}],"up":[{"embeddable":true,"href":"https:\/\/wordpress.educom.pt\/TIC-Portugal-19\/wp-json\/wp\/v2\/pages\/10402"}],"wp:attachment":[{"href":"https:\/\/wordpress.educom.pt\/TIC-Portugal-19\/wp-json\/wp\/v2\/media?parent=10839"}],"curies":[{"name":"wp","href":"https:\/\/api.w.org\/{rel}","templated":true}]}}