{"id":10889,"date":"2019-07-02T08:53:58","date_gmt":"2019-07-02T07:53:58","guid":{"rendered":"http:\/\/wordpress.educom.pt\/TIC-Portugal-19\/?page_id=10889"},"modified":"2020-01-20T15:51:20","modified_gmt":"2020-01-20T14:51:20","slug":"blockchain-tecnologia-para-transformar-o-mundo","status":"publish","type":"page","link":"https:\/\/wordpress.educom.pt\/TIC-Portugal-19\/programa\/programa-monte-de-caparica\/blockchain-tecnologia-para-transformar-o-mundo\/","title":{"rendered":"Tecnologias na escola para transformar o mundo: uma abordagem curricular \u00e0 Tecnologia Blockchain e \u00e0s Criptomoedas"},"content":{"rendered":"<p style=\"text-align: center;\">Luis Antunes<\/p>\n<p style=\"text-align: center;\">luisantunes.angola@gmail.com<\/p>\n<p style=\"text-align: center;\">Instituto Superior Polit\u00e9cnico Lus\u00edada do Huambo &#8211; Angola<\/p>\n<p>&nbsp;<\/p>\n<p>A apresenta\u00e7\u00e3o conter\u00e1 uma proposta de a\u00e7\u00e3o de forma\u00e7\u00e3o, resultante do facto de estar em expans\u00e3o a n\u00edvel mundial, a tecnologia <em>Blockchain<\/em>, que tem atualmente no uso das criptomoedas a sua grande aplicabilidade pr\u00e1tica, devido \u00e0 populariza\u00e7\u00e3o de diversas opera\u00e7\u00f5es financeiras nos \u00faltimos tempos. A tecnologia <em>Blockchain <\/em>n\u00e3o \u00e9 ainda conhecedora do grande publico a n\u00edvel global, sendo a pouca oferta de forma\u00e7\u00e3o na \u00e1rea, um dos motivos, tendo em conta a sua muito recente exist\u00eancia, pois falamos de uma tecnologia que apareceu h\u00e1 apenas cerca de 10 anos e que s\u00f3 nos \u00faltimos tempos tem sido com alguma relev\u00e2ncia debatida \u00e0 escala mundial.<\/p>\n<p>Pretende-se nesta apresenta\u00e7\u00e3o transmitir de uma forma r\u00e1pida, simples e objetiva, os conhecimentos essenciais do mundo das criptomoedas, resultantes da aplica\u00e7\u00e3o da tecnologia <em>Blockchain<\/em> e o seu funcionamento de uma forma geral. O caso pr\u00e1tico apresentado assenta no <em>bitcoin<\/em>, a primeira criptomoeda descentralizada do mundo.<\/p>\n<p>Procura-se partilhar nesta apresenta\u00e7\u00e3o o potencial da tecnologia <em>Blockchain,<\/em> associada \u00e0 aprendizagem de novos conceitos financeiros e de uma linguagem pr\u00f3pria para facilitar opera\u00e7\u00f5es globais baseadas na utiliza\u00e7\u00e3o da criptomoeda, atrav\u00e9s da apresenta\u00e7\u00e3o do plano de estudos de uma a\u00e7\u00e3o de forma\u00e7\u00e3o que contemplar\u00e1 um enquadramento educativo inerente \u00e0 tecnologia <em>Blockchain <\/em>e \u00e0s criptomoedas.<\/p>\n<p>T\u00f3picos:<\/p>\n<ul>\n<li>Introdu\u00e7\u00e3o Te\u00f3rica \u00e0 Tecnologia <em>Blockchain <\/em>e \u00e0s Criptomoedas<\/li>\n<li>A face mais vis\u00edvel da Tecnologia <em>Blockchain<\/em>: o Bitcoin<\/li>\n<li>Demonstra\u00e7\u00e3o Pr\u00e1tica<\/li>\n<li>Aplica\u00e7\u00e3o da Tecnologia <em>Blockchain <\/em>para al\u00e9m das Criptomoedas: exemplos na Educa\u00e7\u00e3o e Sa\u00fade.<\/li>\n<\/ul>\n","protected":false},"excerpt":{"rendered":"<p>Luis Antunes luisantunes.angola@gmail.com Instituto Superior Polit\u00e9cnico Lus\u00edada do Huambo &#8211; Angola &nbsp; A apresenta\u00e7\u00e3o conter\u00e1 uma proposta de a\u00e7\u00e3o de forma\u00e7\u00e3o, resultante do facto de&hellip;<\/p>\n","protected":false},"author":9,"featured_media":0,"parent":10402,"menu_order":0,"comment_status":"closed","ping_status":"closed","template":"","meta":[],"_links":{"self":[{"href":"https:\/\/wordpress.educom.pt\/TIC-Portugal-19\/wp-json\/wp\/v2\/pages\/10889"}],"collection":[{"href":"https:\/\/wordpress.educom.pt\/TIC-Portugal-19\/wp-json\/wp\/v2\/pages"}],"about":[{"href":"https:\/\/wordpress.educom.pt\/TIC-Portugal-19\/wp-json\/wp\/v2\/types\/page"}],"author":[{"embeddable":true,"href":"https:\/\/wordpress.educom.pt\/TIC-Portugal-19\/wp-json\/wp\/v2\/users\/9"}],"replies":[{"embeddable":true,"href":"https:\/\/wordpress.educom.pt\/TIC-Portugal-19\/wp-json\/wp\/v2\/comments?post=10889"}],"version-history":[{"count":5,"href":"https:\/\/wordpress.educom.pt\/TIC-Portugal-19\/wp-json\/wp\/v2\/pages\/10889\/revisions"}],"predecessor-version":[{"id":11005,"href":"https:\/\/wordpress.educom.pt\/TIC-Portugal-19\/wp-json\/wp\/v2\/pages\/10889\/revisions\/11005"}],"up":[{"embeddable":true,"href":"https:\/\/wordpress.educom.pt\/TIC-Portugal-19\/wp-json\/wp\/v2\/pages\/10402"}],"wp:attachment":[{"href":"https:\/\/wordpress.educom.pt\/TIC-Portugal-19\/wp-json\/wp\/v2\/media?parent=10889"}],"curies":[{"name":"wp","href":"https:\/\/api.w.org\/{rel}","templated":true}]}}