{"id":10895,"date":"2019-07-02T09:14:07","date_gmt":"2019-07-02T08:14:07","guid":{"rendered":"http:\/\/wordpress.educom.pt\/TIC-Portugal-19\/?page_id=10895"},"modified":"2019-07-02T09:14:07","modified_gmt":"2019-07-02T08:14:07","slug":"a-tecnologia-na-aula-de-matematica-com-a-khan-academy","status":"publish","type":"page","link":"https:\/\/wordpress.educom.pt\/TIC-Portugal-19\/programa\/programa-monte-de-caparica\/a-tecnologia-na-aula-de-matematica-com-a-khan-academy\/","title":{"rendered":"A tecnologia na aula de matem\u00e1tica com a Khan Academy"},"content":{"rendered":"<p style=\"text-align: center;\">Ana Santiago, Ant\u00f3nio Domingos, Paula Teixeira<\/p>\n<p style=\"text-align: center;\">elisa_santiago@hotmail.com; amdd@fct.unl.pt; teixeirapca@gmail.com<\/p>\n<p style=\"text-align: center;\">ESEC do Instituto Polit\u00e9cnico de Coimbra &#8211; UIED\/FCT da Universidade Nova de Lisboa &#8211; UIED\/ AE Jo\u00e3o de Barros &#8211; UIED<\/p>\n<p>&nbsp;<\/p>\n<p>O projeto-piloto \u201cMatem\u00e1tica e Khan Academy\u201d resultou de uma parceria entre a Funda\u00e7\u00e3o PT, a Dire\u00e7\u00e3o Geral da Educa\u00e7\u00e3o e a EDUCOM e decorreu nos anos letivos 2016\/17 e 2017\/18 na zona Oeste do pa\u00eds. Este projeto teve como objetivo, entre outros, experimentar os recursos da Khan Academy e a sua adequa\u00e7\u00e3o \u00e0s condi\u00e7\u00f5es espec\u00edficas de ensino e aprendizagem nas escolas portuguesas.<\/p>\n<p>Foi desenvolvido um\u00a0trabalho de monitoriza\u00e7\u00e3o\u00a0que\u00a0esteve enquadrado no centro de investiga\u00e7\u00e3o <em>Unidade de Investiga\u00e7\u00e3o Educa\u00e7\u00e3o e Desenvolvimento<\/em>\u00a0(UIED-NOVAFCT) e teve como eixos orientadores: o processo de forma\u00e7\u00e3o dos professores; a integra\u00e7\u00e3o da Plataforma KA na Matem\u00e1tica; e o efeito da Plataforma KA na aprendizagem matem\u00e1tica dos alunos.<\/p>\n<p>Nesta comunica\u00e7\u00e3o\u00a0dar-se-\u00e1 conta do desenvolvimento destes\u00a0tr\u00eas eixos orientadores.<\/p>\n<p>&nbsp;<\/p>\n","protected":false},"excerpt":{"rendered":"<p>Ana Santiago, Ant\u00f3nio Domingos, Paula Teixeira elisa_santiago@hotmail.com; amdd@fct.unl.pt; teixeirapca@gmail.com ESEC do Instituto Polit\u00e9cnico de Coimbra &#8211; UIED\/FCT da Universidade Nova de Lisboa &#8211; UIED\/ AE&hellip;<\/p>\n","protected":false},"author":9,"featured_media":0,"parent":10402,"menu_order":0,"comment_status":"closed","ping_status":"closed","template":"","meta":[],"_links":{"self":[{"href":"https:\/\/wordpress.educom.pt\/TIC-Portugal-19\/wp-json\/wp\/v2\/pages\/10895"}],"collection":[{"href":"https:\/\/wordpress.educom.pt\/TIC-Portugal-19\/wp-json\/wp\/v2\/pages"}],"about":[{"href":"https:\/\/wordpress.educom.pt\/TIC-Portugal-19\/wp-json\/wp\/v2\/types\/page"}],"author":[{"embeddable":true,"href":"https:\/\/wordpress.educom.pt\/TIC-Portugal-19\/wp-json\/wp\/v2\/users\/9"}],"replies":[{"embeddable":true,"href":"https:\/\/wordpress.educom.pt\/TIC-Portugal-19\/wp-json\/wp\/v2\/comments?post=10895"}],"version-history":[{"count":1,"href":"https:\/\/wordpress.educom.pt\/TIC-Portugal-19\/wp-json\/wp\/v2\/pages\/10895\/revisions"}],"predecessor-version":[{"id":10896,"href":"https:\/\/wordpress.educom.pt\/TIC-Portugal-19\/wp-json\/wp\/v2\/pages\/10895\/revisions\/10896"}],"up":[{"embeddable":true,"href":"https:\/\/wordpress.educom.pt\/TIC-Portugal-19\/wp-json\/wp\/v2\/pages\/10402"}],"wp:attachment":[{"href":"https:\/\/wordpress.educom.pt\/TIC-Portugal-19\/wp-json\/wp\/v2\/media?parent=10895"}],"curies":[{"name":"wp","href":"https:\/\/api.w.org\/{rel}","templated":true}]}}