{"id":10929,"date":"2019-07-04T00:59:17","date_gmt":"2019-07-03T23:59:17","guid":{"rendered":"http:\/\/wordpress.educom.pt\/TIC-Portugal-19\/?page_id=10929"},"modified":"2020-01-10T16:06:30","modified_gmt":"2020-01-10T15:06:30","slug":"utilizacao-do-moodle-em-situacoes-de-formacao-de-professores-a-distancia","status":"publish","type":"page","link":"https:\/\/wordpress.educom.pt\/TIC-Portugal-19\/programa\/programa-monte-de-caparica\/utilizacao-do-moodle-em-situacoes-de-formacao-de-professores-a-distancia\/","title":{"rendered":"Utiliza\u00e7\u00e3o do Moodle em situa\u00e7\u00f5es de forma\u00e7\u00e3o de professores a dist\u00e2ncia"},"content":{"rendered":"<p style=\"text-align: center;\">Jo\u00e3o Mouro<\/p>\n<p style=\"text-align: center;\">jmouro@gmail.com<\/p>\n<p style=\"text-align: center;\">FCT\/UNL \u2013 Lab eLearning<\/p>\n<p>&nbsp;<\/p>\n<p>Nesta comunica\u00e7\u00e3o venho partilhar a minha experi\u00eancia pessoal enquanto formador de professores atrav\u00e9s da metodologia de forma\u00e7\u00e3o a dist\u00e2ncia.<\/p>\n<p>Sou formador de professores de v\u00e1rias \u00e1reas e tenho nos \u00faltimos anos dinamizados v\u00e1rias forma\u00e7\u00f5es, sejam presenciais, a dist\u00e2ncia ou mistas (b-learning).<\/p>\n<p>A maioria delas foram realizadas atrav\u00e9s de uma plataforma Moodle, e venho por isso partilhar as op\u00e7\u00f5es escolhidas (e o porqu\u00ea), desde conce\u00e7\u00e3o da forma\u00e7\u00e3o at\u00e9 \u00e0 sua implementa\u00e7\u00e3o atrav\u00e9s desta plataforma e todo o \u201cworkflow\u201d.<\/p>\n<p>Esta partilha em concreto ir\u00e1 ser sobre uma forma\u00e7\u00e3o inicial de \u201cPrezi\u201d, certificada como a\u00e7\u00e3o de forma\u00e7\u00e3o pelo CCPFC, e com a dura\u00e7\u00e3o de 15h, usando a plataforma Moodle da empresa ClickProfessor.<\/p>\n<p>&nbsp;<\/p>\n<ul>\n<li>Estrutura: S\u00edncrona | Ass\u00edncrona<\/li>\n<li>Avalia\u00e7\u00e3o: Quiz | Trabalho final | Relat\u00f3rio | Avalia\u00e7\u00e3o da Forma\u00e7\u00e3o\n<ul>\n<li style=\"list-style-type: none;\"><\/li>\n<\/ul>\n<\/li>\n<\/ul>\n<p>&nbsp;<\/p>\n<p>Ir\u00e1 tamb\u00e9m partilhar alguns dos \u201cfeedbacks\u201d deixados pelos formandos destas forma\u00e7\u00f5es, os quais s\u00e3o indicadores quer das mais valias quer dos obst\u00e1culos.<\/p>\n","protected":false},"excerpt":{"rendered":"<p>Jo\u00e3o Mouro jmouro@gmail.com FCT\/UNL \u2013 Lab eLearning &nbsp; Nesta comunica\u00e7\u00e3o venho partilhar a minha experi\u00eancia pessoal enquanto formador de professores atrav\u00e9s da metodologia de forma\u00e7\u00e3o&hellip;<\/p>\n","protected":false},"author":9,"featured_media":0,"parent":10402,"menu_order":0,"comment_status":"closed","ping_status":"closed","template":"","meta":[],"_links":{"self":[{"href":"https:\/\/wordpress.educom.pt\/TIC-Portugal-19\/wp-json\/wp\/v2\/pages\/10929"}],"collection":[{"href":"https:\/\/wordpress.educom.pt\/TIC-Portugal-19\/wp-json\/wp\/v2\/pages"}],"about":[{"href":"https:\/\/wordpress.educom.pt\/TIC-Portugal-19\/wp-json\/wp\/v2\/types\/page"}],"author":[{"embeddable":true,"href":"https:\/\/wordpress.educom.pt\/TIC-Portugal-19\/wp-json\/wp\/v2\/users\/9"}],"replies":[{"embeddable":true,"href":"https:\/\/wordpress.educom.pt\/TIC-Portugal-19\/wp-json\/wp\/v2\/comments?post=10929"}],"version-history":[{"count":4,"href":"https:\/\/wordpress.educom.pt\/TIC-Portugal-19\/wp-json\/wp\/v2\/pages\/10929\/revisions"}],"predecessor-version":[{"id":10986,"href":"https:\/\/wordpress.educom.pt\/TIC-Portugal-19\/wp-json\/wp\/v2\/pages\/10929\/revisions\/10986"}],"up":[{"embeddable":true,"href":"https:\/\/wordpress.educom.pt\/TIC-Portugal-19\/wp-json\/wp\/v2\/pages\/10402"}],"wp:attachment":[{"href":"https:\/\/wordpress.educom.pt\/TIC-Portugal-19\/wp-json\/wp\/v2\/media?parent=10929"}],"curies":[{"name":"wp","href":"https:\/\/api.w.org\/{rel}","templated":true}]}}