{"id":10931,"date":"2019-07-04T01:01:35","date_gmt":"2019-07-04T00:01:35","guid":{"rendered":"http:\/\/wordpress.educom.pt\/TIC-Portugal-19\/?page_id=10931"},"modified":"2020-01-10T16:15:09","modified_gmt":"2020-01-10T15:15:09","slug":"plugin-moodle-offline-quis-partilha-e-reflexao-sobre-a-sua-implementacao-nas-olimpiadas-da-biologia-2019","status":"publish","type":"page","link":"https:\/\/wordpress.educom.pt\/TIC-Portugal-19\/programa\/programa-monte-de-caparica\/plugin-moodle-offline-quis-partilha-e-reflexao-sobre-a-sua-implementacao-nas-olimpiadas-da-biologia-2019\/","title":{"rendered":"Plugin Moodle \u201cOffline Quiz\u201d \u2013 Partilha e Reflex\u00e3o sobre a sua implementa\u00e7\u00e3o nas Olimp\u00edadas da Biologia 2019"},"content":{"rendered":"<p style=\"text-align: center;\">Jo\u00e3o Mouro<\/p>\n<p style=\"text-align: center;\">jmouro@gmail.com<\/p>\n<p style=\"text-align: center;\">FCT\/UNL \u2013 Lab eLearning<\/p>\n<p>&nbsp;<\/p>\n<p>Esta comunica\u00e7\u00e3o pretende partilhar a experi\u00eancia decorrida este ano (2019), sobre a implementa\u00e7\u00e3o de um sistema de corre\u00e7\u00e3o autom\u00e1tica de testes atrav\u00e9s de digitaliza\u00e7\u00f5es e suportado na plataforma Moodle.<\/p>\n<p>As \u201cOlimp\u00edadas da Biologia\u201d decorrem todos os anos, e cada vez mais implicam uma carga log\u00edstica cada vez maior, fruto do aumento dos participantes.<\/p>\n<p>Nesse sentido foram pensadas algumas formas de automatizar e facilitar o processo de corre\u00e7\u00e3o das mesmas.<\/p>\n<p>Ap\u00f3s v\u00e1rias solu\u00e7\u00f5es pensadas optou se pela utiliza\u00e7\u00e3o do plugin Moodle \u201cOffline quiz\u201d.<\/p>\n<p>As raz\u00f5es da sua escolha foram:<\/p>\n<ul>\n<li>Grande n\u00famero de participantes \u2013 Este ano estiveram inscritos cerca de 20000 alunos.<\/li>\n<li>Necessidade de execu\u00e7\u00e3o do teste em simult\u00e2neo em v\u00e1rios pontos do pa\u00eds \u2013 Este ponto levou a optar por esta solu\u00e7\u00e3o, uma vez que sendo registado em papel e depois colocado no sistema, garantia que n\u00e3o dependia no momento de alguma infraestrutura.<\/li>\n<li>Menor erro \u2013 Com o aumento dos inscritos houve naturalmente um aumento das equipas de corre\u00e7\u00e3o e um aumento do erro associado as corre\u00e7\u00f5es. Atrav\u00e9s deste sistema foi poss\u00edvel diminuir o n\u00famero de elementos da equipa e redu\u00e7\u00e3o do erro associado.<\/li>\n<li>Dados estat\u00edsticos associados \u2013 Esta solu\u00e7\u00e3o permitiu ter na hora um conjunto de indicadores quanto as perguntas dos testes, percentagem por escola, por categoria, etc, que como era feito anteriormente alem de implicar um enorme consumo de tempo tamb\u00e9m estaria cada vez propenso ao erro.<\/li>\n<\/ul>\n<p>&nbsp;<\/p>\n<p>Nesta comunica\u00e7\u00e3o irei partilhar a implementa\u00e7\u00e3o, demonstrar exemplos, e colocar a discuss\u00e3o as mais valias consideradas, assim como os obst\u00e1culos com que nos deparamos.<\/p>\n<p>&nbsp;<\/p>\n","protected":false},"excerpt":{"rendered":"<p>Jo\u00e3o Mouro jmouro@gmail.com FCT\/UNL \u2013 Lab eLearning &nbsp; Esta comunica\u00e7\u00e3o pretende partilhar a experi\u00eancia decorrida este ano (2019), sobre a implementa\u00e7\u00e3o de um sistema de&hellip;<\/p>\n","protected":false},"author":9,"featured_media":0,"parent":10402,"menu_order":0,"comment_status":"closed","ping_status":"closed","template":"","meta":[],"_links":{"self":[{"href":"https:\/\/wordpress.educom.pt\/TIC-Portugal-19\/wp-json\/wp\/v2\/pages\/10931"}],"collection":[{"href":"https:\/\/wordpress.educom.pt\/TIC-Portugal-19\/wp-json\/wp\/v2\/pages"}],"about":[{"href":"https:\/\/wordpress.educom.pt\/TIC-Portugal-19\/wp-json\/wp\/v2\/types\/page"}],"author":[{"embeddable":true,"href":"https:\/\/wordpress.educom.pt\/TIC-Portugal-19\/wp-json\/wp\/v2\/users\/9"}],"replies":[{"embeddable":true,"href":"https:\/\/wordpress.educom.pt\/TIC-Portugal-19\/wp-json\/wp\/v2\/comments?post=10931"}],"version-history":[{"count":4,"href":"https:\/\/wordpress.educom.pt\/TIC-Portugal-19\/wp-json\/wp\/v2\/pages\/10931\/revisions"}],"predecessor-version":[{"id":10989,"href":"https:\/\/wordpress.educom.pt\/TIC-Portugal-19\/wp-json\/wp\/v2\/pages\/10931\/revisions\/10989"}],"up":[{"embeddable":true,"href":"https:\/\/wordpress.educom.pt\/TIC-Portugal-19\/wp-json\/wp\/v2\/pages\/10402"}],"wp:attachment":[{"href":"https:\/\/wordpress.educom.pt\/TIC-Portugal-19\/wp-json\/wp\/v2\/media?parent=10931"}],"curies":[{"name":"wp","href":"https:\/\/api.w.org\/{rel}","templated":true}]}}