{"id":10938,"date":"2019-07-04T01:19:57","date_gmt":"2019-07-04T00:19:57","guid":{"rendered":"http:\/\/wordpress.educom.pt\/TIC-Portugal-19\/?page_id=10938"},"modified":"2019-07-04T08:36:57","modified_gmt":"2019-07-04T07:36:57","slug":"a-interdisciplinaridade-no-projeto-gen1os","status":"publish","type":"page","link":"https:\/\/wordpress.educom.pt\/TIC-Portugal-19\/programa\/programa-monte-de-caparica\/a-interdisciplinaridade-no-projeto-gen1os\/","title":{"rendered":"A interdisciplinaridade no projeto Gen1os"},"content":{"rendered":"<p style=\"text-align: center;\">Maria Isabel Manteigas da Costa, Maria Lu\u00edsa Valezim Batista, Maria Madalena Bai\u00e3o Cardoso<\/p>\n<p style=\"text-align: center;\">isabelcosta@ruyluisgomes.org; luisabatista@ruyluisgomes.org; madalenacardoso@ruyluisgomes.org<\/p>\n<p style=\"text-align: center;\">Agrupamento de Escolas Professor Ruy Lu\u00eds Gomes, Almada<\/p>\n<p>Todos os alunos do 5.\u00ba ano foram desafiados a APRENDER |PROGRAMAR |CRIAR |PARTILHAR atrav\u00e9s da ferramenta educativa Scratch.<\/p>\n<p>As tem\u00e1ticas dos projetos curriculares das turmas foram o ponto de partida para a elabora\u00e7\u00e3o de um trabalho interdisciplinar, com o apoio dos formadores, da professora de TIC e da equipa da Biblioteca Escolar.<\/p>\n<p>As sess\u00f5es realizadas permitiram desenvolver nos alunos um conjunto de literacias essenciais \u00e0 aprendizagem e ao sucesso educativo, que incluem n\u00e3o s\u00f3 as compet\u00eancias b\u00e1sicas de leitura, da informa\u00e7\u00e3o e digitais, como tamb\u00e9m compet\u00eancias pessoais e sociais. Sempre motivados e empenhados, os alunos leram, escreveram, desenharam, pesquisaram, criaram hist\u00f3rias, gravaram di\u00e1logos, elaboraram quiz, \u2026 O resultado foi fant\u00e1stico!<\/p>\n<p>&nbsp;<\/p>\n<p>&nbsp;<\/p>\n","protected":false},"excerpt":{"rendered":"<p>Maria Isabel Manteigas da Costa, Maria Lu\u00edsa Valezim Batista, Maria Madalena Bai\u00e3o Cardoso isabelcosta@ruyluisgomes.org; luisabatista@ruyluisgomes.org; madalenacardoso@ruyluisgomes.org Agrupamento de Escolas Professor Ruy Lu\u00eds Gomes, Almada Todos&hellip;<\/p>\n","protected":false},"author":9,"featured_media":0,"parent":10402,"menu_order":0,"comment_status":"closed","ping_status":"closed","template":"","meta":[],"_links":{"self":[{"href":"https:\/\/wordpress.educom.pt\/TIC-Portugal-19\/wp-json\/wp\/v2\/pages\/10938"}],"collection":[{"href":"https:\/\/wordpress.educom.pt\/TIC-Portugal-19\/wp-json\/wp\/v2\/pages"}],"about":[{"href":"https:\/\/wordpress.educom.pt\/TIC-Portugal-19\/wp-json\/wp\/v2\/types\/page"}],"author":[{"embeddable":true,"href":"https:\/\/wordpress.educom.pt\/TIC-Portugal-19\/wp-json\/wp\/v2\/users\/9"}],"replies":[{"embeddable":true,"href":"https:\/\/wordpress.educom.pt\/TIC-Portugal-19\/wp-json\/wp\/v2\/comments?post=10938"}],"version-history":[{"count":2,"href":"https:\/\/wordpress.educom.pt\/TIC-Portugal-19\/wp-json\/wp\/v2\/pages\/10938\/revisions"}],"predecessor-version":[{"id":10949,"href":"https:\/\/wordpress.educom.pt\/TIC-Portugal-19\/wp-json\/wp\/v2\/pages\/10938\/revisions\/10949"}],"up":[{"embeddable":true,"href":"https:\/\/wordpress.educom.pt\/TIC-Portugal-19\/wp-json\/wp\/v2\/pages\/10402"}],"wp:attachment":[{"href":"https:\/\/wordpress.educom.pt\/TIC-Portugal-19\/wp-json\/wp\/v2\/media?parent=10938"}],"curies":[{"name":"wp","href":"https:\/\/api.w.org\/{rel}","templated":true}]}}