{"id":10941,"date":"2019-07-04T01:27:09","date_gmt":"2019-07-04T00:27:09","guid":{"rendered":"http:\/\/wordpress.educom.pt\/TIC-Portugal-19\/?page_id=10941"},"modified":"2019-07-04T01:27:09","modified_gmt":"2019-07-04T00:27:09","slug":"teachers-try-science-biodiversidade-na-quinta-do-bonaparte","status":"publish","type":"page","link":"https:\/\/wordpress.educom.pt\/TIC-Portugal-19\/programa\/programa-monte-de-caparica\/teachers-try-science-biodiversidade-na-quinta-do-bonaparte\/","title":{"rendered":"Teachers Try Science, Biodiversidade na Quinta do Bonaparte"},"content":{"rendered":"<p style=\"text-align: center;\">Ana Leal; Concei\u00e7\u00e3o Grancho; Francisco Zuzarte; Rita Arantes; Rita Esperan\u00e7a; Susana Fernandes<\/p>\n<p style=\"text-align: center;\">ana.leal@aetrafaria.pt; conceicao.grancho@aetrafaria.pt; francisco.zuzarte@aetrafaria.pt ;<\/p>\n<p style=\"text-align: center;\">\u00a0rita.arantes@aetrafaria.pt; rita.esperanca@aetrafaria.pt; susana.correia@aetrafaria.pt<\/p>\n<p style=\"text-align: center;\">Agrupamento de Escolas da Trafaria<\/p>\n<p>&nbsp;<\/p>\n<p>Neste ano letivo o Agrupamento de Escolas da Trafaria participou no projeto <em>Teachers Try Science<\/em>, abrangendo 8 turmas do pr\u00e9-escolar ao 3\u00ba ciclo. O projeto \u201dBiodiversidade na Quinta do Bonaparte\u201d surgiu de um convite feito pela IBM em parceria com a DGE e a EDUCOM para que professores e alunos sejam promotores do Ensino Experimental das Ci\u00eancias.<\/p>\n<p>Durante o seu desenvolvimento pretendeu-se promover uma\u00a0perspetiva multidisciplinar, n\u00e3o s\u00f3 nas diferentes \u00e1reas do curr\u00edculo do respetivo ciclo, mas tamb\u00e9m na articula\u00e7\u00e3o entre os alunos dos diferentes ciclos. Tamb\u00e9m a import\u00e2ncia da metodologia de projeto onde as crian\u00e7as partilham os saberes que j\u00e1 possuem e questionam de acordo com a sua curiosidade, a planifica\u00e7\u00e3o e o lan\u00e7amento do trabalho; onde as crian\u00e7as come\u00e7am a ganhar no\u00e7\u00e3o do fio condutor que t\u00eam que seguir, tornando-se essencial definir o que querem saber, onde v\u00e3o procurar, que recursos possuem, e como se v\u00e3o organizar, sabendo quem faz o qu\u00ea. Neste ponto os professores observam e orientam, aconselham e registam.<\/p>\n<p>Atendendo aos objetivos deste projeto, e desta forma essencialmente ao trabalho de articula\u00e7\u00e3o\/colaborativo entre ciclos, dentro da \u00e1rea das TIC, us\u00e1mos os computadores, tabletes, lupa digital, microsc\u00f3pio digital, m\u00e1quinas fotogr\u00e1ficas, smartphones. Os alunos elaboraram trabalhos e comunicaram utilizando diferentes softwares; Word, PowerPoint, Popplet, Paint, TuxPain, PhotoStory, Prezi, correio eletr\u00f3nico, blogue, PlantSnap, WhatsApp.<\/p>\n<p>&nbsp;<\/p>\n","protected":false},"excerpt":{"rendered":"<p>Ana Leal; Concei\u00e7\u00e3o Grancho; Francisco Zuzarte; Rita Arantes; Rita Esperan\u00e7a; Susana Fernandes ana.leal@aetrafaria.pt; conceicao.grancho@aetrafaria.pt; francisco.zuzarte@aetrafaria.pt ; \u00a0rita.arantes@aetrafaria.pt; rita.esperanca@aetrafaria.pt; susana.correia@aetrafaria.pt Agrupamento de Escolas da Trafaria &nbsp;&hellip;<\/p>\n","protected":false},"author":9,"featured_media":0,"parent":10402,"menu_order":0,"comment_status":"closed","ping_status":"closed","template":"","meta":[],"_links":{"self":[{"href":"https:\/\/wordpress.educom.pt\/TIC-Portugal-19\/wp-json\/wp\/v2\/pages\/10941"}],"collection":[{"href":"https:\/\/wordpress.educom.pt\/TIC-Portugal-19\/wp-json\/wp\/v2\/pages"}],"about":[{"href":"https:\/\/wordpress.educom.pt\/TIC-Portugal-19\/wp-json\/wp\/v2\/types\/page"}],"author":[{"embeddable":true,"href":"https:\/\/wordpress.educom.pt\/TIC-Portugal-19\/wp-json\/wp\/v2\/users\/9"}],"replies":[{"embeddable":true,"href":"https:\/\/wordpress.educom.pt\/TIC-Portugal-19\/wp-json\/wp\/v2\/comments?post=10941"}],"version-history":[{"count":1,"href":"https:\/\/wordpress.educom.pt\/TIC-Portugal-19\/wp-json\/wp\/v2\/pages\/10941\/revisions"}],"predecessor-version":[{"id":10942,"href":"https:\/\/wordpress.educom.pt\/TIC-Portugal-19\/wp-json\/wp\/v2\/pages\/10941\/revisions\/10942"}],"up":[{"embeddable":true,"href":"https:\/\/wordpress.educom.pt\/TIC-Portugal-19\/wp-json\/wp\/v2\/pages\/10402"}],"wp:attachment":[{"href":"https:\/\/wordpress.educom.pt\/TIC-Portugal-19\/wp-json\/wp\/v2\/media?parent=10941"}],"curies":[{"name":"wp","href":"https:\/\/api.w.org\/{rel}","templated":true}]}}