{"id":17,"date":"2019-03-24T00:03:30","date_gmt":"2019-03-23T23:03:30","guid":{"rendered":"http:\/\/wordpress.educom.pt\/TIC-Portugal-16\/?page_id=17"},"modified":"2019-07-04T22:07:34","modified_gmt":"2019-07-04T21:07:34","slug":"programa","status":"publish","type":"page","link":"https:\/\/wordpress.educom.pt\/TIC-Portugal-19\/programa\/","title":{"rendered":"Programa geral"},"content":{"rendered":"<p>09h00 \u00e0s 09h30 | Rece\u00e7\u00e3o dos participantes<\/p>\n<p>09h30 \u00e0s 10h00 | Sess\u00e3o de Abertura<\/p>\n<p style=\"padding-left: 120px;\">Monte de Caparica:<\/p>\n<p style=\"padding-left: 160px;\">Jo\u00e3o Correia de Freitas, Presidente Educom<br \/>\nMaria Jo\u00e3o Horta, Sub-diretora-geral, DGE<br \/>\nVirg\u00edlio Machado, Diretor da FCTUNL<\/p>\n<p style=\"padding-left: 120px;\">Faro:<\/p>\n<p style=\"padding-left: 160px;\">Alexandre Lima, Delegado Regional do Algarve da DGestE<br \/>\nCarlos Lu\u00eds, Diretor da Escola Secund\u00e1ria Jo\u00e3o de Deus<br \/>\nRog\u00e9rio Bacalhau, Presidente da CM de Faro<\/p>\n<p style=\"padding-left: 120px;\">Braga:<\/p>\n<p style=\"padding-left: 160px;\">Jos\u00e9 Herm\u00ednio Machado, AE Dr. Francisco Sanches<br \/>\nAnt\u00f3nio Os\u00f3rio, Coordenador do CCTIC-IEUM<br \/>\nRicardo Silva, Presidente da Junta de Freguesia de S. Victor<br \/>\nJorge Pires, Presidente da Junta de Freguesia de S. Vicente<br \/>\nL\u00eddia Dias, Vereadora da Educa\u00e7\u00e3o e Cultura da CMB<br \/>\nLeandro Almeida, Presidente do Instituto de Educa\u00e7\u00e3o da Universidade do Minho<\/p>\n<p style=\"padding-left: 120px;\">Bragan\u00e7a:<\/p>\n<p style=\"padding-left: 160px;\">Manuel Meirinhos, Coordenador CCTIC ESE\/IPB<br \/>\nAnt\u00f3nio Ribeiro Alves, Diretor da ESE<\/p>\n<p style=\"padding-left: 120px;\">Coimbra:<\/p>\n<p style=\"padding-left: 160px;\">Jaime Carvalho e Silva, Coordenador CCTIC Softci\u00eancias<br \/>\nManuel Esteves da Fonseca, diretor da Escola Secund\u00e1ria Avelar Brotero<\/p>\n<p style=\"padding-left: 120px;\">\u00c9vora:<\/p>\n<p style=\"padding-left: 160px;\">Jos\u00e9 Lu\u00eds Ramos, Coordenador CCTIC UE<\/p>\n<p style=\"padding-left: 160px;\">Paulo Lampreia Costa, Diretor do Departamento de Pedagogia e Educa\u00e7\u00e3o da UE<\/p>\n<p style=\"padding-left: 120px;\">Santar\u00e9m:<\/p>\n<p style=\"padding-left: 160px;\">Cristina Novo, Coordenadora CCTIC ESE\/IPS<\/p>\n<p style=\"padding-left: 120px;\">Set\u00fabal:<\/p>\n<p style=\"padding-left: 160px;\">Miguel Figueiredo Coordenador CCTIC ESE\/IPS<br \/>\nCristina Gomes da Silva, Diretora da ESE<\/p>\n<p style=\"padding-left: 120px;\">Vale de Cambra (Aveiro):<\/p>\n<p style=\"padding-left: 160px;\">Isabel Cabrita, Coordenadora CCTIC UA<br \/>\nAnt\u00f3nio silva, ERTE\/DGE<\/p>\n<p>10h00 \u00e0s 10h30 | Confer\u00eancia Plen\u00e1ria<\/p>\n<p style=\"padding-left: 120px;\"><strong><u><a href=\"https:\/\/wordpress.educom.pt\/TIC-Portugal-19\/matematica-tecnologia-todos-os-dias\/\" target=\"_blank\" rel=\"noopener noreferrer\">Matem\u00e1tica &amp; Tecnologia, Todos Os Dias<\/a><\/u>!<\/strong>, por Jos\u00e9 Paulo Viana<\/p>\n<p>10h30 \u00e0s 11h00 | Intervalo<\/p>\n<p>11h00 \u00e0s 13h00 | Comunica\u00e7\u00f5es e Partilha de Boas Pr\u00e1ticas<\/p>\n<p style=\"padding-left: 30px;\">Programas locais (<strong><a href=\"https:\/\/wordpress.educom.pt\/TIC-Portugal-19\/programa\/programa-monte-de-caparica\/\" target=\"_blank\" rel=\"noopener noreferrer\">Monte de Caparica<\/a><\/strong>, <a href=\"https:\/\/wordpress.educom.pt\/TIC-Portugal-19\/programa\/programa-faro\/\" target=\"_blank\" rel=\"noopener noreferrer\"><strong>Faro<\/strong><\/a>, <a href=\"https:\/\/wordpress.educom.pt\/TIC-Portugal-19\/programa\/programa-braga\/\" target=\"_blank\" rel=\"noopener noreferrer\"><strong>Braga<\/strong><\/a>, <a href=\"https:\/\/wordpress.educom.pt\/TIC-Portugal-19\/programa\/programa-braganca\/\" target=\"_blank\" rel=\"noopener noreferrer\"><strong>Bragan\u00e7a<\/strong><\/a>, <a href=\"https:\/\/wordpress.educom.pt\/TIC-Portugal-19\/programa\/programa-coimbra\/\" target=\"_blank\" rel=\"noopener noreferrer\"><strong>Coimbra<\/strong><\/a>, <a href=\"https:\/\/ccticue.wixsite.com\/ticportugal-evora\/comunicacoes\" target=\"_blank\" rel=\"noopener noreferrer\"><strong>\u00c9vora<\/strong><\/a>, <strong><a href=\"https:\/\/wordpress.educom.pt\/TIC-Portugal-19\/programa\/programa-santarem\/\" target=\"_blank\" rel=\"noopener noreferrer\">Santar\u00e9m<\/a><\/strong>, <strong><a href=\"https:\/\/wordpress.educom.pt\/TIC-Portugal-19\/programa\/programa-setubal\/\" target=\"_blank\" rel=\"noopener noreferrer\">Set\u00fabal<\/a><\/strong>, <strong><a href=\"https:\/\/wordpress.educom.pt\/TIC-Portugal-19\/programa\/programa-vale-de-cambra\/\" target=\"_blank\" rel=\"noopener noreferrer\">Vale de Cambra &#8211; Aveiro<\/a>)<\/strong><\/p>\n<p>13h00 \u00e0s 14h30 | Almo\u00e7o livre<\/p>\n<p>14h30 \u00e0s 16h30 | Sess\u00f5es pr\u00e1ticas<\/p>\n<p style=\"padding-left: 30px;\">Programas locais (<strong><a href=\"https:\/\/wordpress.educom.pt\/TIC-Portugal-19\/programa\/programa-monte-de-caparica\/\" target=\"_blank\" rel=\"noopener noreferrer\">Monte de Caparica<\/a><\/strong>, <a href=\"https:\/\/wordpress.educom.pt\/TIC-Portugal-19\/programa\/programa-faro\/\" target=\"_blank\" rel=\"noopener noreferrer\"><strong>Faro<\/strong><\/a>, <a href=\"https:\/\/wordpress.educom.pt\/TIC-Portugal-19\/programa\/programa-braga\/\" target=\"_blank\" rel=\"noopener noreferrer\"><strong>Braga<\/strong><\/a>, <a href=\"https:\/\/wordpress.educom.pt\/TIC-Portugal-19\/programa\/programa-braganca\/\" target=\"_blank\" rel=\"noopener noreferrer\"><strong>Bragan\u00e7a<\/strong><\/a>, <a href=\"https:\/\/wordpress.educom.pt\/TIC-Portugal-19\/programa\/programa-coimbra\/\" target=\"_blank\" rel=\"noopener noreferrer\"><strong>Coimbra<\/strong><\/a>, <a href=\"https:\/\/ccticue.wixsite.com\/ticportugal-evora\/comunicacoes\" target=\"_blank\" rel=\"noopener noreferrer\"><strong>\u00c9vora<\/strong><\/a>, <strong><a href=\"https:\/\/wordpress.educom.pt\/TIC-Portugal-19\/programa\/programa-santarem\/\" target=\"_blank\" rel=\"noopener noreferrer\">Santar\u00e9m<\/a><\/strong>, <strong><a href=\"https:\/\/wordpress.educom.pt\/TIC-Portugal-19\/programa\/programa-setubal\/\" target=\"_blank\" rel=\"noopener noreferrer\">Set\u00fabal<\/a><\/strong>, <strong><a href=\"https:\/\/wordpress.educom.pt\/TIC-Portugal-19\/programa\/programa-vale-de-cambra\/\" target=\"_blank\" rel=\"noopener noreferrer\">Vale de Cambra &#8211; Aveiro<\/a>)<\/strong><\/p>\n<p>16h30 \u00e0s 17h00 | Intervalo<\/p>\n<p>17h00 \u00e0s 17h30 | Mesa Redonda: coordenadores dos CC TIC participantes (videoconfer\u00eancia)<\/p>\n<p>17h30 \u00e0s 17h45 | Encerramento (videoconfer\u00eancia)<\/p>\n<p>&nbsp;<\/p>\n<p>&nbsp;<\/p>\n<p><strong>Contacto<\/strong><\/p>\n<p><strong>Email:<\/strong><\/p>\n<p><a href=\"mailto:tic.portugal@educom.pt\">tic.portugal@educom.pt<\/a><\/p>\n<p><strong>Tlm:<\/strong><\/p>\n<p>96 73 01 886 (David Costa)<br \/>\n96 50 28 719 (V\u00edtor Godinho Lopes)<\/p>\n","protected":false},"excerpt":{"rendered":"<p>09h00 \u00e0s 09h30 | Rece\u00e7\u00e3o dos participantes 09h30 \u00e0s 10h00 | Sess\u00e3o de Abertura Monte de Caparica: Jo\u00e3o Correia de Freitas, Presidente Educom Maria Jo\u00e3o&hellip;<\/p>\n","protected":false},"author":9,"featured_media":0,"parent":0,"menu_order":0,"comment_status":"closed","ping_status":"closed","template":"","meta":[],"_links":{"self":[{"href":"https:\/\/wordpress.educom.pt\/TIC-Portugal-19\/wp-json\/wp\/v2\/pages\/17"}],"collection":[{"href":"https:\/\/wordpress.educom.pt\/TIC-Portugal-19\/wp-json\/wp\/v2\/pages"}],"about":[{"href":"https:\/\/wordpress.educom.pt\/TIC-Portugal-19\/wp-json\/wp\/v2\/types\/page"}],"author":[{"embeddable":true,"href":"https:\/\/wordpress.educom.pt\/TIC-Portugal-19\/wp-json\/wp\/v2\/users\/9"}],"replies":[{"embeddable":true,"href":"https:\/\/wordpress.educom.pt\/TIC-Portugal-19\/wp-json\/wp\/v2\/comments?post=17"}],"version-history":[{"count":74,"href":"https:\/\/wordpress.educom.pt\/TIC-Portugal-19\/wp-json\/wp\/v2\/pages\/17\/revisions"}],"predecessor-version":[{"id":10974,"href":"https:\/\/wordpress.educom.pt\/TIC-Portugal-19\/wp-json\/wp\/v2\/pages\/17\/revisions\/10974"}],"wp:attachment":[{"href":"https:\/\/wordpress.educom.pt\/TIC-Portugal-19\/wp-json\/wp\/v2\/media?parent=17"}],"curies":[{"name":"wp","href":"https:\/\/api.w.org\/{rel}","templated":true}]}}